{"id":57185,"date":"2024-09-02T18:45:37","date_gmt":"2024-09-02T18:45:37","guid":{"rendered":"https:\/\/brandss.com.py\/index\/?post_type=product&#038;p=57185"},"modified":"2026-01-10T16:58:31","modified_gmt":"2026-01-10T16:58:31","slug":"calzado-deportivo-masculino-puma-doublecourt-2","status":"publish","type":"product","link":"https:\/\/brandss.com.py\/index\/producto\/calzado-deportivo-masculino-puma-doublecourt-2\/","title":{"rendered":"CALZADO DEPORTIVO MASCULINO PUMA DOUBLECOURT"},"content":{"rendered":"<p><img loading=\"lazy\" decoding=\"async\" class=\"\" src=\"https:\/\/1000logos.net\/wp-content\/uploads\/2021\/04\/Puma-logo.png\" alt=\"PUMA Logo and symbol, meaning, history, PNG, brand\" width=\"131\" height=\"65\" \/><\/p>\n<h1>DOUBLECOURT.<\/h1>\n<p>Los calzados bajos Puma\u00a0Doublecourt para hombre son la elecci\u00f3n perfecta para un estilo informal en la temporada de primavera, verano u oto\u00f1o. Ser\u00e1n una excelente adici\u00f3n a tu estilo cotidiano, luciendo a la moda y elegantes en diferentes situaciones.<\/p>\n<p>Conoce PUMA Doublecourt, nuestra nueva versi\u00f3n de la herencia de cancha de PUMA, con una forma moderna y detalles refinados que puedes ver en la mezcla de cuero en la parte superior.<\/p>\n<h3>CARACTER\u00cdSTICAS Y BENEFICIOS<\/h3>\n<ul>\n<li>La parte superior de este calzado est\u00e1 hecha con al menos un 20% de materiales reciclados como un paso hacia un futuro mejor.<\/li>\n<li>Cuello y cuarto sint\u00e9ticos<\/li>\n<li>Empeine de cuero con perforaciones.<\/li>\n<li>Superposiciones de cuero en la puntera y el tal\u00f3n<\/li>\n<li>Franja de forma sint\u00e9tica y ojal<\/li>\n<li>Marca Puma serigrafiada y grabada en el lateral y el tal\u00f3n<\/li>\n<li>Etiqueta tejida en la leng\u00fceta con la marca PUMA<\/li>\n<li>Entresuela IMEVA<\/li>\n<li>Suela de goma<\/li>\n<\/ul>\n<p><strong>Peculiaridades:<\/strong><\/p>\n<ul>\n<li>El dise\u00f1o monocrom\u00e1tico los hace vers\u00e1tiles y f\u00e1ciles de combinar con cualquier conjunto.<\/li>\n<li>Interior textil para mayor comodidad.<\/li>\n<li>La suela de goma es duradera y resistente a da\u00f1os.<\/li>\n<li>Cordones cl\u00e1sicos para un ajuste perfecto.<\/li>\n<li>Decorado con elementos de marca que aportan un plus de originalidad.<\/li>\n<\/ul>\n<p><strong>Instrucciones de cuidado:<\/strong><\/p>\n<ul>\n<li>Limpie peri\u00f3dicamente sus zapatos de la suciedad con un cepillo suave o una esponja.<\/li>\n<li>Despu\u00e9s de cada uso, seque los zapatos evitando el calor.<\/li>\n<li>Evite mojarse mucho mientras lo usa.<\/li>\n<li>Guarde los zapatos utilizando inserciones especiales o papel para mantener su forma.<\/li>\n<\/ul>\n<p>&nbsp;<\/p>\n<p><strong>Detalles:\u00a0<\/strong><\/p>\n<p><strong>Marca: <\/strong>Puma.<\/p>\n<p><strong>Modelo:<\/strong> 393284-04.<\/p>\n<p><strong>G\u00e9nero:<\/strong> Masculino.<\/p>\n<p><strong>Color: <\/strong>Negro-Gris Sombra<\/p>\n","protected":false},"excerpt":{"rendered":"<p>DOUBLECOURT. Los calzados bajos Puma\u00a0Doublecourt para hombre son la elecci\u00f3n perfecta para un estilo informal en la temporada de primavera,<\/p>\n","protected":false},"featured_media":57186,"comment_status":"open","ping_status":"closed","template":"","meta":{"nf_dc_page":""},"product_brand":[2306],"product_cat":[76],"product_tag":[2394],"class_list":{"0":"post-57185","1":"product","2":"type-product","3":"status-publish","4":"has-post-thumbnail","6":"product_brand-puma","7":"product_cat-masculino","8":"product_tag-2394","10":"first","11":"instock","12":"shipping-taxable","13":"purchasable","14":"product-type-simple"},"_links":{"self":[{"href":"https:\/\/brandss.com.py\/index\/wp-json\/wp\/v2\/product\/57185","targetHints":{"allow":["GET"]}}],"collection":[{"href":"https:\/\/brandss.com.py\/index\/wp-json\/wp\/v2\/product"}],"about":[{"href":"https:\/\/brandss.com.py\/index\/wp-json\/wp\/v2\/types\/product"}],"replies":[{"embeddable":true,"href":"https:\/\/brandss.com.py\/index\/wp-json\/wp\/v2\/comments?post=57185"}],"version-history":[{"count":2,"href":"https:\/\/brandss.com.py\/index\/wp-json\/wp\/v2\/product\/57185\/revisions"}],"predecessor-version":[{"id":57201,"href":"https:\/\/brandss.com.py\/index\/wp-json\/wp\/v2\/product\/57185\/revisions\/57201"}],"wp:featuredmedia":[{"embeddable":true,"href":"https:\/\/brandss.com.py\/index\/wp-json\/wp\/v2\/media\/57186"}],"wp:attachment":[{"href":"https:\/\/brandss.com.py\/index\/wp-json\/wp\/v2\/media?parent=57185"}],"wp:term":[{"taxonomy":"product_brand","embeddable":true,"href":"https:\/\/brandss.com.py\/index\/wp-json\/wp\/v2\/product_brand?post=57185"},{"taxonomy":"product_cat","embeddable":true,"href":"https:\/\/brandss.com.py\/index\/wp-json\/wp\/v2\/product_cat?post=57185"},{"taxonomy":"product_tag","embeddable":true,"href":"https:\/\/brandss.com.py\/index\/wp-json\/wp\/v2\/product_tag?post=57185"}],"curies":[{"name":"wp","href":"https:\/\/api.w.org\/{rel}","templated":true}]}}