{"id":57202,"date":"2024-09-03T11:28:11","date_gmt":"2024-09-03T11:28:11","guid":{"rendered":"https:\/\/brandss.com.py\/index\/?post_type=product&#038;p=57202"},"modified":"2025-07-14T10:13:46","modified_gmt":"2025-07-14T10:13:46","slug":"calzado-deportivo-masculino-puma-softride-enzo-nxt","status":"publish","type":"product","link":"https:\/\/brandss.com.py\/index\/producto\/calzado-deportivo-masculino-puma-softride-enzo-nxt\/","title":{"rendered":"CALZADO DEPORTIVO MASCULINO PUMA SOFTRIDE ENZO NXT"},"content":{"rendered":"<p><img loading=\"lazy\" decoding=\"async\" class=\"\" src=\"https:\/\/1000logos.net\/wp-content\/uploads\/2021\/04\/Puma-logo.png\" alt=\"PUMA Logo and symbol, meaning, history, PNG, brand\" width=\"96\" height=\"48\" \/><\/p>\n<h1>SOFTRIDE ENZO NXT.<\/h1>\n<p class=\"product-details-descr product-desc-long\"><span>Esto es lo que sucede cuando se combinan las franquicias m\u00e1s innovadoras de Puma: Softride y Enzo. Un calzado que lleva la amortiguaci\u00f3n al extremo, un calzado que proporciona una comodidad incre\u00edble durante todo el d\u00eda, un calzado que cuenta con un lenguaje de dise\u00f1o de la parte superior progresivo con la marca Puma audaz. Ya sea que desee destacarse entre la multitud o dejar a su oponente muy atr\u00e1s, estos son los calzados para usted. Los Tenis Puma Softride Enzo NXT llevan la amortiguaci\u00f3n a otro nivel y brinda una comodidad que vas a disfrutar para llevarlos puestos durante un largo tiempo. Se ajustan mediante cordones para que los lleves puestos como t\u00fa prefieras y cuentan con un dise\u00f1o moderno que ser\u00e1 muy sencillo de combinar.<\/span><\/p>\n<p>&nbsp;<\/p>\n<p class=\"product-details-feature\"><strong>Caracter\u00edsticas y beneficios<\/strong><\/p>\n<ul id=\"features\" class=\"product-details-list\">\n<li><span>Parte superior textil<\/span><\/li>\n<li><span>Jaula sint\u00e9tica moldeada en el mediopi\u00e9<\/span><\/li>\n<li><span>Tecnolog\u00eda Softride EVA para una amortiguaci\u00f3n extrema y comodidad durante todo el d\u00eda.<\/span><\/li>\n<li><span>Ojal de TPU<\/span><\/li>\n<li><span>Logotipos llamativos de PUMA Cat en la parte superior y la leng\u00fceta<\/span><\/li>\n<li><span>Dise\u00f1o superior progresivo<\/span><\/li>\n<li><span>Cord\u00f3n<\/span><\/li>\n<li><span>Sint\u00e9tico<\/span><\/li>\n<li><span>Parte superior textil<\/span><\/li>\n<\/ul>\n<p>&nbsp;<\/p>\n<p><strong>Detalles:<\/strong><\/p>\n<p>&nbsp;<\/p>\n<p><strong>Marca:<\/strong> Puma.<\/p>\n<p><strong>Modelo:<\/strong> 195234-01.<\/p>\n<p><strong>G\u00e9nero:<\/strong> Masculino.<\/p>\n<p><strong>Color:<\/strong> Negro.<\/p>\n","protected":false},"excerpt":{"rendered":"<p>SOFTRIDE ENZO NXT. Esto es lo que sucede cuando se combinan las franquicias m\u00e1s innovadoras de Puma: Softride y Enzo.<\/p>\n","protected":false},"featured_media":57203,"comment_status":"open","ping_status":"closed","template":"","meta":{"nf_dc_page":""},"product_brand":[],"product_cat":[76],"product_tag":[],"class_list":{"0":"post-57202","1":"product","2":"type-product","3":"status-publish","4":"has-post-thumbnail","6":"product_cat-masculino","8":"first","9":"instock","10":"shipping-taxable","11":"purchasable","12":"product-type-simple"},"_links":{"self":[{"href":"https:\/\/brandss.com.py\/index\/wp-json\/wp\/v2\/product\/57202","targetHints":{"allow":["GET"]}}],"collection":[{"href":"https:\/\/brandss.com.py\/index\/wp-json\/wp\/v2\/product"}],"about":[{"href":"https:\/\/brandss.com.py\/index\/wp-json\/wp\/v2\/types\/product"}],"replies":[{"embeddable":true,"href":"https:\/\/brandss.com.py\/index\/wp-json\/wp\/v2\/comments?post=57202"}],"version-history":[{"count":1,"href":"https:\/\/brandss.com.py\/index\/wp-json\/wp\/v2\/product\/57202\/revisions"}],"predecessor-version":[{"id":57214,"href":"https:\/\/brandss.com.py\/index\/wp-json\/wp\/v2\/product\/57202\/revisions\/57214"}],"wp:featuredmedia":[{"embeddable":true,"href":"https:\/\/brandss.com.py\/index\/wp-json\/wp\/v2\/media\/57203"}],"wp:attachment":[{"href":"https:\/\/brandss.com.py\/index\/wp-json\/wp\/v2\/media?parent=57202"}],"wp:term":[{"taxonomy":"product_brand","embeddable":true,"href":"https:\/\/brandss.com.py\/index\/wp-json\/wp\/v2\/product_brand?post=57202"},{"taxonomy":"product_cat","embeddable":true,"href":"https:\/\/brandss.com.py\/index\/wp-json\/wp\/v2\/product_cat?post=57202"},{"taxonomy":"product_tag","embeddable":true,"href":"https:\/\/brandss.com.py\/index\/wp-json\/wp\/v2\/product_tag?post=57202"}],"curies":[{"name":"wp","href":"https:\/\/api.w.org\/{rel}","templated":true}]}}