{"id":57215,"date":"2024-09-03T11:59:55","date_gmt":"2024-09-03T11:59:55","guid":{"rendered":"https:\/\/brandss.com.py\/index\/?post_type=product&#038;p=57215"},"modified":"2025-07-14T10:13:07","modified_gmt":"2025-07-14T10:13:07","slug":"calzado-deportivo-masculino-puma-electron-street","status":"publish","type":"product","link":"https:\/\/brandss.com.py\/index\/producto\/calzado-deportivo-masculino-puma-electron-street\/","title":{"rendered":"CALZADO DEPORTIVO MASCULINO PUMA ELECTRON STREET"},"content":{"rendered":"<p><img loading=\"lazy\" decoding=\"async\" class=\"\" src=\"https:\/\/1000logos.net\/wp-content\/uploads\/2021\/04\/Puma-logo.png\" alt=\"PUMA Logo and symbol, meaning, history, PNG, brand\" width=\"108\" height=\"54\" \/><\/p>\n<h1>ELECTRON STREET.<\/h1>\n<div class=\"col-span-full\">\n<div>\n<p><span>Dise\u00f1ado para las calles, el Electron Street es un impresionante estilo Viztech que destaca un tal\u00f3n con tecnolog\u00eda visible que absorbe los impactos para una caminata c\u00f3moda. Recorre las calles r\u00e1pido y con comodidad con una parte superior de punto transpirable, paneles laterales sint\u00e9ticos para brindar soporte y una plantilla el\u00e1stica en el tal\u00f3n con una marca llamativa. La plantilla Softfoam+ brinda una amortiguaci\u00f3n superior y una comodidad \u00f3ptima para cada paso de tu d\u00eda.<\/span><\/p>\n<\/div>\n<\/div>\n<div>\n<p><strong>Caracter\u00edsticas<\/strong><\/p>\n<ul>\n<li><span>Tipo de tac\u00f3n: Plano<\/span><\/li>\n<li><span>Ancho del zapato: Ajuste regular<\/span><\/li>\n<\/ul>\n<\/div>\n<div>\n<p class=\"capitalize\"><strong>Informaci\u00f3n del material<\/strong><\/p>\n<ul>\n<li><span>Plantilla: 100 % textil<\/span><\/li>\n<li><span>Suela: 100% caucho<\/span><\/li>\n<li><span>Parte superior: 62,27 % textil, 37,73 % sint\u00e9tico<\/span><\/li>\n<li><span>Forro: 100% textil<\/span><\/li>\n<\/ul>\n<p>&nbsp;<\/p>\n<p><strong>Detalles:<\/strong><\/p>\n<p>&nbsp;<\/p>\n<p><strong>Marca:<\/strong> Puma.<\/p>\n<p><strong>Modelo:<\/strong> 367309-01.<\/p>\n<p><strong>G\u00e9nero:<\/strong> Masculino.<\/p>\n<p><strong>Color:<\/strong> Negro.<\/p>\n<p>&nbsp;<\/p>\n<\/div>\n","protected":false},"excerpt":{"rendered":"<p>ELECTRON STREET. Dise\u00f1ado para las calles, el Electron Street es un impresionante estilo Viztech que destaca un tal\u00f3n con tecnolog\u00eda<\/p>\n","protected":false},"featured_media":57216,"comment_status":"open","ping_status":"closed","template":"","meta":{"nf_dc_page":""},"product_brand":[],"product_cat":[76],"product_tag":[],"class_list":{"0":"post-57215","1":"product","2":"type-product","3":"status-publish","4":"has-post-thumbnail","6":"product_cat-masculino","8":"first","9":"instock","10":"shipping-taxable","11":"purchasable","12":"product-type-simple"},"_links":{"self":[{"href":"https:\/\/brandss.com.py\/index\/wp-json\/wp\/v2\/product\/57215","targetHints":{"allow":["GET"]}}],"collection":[{"href":"https:\/\/brandss.com.py\/index\/wp-json\/wp\/v2\/product"}],"about":[{"href":"https:\/\/brandss.com.py\/index\/wp-json\/wp\/v2\/types\/product"}],"replies":[{"embeddable":true,"href":"https:\/\/brandss.com.py\/index\/wp-json\/wp\/v2\/comments?post=57215"}],"version-history":[{"count":1,"href":"https:\/\/brandss.com.py\/index\/wp-json\/wp\/v2\/product\/57215\/revisions"}],"predecessor-version":[{"id":57224,"href":"https:\/\/brandss.com.py\/index\/wp-json\/wp\/v2\/product\/57215\/revisions\/57224"}],"wp:featuredmedia":[{"embeddable":true,"href":"https:\/\/brandss.com.py\/index\/wp-json\/wp\/v2\/media\/57216"}],"wp:attachment":[{"href":"https:\/\/brandss.com.py\/index\/wp-json\/wp\/v2\/media?parent=57215"}],"wp:term":[{"taxonomy":"product_brand","embeddable":true,"href":"https:\/\/brandss.com.py\/index\/wp-json\/wp\/v2\/product_brand?post=57215"},{"taxonomy":"product_cat","embeddable":true,"href":"https:\/\/brandss.com.py\/index\/wp-json\/wp\/v2\/product_cat?post=57215"},{"taxonomy":"product_tag","embeddable":true,"href":"https:\/\/brandss.com.py\/index\/wp-json\/wp\/v2\/product_tag?post=57215"}],"curies":[{"name":"wp","href":"https:\/\/api.w.org\/{rel}","templated":true}]}}