{"id":57225,"date":"2024-09-03T12:22:27","date_gmt":"2024-09-03T12:22:27","guid":{"rendered":"https:\/\/brandss.com.py\/index\/?post_type=product&#038;p=57225"},"modified":"2025-07-14T10:13:07","modified_gmt":"2025-07-14T10:13:07","slug":"calzado-deportivo-masculino-puma-wired-rapid","status":"publish","type":"product","link":"https:\/\/brandss.com.py\/index\/producto\/calzado-deportivo-masculino-puma-wired-rapid\/","title":{"rendered":"CALZADO DEPORTIVO MASCULINO PUMA WIRED RAPID"},"content":{"rendered":"<p><img loading=\"lazy\" decoding=\"async\" class=\"\" src=\"https:\/\/1000logos.net\/wp-content\/uploads\/2021\/04\/Puma-logo.png\" alt=\"PUMA Logo and symbol, meaning, history, PNG, brand\" width=\"104\" height=\"52\" \/><\/p>\n<h1>WIRED RAPID.<\/h1>\n<p>Descubre la perfecta comodidad con estos tenis casuales Puma Wired Rapid, creados con el objetivo de darte el mayor soporte y el estilo m\u00e1s fresco al recorrer tus lugares favoritos. Te encantar\u00e1 su silueta cl\u00e1sica y vers\u00e1til para probar miles de outfits. Este calzado, dise\u00f1ado por Puma, cuenta con una elaboraci\u00f3n de material ultra resistente. Tiene un sistema de amarre de pasadores y leng\u00fceta para tu comodidad y confort. Estos sneakers cuentan con la espuma EVA en la plantilla que te brindar\u00e1 el soporte que necesita. El Flyer Flex se expande en la exitosa plataforma Flyer Runner y aporta un estilo totalmente nuevo al espacio de flexibilidad de PUMA. Las Wired Rapid son un modelo de tenis nuevo y moderno que acaba de unirse a la familia Wired. Son c\u00f3modas e impactan sin mayor esfuerzo. Tienen un empeine de malla con un dise\u00f1o sin cordones f\u00e1cil de poner y detalles de marca PUMA llamativos en el costado. A eso se suma una mediasuela de EVA suave que proporciona un rebote bien amortiguado para cada paso de tu d\u00eda.<\/p>\n<p><strong>Detalles:<\/strong><\/p>\n<p><strong>Marca:<\/strong> Puma.<\/p>\n<p><strong>Modelo:<\/strong> 385881-01.<\/p>\n<p><strong>G\u00e9nero:<\/strong> Masculino.<\/p>\n<p><strong>Color:<\/strong> Negro\/ Gris.<\/p>\n<p>&nbsp;<\/p>\n","protected":false},"excerpt":{"rendered":"<p>WIRED RAPID. Descubre la perfecta comodidad con estos tenis casuales Puma Wired Rapid, creados con el objetivo de darte el<\/p>\n","protected":false},"featured_media":57226,"comment_status":"open","ping_status":"closed","template":"","meta":{"nf_dc_page":""},"product_brand":[],"product_cat":[76],"product_tag":[],"class_list":{"0":"post-57225","1":"product","2":"type-product","3":"status-publish","4":"has-post-thumbnail","6":"product_cat-masculino","8":"first","9":"instock","10":"shipping-taxable","11":"purchasable","12":"product-type-simple"},"_links":{"self":[{"href":"https:\/\/brandss.com.py\/index\/wp-json\/wp\/v2\/product\/57225","targetHints":{"allow":["GET"]}}],"collection":[{"href":"https:\/\/brandss.com.py\/index\/wp-json\/wp\/v2\/product"}],"about":[{"href":"https:\/\/brandss.com.py\/index\/wp-json\/wp\/v2\/types\/product"}],"replies":[{"embeddable":true,"href":"https:\/\/brandss.com.py\/index\/wp-json\/wp\/v2\/comments?post=57225"}],"version-history":[{"count":1,"href":"https:\/\/brandss.com.py\/index\/wp-json\/wp\/v2\/product\/57225\/revisions"}],"predecessor-version":[{"id":57233,"href":"https:\/\/brandss.com.py\/index\/wp-json\/wp\/v2\/product\/57225\/revisions\/57233"}],"wp:featuredmedia":[{"embeddable":true,"href":"https:\/\/brandss.com.py\/index\/wp-json\/wp\/v2\/media\/57226"}],"wp:attachment":[{"href":"https:\/\/brandss.com.py\/index\/wp-json\/wp\/v2\/media?parent=57225"}],"wp:term":[{"taxonomy":"product_brand","embeddable":true,"href":"https:\/\/brandss.com.py\/index\/wp-json\/wp\/v2\/product_brand?post=57225"},{"taxonomy":"product_cat","embeddable":true,"href":"https:\/\/brandss.com.py\/index\/wp-json\/wp\/v2\/product_cat?post=57225"},{"taxonomy":"product_tag","embeddable":true,"href":"https:\/\/brandss.com.py\/index\/wp-json\/wp\/v2\/product_tag?post=57225"}],"curies":[{"name":"wp","href":"https:\/\/api.w.org\/{rel}","templated":true}]}}