{"id":57234,"date":"2024-09-03T12:50:30","date_gmt":"2024-09-03T12:50:30","guid":{"rendered":"https:\/\/brandss.com.py\/index\/?post_type=product&#038;p=57234"},"modified":"2025-07-14T10:14:00","modified_gmt":"2025-07-14T10:14:00","slug":"calzado-deportivo-masculino-puma-pacer-future-doubleknit","status":"publish","type":"product","link":"https:\/\/brandss.com.py\/index\/producto\/calzado-deportivo-masculino-puma-pacer-future-doubleknit\/","title":{"rendered":"CALZADO DEPORTIVO MASCULINO PUMA PACER FUTURE DOUBLEKNIT"},"content":{"rendered":"<p><img loading=\"lazy\" decoding=\"async\" class=\"\" src=\"https:\/\/1000logos.net\/wp-content\/uploads\/2021\/04\/Puma-logo.png\" alt=\"PUMA Logo and symbol, meaning, history, PNG, brand\" width=\"107\" height=\"53\" \/><\/p>\n<h1>PACER FUTURE DOUBLEKNIT.<\/h1>\n<div class=\"product-short-description rte\">Inspirado en el running callejero, el Pacer Future Double-Knit lleva el rendimiento y el estilo cotidianos a un nivel completamente nuevo. La parte superior de estilo bot\u00edn de punto doble de dos tonos brinda comodidad liviana, mientras que la estructura de TPU brinda un gran soporte tanto en el lado lateral como en el medio del pie. Junto con la plantilla con tecnolog\u00eda de comodidad exclusiva de Puma para una amortiguaci\u00f3n al pisar, un dise\u00f1o interesante de entresuela y una marca ic\u00f3nica, estar\u00e1s un paso por delante en la moda urbana.<\/p>\n<div class=\"col-span-full\">\n<div>\n<p>Los calzados Pacer Future Doubleknit, que tienen ra\u00edces firmes en la escena del running callejero, tienen una c\u00f3moda forma de bot\u00edn y una marca PUMA atrevida y rompedora. Con una plantilla SoftFoam+ para mayor comodidad y una parte superior de punto de dos tonos \u00fanica, estos calzados gritan estilo.<\/p>\n<\/div>\n<\/div>\n<div>\n<p><strong>CARACTER\u00cdSTICAS Y BENEFICIOS<\/strong><\/p>\n<ul>\n<li>SoftFoam+: la plantilla c\u00f3moda de PUMA para una pisada instant\u00e1nea y una comodidad duradera que brinda una amortiguaci\u00f3n suave en cada paso del d\u00eda.<\/li>\n<li><img loading=\"lazy\" decoding=\"async\" class=\"alignleft\" src=\"https:\/\/cdn03.ciceksepeti.com\/cicek\/kcm47263014-3\/L\/puma-ayakkabi-pacer-future-doubleknit-kcm47263014-3-3c4a5eea07014d3e9e028d23ecccddf5.jpg\" alt=\"Puma Ayakkab\u0131 Pacer Future Doubleknit\" width=\"455\" height=\"500\" \/>Tipo de tac\u00f3n: Plano<\/li>\n<li>Ancho del zapato: Ajuste regular<\/li>\n<li>Desnivel del tal\u00f3n a la punta: 0 mm<\/li>\n<li>Calzados modernos inspirados en el running urbano con construcci\u00f3n tipo bot\u00edn<\/li>\n<li>Parte superior de punto<\/li>\n<li>Jaula de TPU para soporte<\/li>\n<li>Logotipo de PUMA Cat y marca denominativa PUMA<\/li>\n<li>Parte superior de punto de dos tonos<\/li>\n<li>Cierre con cordones<\/li>\n<li>Entresuela de etileno-acetato de vinilo<\/li>\n<li>Suela de goma<\/li>\n<\/ul>\n<p><strong>Detalles:<\/strong><\/p>\n<p><strong>Marca:<\/strong> Puma.<\/p>\n<p><strong>Modelo:<\/strong><span>\u00a0<\/span><span>384839-04.<\/span><\/p>\n<p><strong>G\u00e9nero:<\/strong> Masculino.<\/p>\n<p><strong>Color:\u00a0<\/strong><span>Parisino Noche-Cantera-Rojo Alto Riesgo<\/span><\/p>\n<\/div>\n<div><\/div>\n<\/div>\n","protected":false},"excerpt":{"rendered":"<p>PACER FUTURE DOUBLEKNIT. Inspirado en el running callejero, el Pacer Future Double-Knit lleva el rendimiento y el estilo cotidianos a<\/p>\n","protected":false},"featured_media":57235,"comment_status":"open","ping_status":"closed","template":"","meta":{"nf_dc_page":""},"product_brand":[],"product_cat":[76],"product_tag":[],"class_list":{"0":"post-57234","1":"product","2":"type-product","3":"status-publish","4":"has-post-thumbnail","6":"product_cat-masculino","8":"first","9":"instock","10":"shipping-taxable","11":"purchasable","12":"product-type-simple"},"_links":{"self":[{"href":"https:\/\/brandss.com.py\/index\/wp-json\/wp\/v2\/product\/57234","targetHints":{"allow":["GET"]}}],"collection":[{"href":"https:\/\/brandss.com.py\/index\/wp-json\/wp\/v2\/product"}],"about":[{"href":"https:\/\/brandss.com.py\/index\/wp-json\/wp\/v2\/types\/product"}],"replies":[{"embeddable":true,"href":"https:\/\/brandss.com.py\/index\/wp-json\/wp\/v2\/comments?post=57234"}],"version-history":[{"count":1,"href":"https:\/\/brandss.com.py\/index\/wp-json\/wp\/v2\/product\/57234\/revisions"}],"predecessor-version":[{"id":57242,"href":"https:\/\/brandss.com.py\/index\/wp-json\/wp\/v2\/product\/57234\/revisions\/57242"}],"wp:featuredmedia":[{"embeddable":true,"href":"https:\/\/brandss.com.py\/index\/wp-json\/wp\/v2\/media\/57235"}],"wp:attachment":[{"href":"https:\/\/brandss.com.py\/index\/wp-json\/wp\/v2\/media?parent=57234"}],"wp:term":[{"taxonomy":"product_brand","embeddable":true,"href":"https:\/\/brandss.com.py\/index\/wp-json\/wp\/v2\/product_brand?post=57234"},{"taxonomy":"product_cat","embeddable":true,"href":"https:\/\/brandss.com.py\/index\/wp-json\/wp\/v2\/product_cat?post=57234"},{"taxonomy":"product_tag","embeddable":true,"href":"https:\/\/brandss.com.py\/index\/wp-json\/wp\/v2\/product_tag?post=57234"}],"curies":[{"name":"wp","href":"https:\/\/api.w.org\/{rel}","templated":true}]}}