{"id":57243,"date":"2024-09-03T13:41:03","date_gmt":"2024-09-03T13:41:03","guid":{"rendered":"https:\/\/brandss.com.py\/index\/?post_type=product&#038;p=57243"},"modified":"2025-08-16T19:19:11","modified_gmt":"2025-08-16T19:19:11","slug":"calzado-casual-masculino-puma-graviton","status":"publish","type":"product","link":"https:\/\/brandss.com.py\/index\/producto\/calzado-casual-masculino-puma-graviton\/","title":{"rendered":"CALZADO CASUAL MASCULINO PUMA GRAVITON"},"content":{"rendered":"<p><img loading=\"lazy\" decoding=\"async\" class=\"\" src=\"https:\/\/1000logos.net\/wp-content\/uploads\/2021\/04\/Puma-logo.png\" alt=\"PUMA Logo and symbol, meaning, history, PNG, brand\" width=\"119\" height=\"59\" \/><\/p>\n<h1>GRAVITON.<\/h1>\n<p>Conoc\u00e9 los calzados Puma Graviton, el magn\u00edfico complemento de todos tus outfits. Con una capellada de cuero y gamuza, poseen una suela de goma que se adhiere a todo tipo de superficies. Confeccionadas con materiales altamente duraderos, son c\u00f3modas, livianas y due\u00f1as de un estilo \u00fanico.<\/p>\n<p><strong>Detalles:<\/strong><\/p>\n<p><strong>Marca:<\/strong> Puma.<\/p>\n<p><strong>Modelo:<\/strong> 380738-17.<\/p>\n<p><strong>G\u00e9nero:<\/strong> Masculino.<\/p>\n<p><strong>Color:<\/strong> Night\/White\/Eve Sky\/Quarry<\/p>\n","protected":false},"excerpt":{"rendered":"<p>GRAVITON. Conoc\u00e9 los calzados Puma Graviton, el magn\u00edfico complemento de todos tus outfits. Con una capellada de cuero y gamuza,<\/p>\n","protected":false},"featured_media":57244,"comment_status":"open","ping_status":"closed","template":"","meta":{"nf_dc_page":""},"product_brand":[],"product_cat":[76],"product_tag":[],"class_list":{"0":"post-57243","1":"product","2":"type-product","3":"status-publish","4":"has-post-thumbnail","6":"product_cat-masculino","8":"first","9":"instock","10":"shipping-taxable","11":"purchasable","12":"product-type-simple"},"_links":{"self":[{"href":"https:\/\/brandss.com.py\/index\/wp-json\/wp\/v2\/product\/57243","targetHints":{"allow":["GET"]}}],"collection":[{"href":"https:\/\/brandss.com.py\/index\/wp-json\/wp\/v2\/product"}],"about":[{"href":"https:\/\/brandss.com.py\/index\/wp-json\/wp\/v2\/types\/product"}],"replies":[{"embeddable":true,"href":"https:\/\/brandss.com.py\/index\/wp-json\/wp\/v2\/comments?post=57243"}],"version-history":[{"count":1,"href":"https:\/\/brandss.com.py\/index\/wp-json\/wp\/v2\/product\/57243\/revisions"}],"predecessor-version":[{"id":57253,"href":"https:\/\/brandss.com.py\/index\/wp-json\/wp\/v2\/product\/57243\/revisions\/57253"}],"wp:featuredmedia":[{"embeddable":true,"href":"https:\/\/brandss.com.py\/index\/wp-json\/wp\/v2\/media\/57244"}],"wp:attachment":[{"href":"https:\/\/brandss.com.py\/index\/wp-json\/wp\/v2\/media?parent=57243"}],"wp:term":[{"taxonomy":"product_brand","embeddable":true,"href":"https:\/\/brandss.com.py\/index\/wp-json\/wp\/v2\/product_brand?post=57243"},{"taxonomy":"product_cat","embeddable":true,"href":"https:\/\/brandss.com.py\/index\/wp-json\/wp\/v2\/product_cat?post=57243"},{"taxonomy":"product_tag","embeddable":true,"href":"https:\/\/brandss.com.py\/index\/wp-json\/wp\/v2\/product_tag?post=57243"}],"curies":[{"name":"wp","href":"https:\/\/api.w.org\/{rel}","templated":true}]}}