{"id":57254,"date":"2024-09-03T14:24:09","date_gmt":"2024-09-03T14:24:09","guid":{"rendered":"https:\/\/brandss.com.py\/index\/?post_type=product&#038;p=57254"},"modified":"2025-04-14T10:24:48","modified_gmt":"2025-04-14T10:24:48","slug":"calzado-deportivo-masculino-puma-future-19-4-tt-para-sintetico","status":"publish","type":"product","link":"https:\/\/brandss.com.py\/index\/producto\/calzado-deportivo-masculino-puma-future-19-4-tt-para-sintetico\/","title":{"rendered":"CALZADO DEPORTIVO MASCULINO PUMA FUTURE 19.4 TT PARA SINT\u00c9TICO"},"content":{"rendered":"<p><img loading=\"lazy\" decoding=\"async\" class=\"\" src=\"https:\/\/1000logos.net\/wp-content\/uploads\/2021\/04\/Puma-logo.png\" alt=\"PUMA Logo and symbol, meaning, history, PNG, brand\" width=\"125\" height=\"62\" \/><\/p>\n<h1>FUTURE 19.4 TT.<\/h1>\n<p>La serie FUTURE est\u00e1 dirigida a jugadores que pueden cambiar el flujo del juego en un instante, jugar con instinto y crear sorpresas en el campo. Modelo de entrada para calzados de entrenamiento apto para pistas de c\u00e9sped artificial. La Future Series se basa en el concepto de &#8220;zapatos de f\u00fatbol de pr\u00f3xima generaci\u00f3n&#8221;. Con orificios para cordones que te permiten personalizar el ajuste enhebrando los cordones y una suela con centro de gravedad bajo para una excelente estabilidad. Future 19.4 combina ligereza, confort y durabilidad al usar una suave y durable piel sint\u00e9tica. Su construcci\u00f3n ofrece mayor estabilidad y agilidad.<\/p>\n<p><strong>Caracter\u00edsticas y especificaci\u00f3nes:<\/strong><\/p>\n<ul>\n<li>El material superior tiene una excelente durabilidad Hecho de cuero artificial.<\/li>\n<li>Compatible con pistas de c\u00e9sped artificial. (C\u00e9sped artificial, suelo duro (entrenamiento, zapatillas de f\u00fatbol sala)<\/li>\n<li>La plantilla no se puede quitar.<\/li>\n<li>Material superior: Cuero artificial + fibra sint\u00e9tica Suela: Suela de goma<\/li>\n<\/ul>\n<p>&nbsp;<\/p>\n<p><strong>Detalles:<\/strong><\/p>\n<p><strong>Marca:<\/strong> Puma.<\/p>\n<p><strong>Modelo:<\/strong>\u00a0105548-02<\/p>\n<p><strong>G\u00e9nero:<\/strong> Masculino.<\/p>\n<p><span><strong>Color:<\/strong> Negro\/ <\/span><span>Blanco.<\/span><\/p>\n","protected":false},"excerpt":{"rendered":"<p>FUTURE 19.4 TT. La serie FUTURE est\u00e1 dirigida a jugadores que pueden cambiar el flujo del juego en un instante,<\/p>\n","protected":false},"featured_media":57255,"comment_status":"open","ping_status":"closed","template":"","meta":{"nf_dc_page":""},"product_brand":[],"product_cat":[76],"product_tag":[],"class_list":{"0":"post-57254","1":"product","2":"type-product","3":"status-publish","4":"has-post-thumbnail","6":"product_cat-masculino","8":"first","9":"instock","10":"shipping-taxable","11":"purchasable","12":"product-type-simple"},"_links":{"self":[{"href":"https:\/\/brandss.com.py\/index\/wp-json\/wp\/v2\/product\/57254","targetHints":{"allow":["GET"]}}],"collection":[{"href":"https:\/\/brandss.com.py\/index\/wp-json\/wp\/v2\/product"}],"about":[{"href":"https:\/\/brandss.com.py\/index\/wp-json\/wp\/v2\/types\/product"}],"replies":[{"embeddable":true,"href":"https:\/\/brandss.com.py\/index\/wp-json\/wp\/v2\/comments?post=57254"}],"version-history":[{"count":1,"href":"https:\/\/brandss.com.py\/index\/wp-json\/wp\/v2\/product\/57254\/revisions"}],"predecessor-version":[{"id":57260,"href":"https:\/\/brandss.com.py\/index\/wp-json\/wp\/v2\/product\/57254\/revisions\/57260"}],"wp:featuredmedia":[{"embeddable":true,"href":"https:\/\/brandss.com.py\/index\/wp-json\/wp\/v2\/media\/57255"}],"wp:attachment":[{"href":"https:\/\/brandss.com.py\/index\/wp-json\/wp\/v2\/media?parent=57254"}],"wp:term":[{"taxonomy":"product_brand","embeddable":true,"href":"https:\/\/brandss.com.py\/index\/wp-json\/wp\/v2\/product_brand?post=57254"},{"taxonomy":"product_cat","embeddable":true,"href":"https:\/\/brandss.com.py\/index\/wp-json\/wp\/v2\/product_cat?post=57254"},{"taxonomy":"product_tag","embeddable":true,"href":"https:\/\/brandss.com.py\/index\/wp-json\/wp\/v2\/product_tag?post=57254"}],"curies":[{"name":"wp","href":"https:\/\/api.w.org\/{rel}","templated":true}]}}