{"id":57271,"date":"2024-09-03T16:08:38","date_gmt":"2024-09-03T16:08:38","guid":{"rendered":"https:\/\/brandss.com.py\/index\/?post_type=product&#038;p=57271"},"modified":"2025-07-14T10:12:39","modified_gmt":"2025-07-14T10:12:39","slug":"calzado-deportivo-masculino-puma-redeem-profoam-2","status":"publish","type":"product","link":"https:\/\/brandss.com.py\/index\/producto\/calzado-deportivo-masculino-puma-redeem-profoam-2\/","title":{"rendered":"CALZADO DEPORTIVO MASCULINO PUMA REDEEM PROFOAM"},"content":{"rendered":"<p><img loading=\"lazy\" decoding=\"async\" class=\"\" src=\"https:\/\/1000logos.net\/wp-content\/uploads\/2021\/04\/Puma-logo.png\" alt=\"PUMA Logo and symbol, meaning, history, PNG, brand\" width=\"126\" height=\"63\" \/><\/p>\n<h1>REDEEM PROFOAM.<\/h1>\n<div class=\"col-span-full\">\n<p><span>Forma y funci\u00f3n para un look moderno y duradero: el calzado para correr Redeem realmente lo tiene todo. Ideal para todo, desde los senderos m\u00e1s dif\u00edciles hasta el uso diario, este zapatillacalzado combina la tecnolog\u00eda Protread en la suela de goma dividida en zonas para lograr el m\u00e1ximo agarre y durabilidad con un estilo elegante y atractivo. S\u00e9 tan audaz como los calzado<\/span>s que tienes en los pies con un estilo en el que puedes confiar.<\/p>\n<\/div>\n<div>\n<p><strong>CARACTER\u00cdSTICAS Y BENEFICIOS<\/strong><\/p>\n<ul>\n<li><span>La parte superior de este calzado est\u00e1 hecha con al menos un 20% de materiales reciclados como un paso hacia un futuro mejor.<\/span><\/li>\n<li><span>PROFOAMLITE: EVA extremadamente liviana dise\u00f1ada para amortiguar su aterrizaje e impulsar cada paso.<\/span><\/li>\n<li><span>SOPORTE: Soporte de bloqueo en el mediopi\u00e9 gracias a la estructura interna, con una leng\u00fceta suave para mayor comodidad.<\/span><\/li>\n<li><span>Tipo de tac\u00f3n: Plano<\/span><\/li>\n<li><span>Ancho del zapato: Ajuste regular<\/span><\/li>\n<li><span>Pronaci\u00f3n del calzado: Neutral<\/span><\/li>\n<li><span>Desnivel del tal\u00f3n a la punta: 6 mm<\/span><\/li>\n<li><span>Parte superior de malla dise\u00f1ada<\/span><span>Entresuela de EVA<\/span><\/li>\n<li><span>Suela de caucho de alto rendimie<\/span><span>nto por zonas<\/span><\/li>\n<li><span>Franja caracter\u00edstica de PUMA en los laterales<\/span><\/li>\n<li><span>Logotipo de PUMA Cat en la puntera medial<\/span><\/li>\n<\/ul>\n<p><strong>Detalles:\u00a0<\/strong><\/p>\n<p><strong>Marca:<\/strong> Puma.<\/p>\n<p><strong>Modelo:<\/strong> 377995-02.<\/p>\n<p><strong>G\u00e9nero:<\/strong> Masculino.<\/p>\n<p><strong>Color: <\/strong>Blanco\/ Gris\/ Negro\/ Verde.<\/p>\n<\/div>\n<div><\/div>\n","protected":false},"excerpt":{"rendered":"<p>REDEEM PROFOAM. Forma y funci\u00f3n para un look moderno y duradero: el calzado para correr Redeem realmente lo tiene todo.<\/p>\n","protected":false},"featured_media":57272,"comment_status":"open","ping_status":"closed","template":"","meta":{"nf_dc_page":""},"product_brand":[],"product_cat":[76],"product_tag":[],"class_list":{"0":"post-57271","1":"product","2":"type-product","3":"status-publish","4":"has-post-thumbnail","6":"product_cat-masculino","8":"first","9":"instock","10":"shipping-taxable","11":"purchasable","12":"product-type-simple"},"_links":{"self":[{"href":"https:\/\/brandss.com.py\/index\/wp-json\/wp\/v2\/product\/57271","targetHints":{"allow":["GET"]}}],"collection":[{"href":"https:\/\/brandss.com.py\/index\/wp-json\/wp\/v2\/product"}],"about":[{"href":"https:\/\/brandss.com.py\/index\/wp-json\/wp\/v2\/types\/product"}],"replies":[{"embeddable":true,"href":"https:\/\/brandss.com.py\/index\/wp-json\/wp\/v2\/comments?post=57271"}],"version-history":[{"count":1,"href":"https:\/\/brandss.com.py\/index\/wp-json\/wp\/v2\/product\/57271\/revisions"}],"predecessor-version":[{"id":57278,"href":"https:\/\/brandss.com.py\/index\/wp-json\/wp\/v2\/product\/57271\/revisions\/57278"}],"wp:featuredmedia":[{"embeddable":true,"href":"https:\/\/brandss.com.py\/index\/wp-json\/wp\/v2\/media\/57272"}],"wp:attachment":[{"href":"https:\/\/brandss.com.py\/index\/wp-json\/wp\/v2\/media?parent=57271"}],"wp:term":[{"taxonomy":"product_brand","embeddable":true,"href":"https:\/\/brandss.com.py\/index\/wp-json\/wp\/v2\/product_brand?post=57271"},{"taxonomy":"product_cat","embeddable":true,"href":"https:\/\/brandss.com.py\/index\/wp-json\/wp\/v2\/product_cat?post=57271"},{"taxonomy":"product_tag","embeddable":true,"href":"https:\/\/brandss.com.py\/index\/wp-json\/wp\/v2\/product_tag?post=57271"}],"curies":[{"name":"wp","href":"https:\/\/api.w.org\/{rel}","templated":true}]}}