{"id":57279,"date":"2024-09-03T17:25:43","date_gmt":"2024-09-03T17:25:43","guid":{"rendered":"https:\/\/brandss.com.py\/index\/?post_type=product&#038;p=57279"},"modified":"2025-07-22T10:16:25","modified_gmt":"2025-07-22T10:16:25","slug":"calzado-deportivo-masculino-puma-rebound-game-energy","status":"publish","type":"product","link":"https:\/\/brandss.com.py\/index\/producto\/calzado-deportivo-masculino-puma-rebound-game-energy\/","title":{"rendered":"CALZADO DEPORTIVO MASCULINO PUMA REBOUND GAME ENERGY"},"content":{"rendered":"<p><img loading=\"lazy\" decoding=\"async\" class=\"\" src=\"https:\/\/1000logos.net\/wp-content\/uploads\/2021\/04\/Puma-logo.png\" alt=\"PUMA Logo and symbol, meaning, history, PNG, brand\" width=\"110\" height=\"55\" \/><\/p>\n<h1>REBOUND GAME ENERGY.<\/h1>\n<p>Estos calzados inspirados en el basketball, los modelos cl\u00e1sicos y la cultura pop est\u00e1n aqu\u00ed para hacerse notar. Son f\u00e1ciles de combinar, ya sea en el campo de juego o cuando est\u00e1s con tus amigos. Tienen un empeine con cuero texturizado suave y un cierre de contacto en la parte superior. Gracias a la amortiguaci\u00f3n superior de la plantilla SoftFoam+ y al impactante dise\u00f1o bicolor de este dise\u00f1o retro, caminar\u00e1s con estilo y comodidad.<\/p>\n<p><strong>CARACTER\u00cdSTICAS + BENEFICIOS<\/strong><\/p>\n<ul>\n<li>SOFTFOAM+: la plantilla c\u00f3moda, con un tal\u00f3n m\u00e1s grueso, dise\u00f1ada para ofrecer una amortiguaci\u00f3n m\u00e1s suave<\/li>\n<li>Producto con material reciclado: el empeine de este calzado est\u00e1 hecho con al menos un 20% de material reciclado para progresar hacia un futuro mejor<\/li>\n<li>Empeine reciclado<\/li>\n<li>Mediasuela de goma<\/li>\n<li>Suela exterior de goma<\/li>\n<li>Franja PUMA en ambos costados<\/li>\n<li>Logotipo PUMA Cat en el tal\u00f3n<\/li>\n<\/ul>\n<p>&nbsp;<\/p>\n<p><strong>Detalles:\u00a0<\/strong><\/p>\n<p>&nbsp;<\/p>\n<p><strong>Marca:<\/strong> Puma.<\/p>\n<p><strong>Modelo:<\/strong> 395129-01<\/p>\n<p><strong>G\u00e9nero:<\/strong> Masculino.<\/p>\n<p><strong>Color:<\/strong> P\u00farpura\/ Aqua fuerte\/ Gris\/ Blanco\/ Negro.<\/p>\n","protected":false},"excerpt":{"rendered":"<p>REBOUND GAME ENERGY. Estos calzados inspirados en el basketball, los modelos cl\u00e1sicos y la cultura pop est\u00e1n aqu\u00ed para hacerse<\/p>\n","protected":false},"featured_media":57281,"comment_status":"open","ping_status":"closed","template":"","meta":{"nf_dc_page":""},"product_brand":[],"product_cat":[76],"product_tag":[],"class_list":{"0":"post-57279","1":"product","2":"type-product","3":"status-publish","4":"has-post-thumbnail","6":"product_cat-masculino","8":"first","9":"instock","10":"shipping-taxable","11":"purchasable","12":"product-type-simple"},"_links":{"self":[{"href":"https:\/\/brandss.com.py\/index\/wp-json\/wp\/v2\/product\/57279","targetHints":{"allow":["GET"]}}],"collection":[{"href":"https:\/\/brandss.com.py\/index\/wp-json\/wp\/v2\/product"}],"about":[{"href":"https:\/\/brandss.com.py\/index\/wp-json\/wp\/v2\/types\/product"}],"replies":[{"embeddable":true,"href":"https:\/\/brandss.com.py\/index\/wp-json\/wp\/v2\/comments?post=57279"}],"version-history":[{"count":1,"href":"https:\/\/brandss.com.py\/index\/wp-json\/wp\/v2\/product\/57279\/revisions"}],"predecessor-version":[{"id":57288,"href":"https:\/\/brandss.com.py\/index\/wp-json\/wp\/v2\/product\/57279\/revisions\/57288"}],"wp:featuredmedia":[{"embeddable":true,"href":"https:\/\/brandss.com.py\/index\/wp-json\/wp\/v2\/media\/57281"}],"wp:attachment":[{"href":"https:\/\/brandss.com.py\/index\/wp-json\/wp\/v2\/media?parent=57279"}],"wp:term":[{"taxonomy":"product_brand","embeddable":true,"href":"https:\/\/brandss.com.py\/index\/wp-json\/wp\/v2\/product_brand?post=57279"},{"taxonomy":"product_cat","embeddable":true,"href":"https:\/\/brandss.com.py\/index\/wp-json\/wp\/v2\/product_cat?post=57279"},{"taxonomy":"product_tag","embeddable":true,"href":"https:\/\/brandss.com.py\/index\/wp-json\/wp\/v2\/product_tag?post=57279"}],"curies":[{"name":"wp","href":"https:\/\/api.w.org\/{rel}","templated":true}]}}