{"id":57311,"date":"2024-09-03T19:06:11","date_gmt":"2024-09-03T19:06:11","guid":{"rendered":"https:\/\/brandss.com.py\/index\/?post_type=product&#038;p=57311"},"modified":"2025-08-16T19:19:38","modified_gmt":"2025-08-16T19:19:38","slug":"calzado-deportivo-masculino-puma-replicat-x-1-8-pirelli","status":"publish","type":"product","link":"https:\/\/brandss.com.py\/index\/producto\/calzado-deportivo-masculino-puma-replicat-x-1-8-pirelli\/","title":{"rendered":"CALZADO DEPORTIVO MASCULINO PUMA REPLICAT-X 1.8 PIRELLI"},"content":{"rendered":"<p><img loading=\"lazy\" decoding=\"async\" class=\"\" src=\"https:\/\/1000logos.net\/wp-content\/uploads\/2021\/04\/Puma-logo.png\" alt=\"PUMA Logo and symbol, meaning, history, PNG, brand\" width=\"112\" height=\"56\" \/><\/p>\n<h1>REPLICAT-X 1.8 PIRELLI<\/h1>\n<div class=\"col-span-full\">\n<div><span>El Replicat-X 1.8 Pirelli adopta la ferocidad y la forma de los autos de carrera modernos y se mantiene fiel al aut\u00e9ntico ADN de los deportes de motor de PUMA. Con un dise\u00f1o de suela exterior inspirado directamente en el patr\u00f3n de la banda de rodadura de los neum\u00e1ticos caracter\u00edstico de Pirelli y una goma que envuelve el pie para un mayor agarre y soporte, el Replicat-X es ideal tanto en la pista como en la calle.<\/span><\/div>\n<\/div>\n<div>\n<p><strong>CARACTER\u00cdSTICAS Y BENEFICIOS<\/strong><\/p>\n<ul>\n<li>COMODIDAD: Parte superior de tela acolchada para mayor comodidad en la pista y la calle.<\/li>\n<li>AGARRE: Suela de goma con dibujo de banda de rodadura inspirado en los neum\u00e1ticos de alto rendimiento de F1 para un agarre de alto rendimiento<\/li>\n<li>SOPORTE: La goma envuelve el pie para brindar mayor soporte y protecci\u00f3n contra la abrasi\u00f3n diaria.<\/li>\n<li>Parte superior de tejido suave y cincha<\/li>\n<li>Cierre con cord\u00f3n y ajustador el\u00e1stico en la parte superior.<\/li>\n<li>Cuello y leng\u00fceta tipo calcet\u00edn f\u00e1ciles de poner<\/li>\n<li>Entresuela de compuesto de caucho ligero<\/li>\n<li>Suela de goma texturizada inspirada en los patrones de las bandas de rodadura de los neum\u00e1ticos<\/li>\n<li>Superposici\u00f3n de franja caracter\u00edstica PUMA de goma en el lateral<\/li>\n<li>Logotipo de PUMA Cat en el antepi\u00e9<\/li>\n<li>Marca PUMA x PIRELLI en la leng\u00fceta<\/li>\n<li>Marca Pirelli en el tal\u00f3n<\/li>\n<\/ul>\n<p><strong>Detalles:<\/strong><\/p>\n<p><strong>Marca:<\/strong> Puma.<\/p>\n<p><strong>Modelo:<\/strong> <span>339969-01.<\/span><\/p>\n<p><strong>G\u00e9nero:<\/strong> Masculino.<\/p>\n<p><strong>Color:\u00a0<\/strong><span>Puma Negro-Morado Luminoso-Lima Soleado<\/span><\/p>\n<\/div>\n<div><\/div>\n","protected":false},"excerpt":{"rendered":"<p>REPLICAT-X 1.8 PIRELLI El Replicat-X 1.8 Pirelli adopta la ferocidad y la forma de los autos de carrera modernos y<\/p>\n","protected":false},"featured_media":57312,"comment_status":"open","ping_status":"closed","template":"","meta":{"nf_dc_page":""},"product_brand":[],"product_cat":[76],"product_tag":[],"class_list":{"0":"post-57311","1":"product","2":"type-product","3":"status-publish","4":"has-post-thumbnail","6":"product_cat-masculino","8":"first","9":"instock","10":"shipping-taxable","11":"purchasable","12":"product-type-simple"},"_links":{"self":[{"href":"https:\/\/brandss.com.py\/index\/wp-json\/wp\/v2\/product\/57311","targetHints":{"allow":["GET"]}}],"collection":[{"href":"https:\/\/brandss.com.py\/index\/wp-json\/wp\/v2\/product"}],"about":[{"href":"https:\/\/brandss.com.py\/index\/wp-json\/wp\/v2\/types\/product"}],"replies":[{"embeddable":true,"href":"https:\/\/brandss.com.py\/index\/wp-json\/wp\/v2\/comments?post=57311"}],"version-history":[{"count":1,"href":"https:\/\/brandss.com.py\/index\/wp-json\/wp\/v2\/product\/57311\/revisions"}],"predecessor-version":[{"id":57320,"href":"https:\/\/brandss.com.py\/index\/wp-json\/wp\/v2\/product\/57311\/revisions\/57320"}],"wp:featuredmedia":[{"embeddable":true,"href":"https:\/\/brandss.com.py\/index\/wp-json\/wp\/v2\/media\/57312"}],"wp:attachment":[{"href":"https:\/\/brandss.com.py\/index\/wp-json\/wp\/v2\/media?parent=57311"}],"wp:term":[{"taxonomy":"product_brand","embeddable":true,"href":"https:\/\/brandss.com.py\/index\/wp-json\/wp\/v2\/product_brand?post=57311"},{"taxonomy":"product_cat","embeddable":true,"href":"https:\/\/brandss.com.py\/index\/wp-json\/wp\/v2\/product_cat?post=57311"},{"taxonomy":"product_tag","embeddable":true,"href":"https:\/\/brandss.com.py\/index\/wp-json\/wp\/v2\/product_tag?post=57311"}],"curies":[{"name":"wp","href":"https:\/\/api.w.org\/{rel}","templated":true}]}}