{"id":57329,"date":"2024-09-04T11:39:59","date_gmt":"2024-09-04T11:39:59","guid":{"rendered":"https:\/\/brandss.com.py\/index\/?post_type=product&#038;p=57329"},"modified":"2025-07-14T10:12:55","modified_gmt":"2025-07-14T10:12:55","slug":"calzado-deportivo-masculino-puma-suede-classic-mono-gold","status":"publish","type":"product","link":"https:\/\/brandss.com.py\/index\/producto\/calzado-deportivo-masculino-puma-suede-classic-mono-gold\/","title":{"rendered":"CALZADO DEPORTIVO MASCULINO PUMA SUEDE CLASSIC MONO GOLD"},"content":{"rendered":"<p><img loading=\"lazy\" decoding=\"async\" class=\"\" src=\"https:\/\/1000logos.net\/wp-content\/uploads\/2021\/04\/Puma-logo.png\" alt=\"PUMA Logo and symbol, meaning, history, PNG, brand\" width=\"124\" height=\"62\" \/><\/p>\n<h1>SUEDE CLASSIC MONO GOLD.<\/h1>\n<p>Sin duda, uno de los modelos m\u00e1s conocidos y populares de PUMA, este dise\u00f1o merece con justicia su lugar en el cari\u00f1o del p\u00fablico y en todos los salones de la fama. En t\u00e9rminos culturales, se puede decir que las Suede fueron las primeros calzados del BBoyism.<\/p>\n<p><span>Puma Suede es un calzado ic\u00f3nico que ha trascendido generaciones y movimientos culturales desde su debut en 1968. Originalmente concebida como un calzado de baloncesto, r\u00e1pidamente se convirti\u00f3 en un s\u00edmbolo del estilo urbano, adoptada por todos, desde bailarines de breakdance hasta artistas de hip-hop. Su dise\u00f1o presenta una distintiva silueta de ca\u00f1a baja confeccionada con material de gamuza suave, una suela de goma para mayor tracci\u00f3n y la caracter\u00edstica franja caracter\u00edstica de Puma en los laterales. Disponible en una variedad de colores, este calzado vers\u00e1til ha mantenido su atractivo no solo como una pieza de calzado funcional, sino como un artefacto cultural que captura la esencia de varias subculturas urbanas.<\/span><\/p>\n<p><span>Adem\u00e1s de su influencia en el \u00e1mbito de los deportes y la moda urbana, las Puma Suede tambi\u00e9n han sido fundamentales en numerosas colaboraciones con dise\u00f1adores, m\u00fasicos y artistas, consolidando a\u00fan m\u00e1s su condici\u00f3n de cl\u00e1sico atemporal. Entre las ediciones limitadas m\u00e1s destacadas se incluyen las colaboraciones con FUBU, la colecci\u00f3n FENTY de Rihanna y una gran cantidad de otras marcas e individuos influyentes. Estas colaboraciones no solo han renovado el dise\u00f1o, sino que tambi\u00e9n han superado los l\u00edmites en t\u00e9rminos de creatividad y comentario cultural. La duradera popularidad de las Puma Suede es un testimonio de su dise\u00f1o innovador, su comodidad y la forma perfecta en que se adapta al panorama en constante cambio de la moda y el estilo de vida.<\/span><\/p>\n<p><strong>Detalles:<\/strong><\/p>\n<p><strong>Marca:<\/strong> Puma.<\/p>\n<p><strong>Modelo:<\/strong> <span>381468-01.<\/span><\/p>\n<p><strong>G\u00e9nero:<\/strong> Masculino.<\/p>\n<p><strong>Color:<\/strong> Rojo\/ Dorado.<\/p>\n","protected":false},"excerpt":{"rendered":"<p>SUEDE CLASSIC MONO GOLD. Sin duda, uno de los modelos m\u00e1s conocidos y populares de PUMA, este dise\u00f1o merece con<\/p>\n","protected":false},"featured_media":57330,"comment_status":"open","ping_status":"closed","template":"","meta":{"nf_dc_page":""},"product_brand":[],"product_cat":[76],"product_tag":[],"class_list":{"0":"post-57329","1":"product","2":"type-product","3":"status-publish","4":"has-post-thumbnail","6":"product_cat-masculino","8":"first","9":"instock","10":"shipping-taxable","11":"purchasable","12":"product-type-simple"},"_links":{"self":[{"href":"https:\/\/brandss.com.py\/index\/wp-json\/wp\/v2\/product\/57329","targetHints":{"allow":["GET"]}}],"collection":[{"href":"https:\/\/brandss.com.py\/index\/wp-json\/wp\/v2\/product"}],"about":[{"href":"https:\/\/brandss.com.py\/index\/wp-json\/wp\/v2\/types\/product"}],"replies":[{"embeddable":true,"href":"https:\/\/brandss.com.py\/index\/wp-json\/wp\/v2\/comments?post=57329"}],"version-history":[{"count":1,"href":"https:\/\/brandss.com.py\/index\/wp-json\/wp\/v2\/product\/57329\/revisions"}],"predecessor-version":[{"id":57337,"href":"https:\/\/brandss.com.py\/index\/wp-json\/wp\/v2\/product\/57329\/revisions\/57337"}],"wp:featuredmedia":[{"embeddable":true,"href":"https:\/\/brandss.com.py\/index\/wp-json\/wp\/v2\/media\/57330"}],"wp:attachment":[{"href":"https:\/\/brandss.com.py\/index\/wp-json\/wp\/v2\/media?parent=57329"}],"wp:term":[{"taxonomy":"product_brand","embeddable":true,"href":"https:\/\/brandss.com.py\/index\/wp-json\/wp\/v2\/product_brand?post=57329"},{"taxonomy":"product_cat","embeddable":true,"href":"https:\/\/brandss.com.py\/index\/wp-json\/wp\/v2\/product_cat?post=57329"},{"taxonomy":"product_tag","embeddable":true,"href":"https:\/\/brandss.com.py\/index\/wp-json\/wp\/v2\/product_tag?post=57329"}],"curies":[{"name":"wp","href":"https:\/\/api.w.org\/{rel}","templated":true}]}}