{"id":57339,"date":"2024-09-04T12:27:32","date_gmt":"2024-09-04T12:27:32","guid":{"rendered":"https:\/\/brandss.com.py\/index\/?post_type=product&#038;p=57339"},"modified":"2025-07-24T10:45:02","modified_gmt":"2025-07-24T10:45:02","slug":"calzado-deportivo-masculino-puma-gv-special","status":"publish","type":"product","link":"https:\/\/brandss.com.py\/index\/producto\/calzado-deportivo-masculino-puma-gv-special\/","title":{"rendered":"CALZADO DEPORTIVO MASCULINO PUMA GV SPECIAL"},"content":{"rendered":"<p><img loading=\"lazy\" decoding=\"async\" class=\"\" src=\"https:\/\/1000logos.net\/wp-content\/uploads\/2021\/04\/Puma-logo.png\" alt=\"PUMA Logo and symbol, meaning, history, PNG, brand\" width=\"88\" height=\"44\" \/><\/p>\n<h1>GV SPECIAL.<\/h1>\n<p>El calzado Puma GV Special revive una silueta cl\u00e1sica de la d\u00e9cada de 1980 con una construcci\u00f3n de primera calidad. Esta nueva edici\u00f3n, vestida de negro desde el tal\u00f3n hasta la punta, presenta una parte superior de cuero abatanado acentuada por perforaciones en la puntera y superposiciones de franjas caracter\u00edsticas a juego en las paredes laterales y mediales. La marca dorada metalizada est\u00e1 estampada a lo largo de la pared lateral y la tapa del tal\u00f3n, mientras que debajo del pie, una suela exterior de goma duradera refuerza el dise\u00f1o.<\/p>\n<p>Game, set, match. Partido ganado. Estos calzados llegan directamente de nuestro archivo de 1982. Tienen el dise\u00f1o de tenis cl\u00e1sico de PUMA y rinden homenaje a la exitosa carrera del tenista argentino Guillermo Vilas. Las GV Special + nos sorprenden con una base gruesa y un empeine de cuero completo que nunca pasa de moda.<\/p>\n<p><span>El PUMA GV Special naci\u00f3 en las canchas de tenis, pero ahora se encuentra en las calles. Esta silueta de archivo inspirada en el tenis presenta una parte superior de cuero impecable y una entresuela de IMEVA suave en la parte inferior.<\/span><\/p>\n<p>&nbsp;<\/p>\n<ul>\n<li><span>Parte superior de cuero<\/span><\/li>\n<li><span>Perforaciones para transpirabilidad.<\/span><\/li>\n<li><span>Sistema de cordones tradicional<\/span><\/li>\n<li><span>Superposiciones de franjas de forma en los lados<\/span><\/li>\n<li><span>Etiqueta con el logotipo de PUMA en la leng\u00fceta<\/span><\/li>\n<li><span>Entresuela de espuma IMEVA<\/span><\/li>\n<li><span>Suela de goma<\/span><\/li>\n<\/ul>\n<p>&nbsp;<\/p>\n<p><strong>Detalles:<\/strong><\/p>\n<p>&nbsp;<\/p>\n<p><strong>Marca:<\/strong> Puma.<\/p>\n<p><strong>Modelo:<\/strong> 366613-02.<\/p>\n<p><strong>G\u00e9nero:<\/strong> Masculino.<\/p>\n<p><strong>Color:<\/strong> Negro\/ Dorado.<\/p>\n","protected":false},"excerpt":{"rendered":"<p>GV SPECIAL. El calzado Puma GV Special revive una silueta cl\u00e1sica de la d\u00e9cada de 1980 con una construcci\u00f3n de<\/p>\n","protected":false},"featured_media":57340,"comment_status":"open","ping_status":"closed","template":"","meta":{"nf_dc_page":""},"product_brand":[],"product_cat":[76],"product_tag":[],"class_list":{"0":"post-57339","1":"product","2":"type-product","3":"status-publish","4":"has-post-thumbnail","6":"product_cat-masculino","8":"first","9":"instock","10":"shipping-taxable","11":"purchasable","12":"product-type-simple"},"_links":{"self":[{"href":"https:\/\/brandss.com.py\/index\/wp-json\/wp\/v2\/product\/57339","targetHints":{"allow":["GET"]}}],"collection":[{"href":"https:\/\/brandss.com.py\/index\/wp-json\/wp\/v2\/product"}],"about":[{"href":"https:\/\/brandss.com.py\/index\/wp-json\/wp\/v2\/types\/product"}],"replies":[{"embeddable":true,"href":"https:\/\/brandss.com.py\/index\/wp-json\/wp\/v2\/comments?post=57339"}],"version-history":[{"count":1,"href":"https:\/\/brandss.com.py\/index\/wp-json\/wp\/v2\/product\/57339\/revisions"}],"predecessor-version":[{"id":57350,"href":"https:\/\/brandss.com.py\/index\/wp-json\/wp\/v2\/product\/57339\/revisions\/57350"}],"wp:featuredmedia":[{"embeddable":true,"href":"https:\/\/brandss.com.py\/index\/wp-json\/wp\/v2\/media\/57340"}],"wp:attachment":[{"href":"https:\/\/brandss.com.py\/index\/wp-json\/wp\/v2\/media?parent=57339"}],"wp:term":[{"taxonomy":"product_brand","embeddable":true,"href":"https:\/\/brandss.com.py\/index\/wp-json\/wp\/v2\/product_brand?post=57339"},{"taxonomy":"product_cat","embeddable":true,"href":"https:\/\/brandss.com.py\/index\/wp-json\/wp\/v2\/product_cat?post=57339"},{"taxonomy":"product_tag","embeddable":true,"href":"https:\/\/brandss.com.py\/index\/wp-json\/wp\/v2\/product_tag?post=57339"}],"curies":[{"name":"wp","href":"https:\/\/api.w.org\/{rel}","templated":true}]}}