{"id":57351,"date":"2024-09-04T12:56:25","date_gmt":"2024-09-04T12:56:25","guid":{"rendered":"https:\/\/brandss.com.py\/index\/?post_type=product&#038;p=57351"},"modified":"2025-07-22T10:16:25","modified_gmt":"2025-07-22T10:16:25","slug":"calzado-deportivo-masculino-puma-suede-displaced-go","status":"publish","type":"product","link":"https:\/\/brandss.com.py\/index\/producto\/calzado-deportivo-masculino-puma-suede-displaced-go\/","title":{"rendered":"CALZADO DEPORTIVO MASCULINO PUMA SUEDE DISPLACED GO"},"content":{"rendered":"<p><img loading=\"lazy\" decoding=\"async\" class=\"\" src=\"https:\/\/1000logos.net\/wp-content\/uploads\/2021\/04\/Puma-logo.png\" alt=\"PUMA Logo and symbol, meaning, history, PNG, brand\" width=\"108\" height=\"54\" \/><\/p>\n<h1>SUEDE DISPLACED GO.<\/h1>\n<p>\u00a1Recuperando los a\u00f1os 60 con fuerza! El PUMA Suede sali\u00f3 a la calle por primera vez en 1968, y el PUMA Suede Go For es la actualizaci\u00f3n actual de los OG. Cambiando el juego desde sus inicios, estos zapatos han visto de todo, desde la protesta de Tommie Smith en el estrado de la victoria durante los Juegos Ol\u00edmpicos del 68 hasta grupos de b-boys en Nueva York en los a\u00f1os 80.<\/p>\n<p>El Suede Displaced viene con varias partes del zapato que se duplican y desplazan, como la franja, la leng\u00fceta y el ojal. Celebra todo lo relacionado con el deporte, desde el esfuerzo en equipo, la cultura y la alegr\u00eda del juego, con estas siluetas ultramodernas y elegantes. Usado por \u00edconos de cada generaci\u00f3n, el PUMA Suede Go For es parte de la historia que cambi\u00f3 el mundo de la cultura de los calzados.<\/p>\n<p>La gamuza lleg\u00f3 a escena en 1968 y ha estado cambiando el juego desde entonces. Ha sido usado por los iconos de cada generaci\u00f3n y se ha mantenido cl\u00e1sico a trav\u00e9s de todo&#8221;. Este a\u00f1o, relanzamos la gamuza con combinaciones de colores frescos y actualizaciones de dise\u00f1o sutiles. Cl\u00e1sico como siempre.<\/p>\n<p>El lenguaje de dise\u00f1o retro representa el esp\u00edritu de paz y uni\u00f3n.<\/p>\n<div class=\"sc-bdnxRM cgtQzt sc-pNWdM\"><span>El calzado Puma Suede Displaced es un calzado elegante y c\u00f3modo de la reconocida marca Puma. Dise\u00f1ada con una elegante parte superior de gamuza azul, ofrece un estilo moderno y vers\u00e1til. Con sus materiales de alta calidad y su construcci\u00f3n confiable, este calzado es perfecto tanto para uso casual como deportivo.<\/span><\/div>\n<div><\/div>\n<div><strong>DETALLES:<\/strong><\/div>\n<div><\/div>\n<div class=\"sc-bdnxRM sc-gtsrHT sc-jSFjdj kIzPuz gfuSqG sm-above\">\n<div class=\"sc-bdnxRM sc-iCoGMd sc-gGLxEB fzUdiI dGJRan\">\n<div class=\"sc-bdnxRM kCNNfV sc-pNWdM\"><strong>Marca<\/strong><span><strong>:<\/strong> Puma.<\/span><\/div>\n<\/div>\n<div class=\"sc-bdnxRM sc-iCoGMd sc-gGLxEB fzUdiI dGJRan\">\n<div class=\"sc-bdnxRM kCNNfV sc-pNWdM\"><strong>Modelo: <\/strong>385504-01.<\/div>\n<\/div>\n<div class=\"sc-bdnxRM sc-iCoGMd sc-gGLxEB fzUdiI dGJRan\">\n<div class=\"sc-bdnxRM kCNNfV sc-pNWdM\"><strong>G\u00e9nero:<\/strong> Masculino.<\/div>\n<div><strong>Color:<\/strong> Azul\/ Negro\/ Blanco\/ Rojo.<\/div>\n<\/div>\n<\/div>\n","protected":false},"excerpt":{"rendered":"<p>SUEDE DISPLACED GO. \u00a1Recuperando los a\u00f1os 60 con fuerza! El PUMA Suede sali\u00f3 a la calle por primera vez en<\/p>\n","protected":false},"featured_media":57352,"comment_status":"open","ping_status":"closed","template":"","meta":{"nf_dc_page":""},"product_brand":[],"product_cat":[76],"product_tag":[],"class_list":{"0":"post-57351","1":"product","2":"type-product","3":"status-publish","4":"has-post-thumbnail","6":"product_cat-masculino","8":"first","9":"instock","10":"shipping-taxable","11":"purchasable","12":"product-type-simple"},"_links":{"self":[{"href":"https:\/\/brandss.com.py\/index\/wp-json\/wp\/v2\/product\/57351","targetHints":{"allow":["GET"]}}],"collection":[{"href":"https:\/\/brandss.com.py\/index\/wp-json\/wp\/v2\/product"}],"about":[{"href":"https:\/\/brandss.com.py\/index\/wp-json\/wp\/v2\/types\/product"}],"replies":[{"embeddable":true,"href":"https:\/\/brandss.com.py\/index\/wp-json\/wp\/v2\/comments?post=57351"}],"version-history":[{"count":1,"href":"https:\/\/brandss.com.py\/index\/wp-json\/wp\/v2\/product\/57351\/revisions"}],"predecessor-version":[{"id":57357,"href":"https:\/\/brandss.com.py\/index\/wp-json\/wp\/v2\/product\/57351\/revisions\/57357"}],"wp:featuredmedia":[{"embeddable":true,"href":"https:\/\/brandss.com.py\/index\/wp-json\/wp\/v2\/media\/57352"}],"wp:attachment":[{"href":"https:\/\/brandss.com.py\/index\/wp-json\/wp\/v2\/media?parent=57351"}],"wp:term":[{"taxonomy":"product_brand","embeddable":true,"href":"https:\/\/brandss.com.py\/index\/wp-json\/wp\/v2\/product_brand?post=57351"},{"taxonomy":"product_cat","embeddable":true,"href":"https:\/\/brandss.com.py\/index\/wp-json\/wp\/v2\/product_cat?post=57351"},{"taxonomy":"product_tag","embeddable":true,"href":"https:\/\/brandss.com.py\/index\/wp-json\/wp\/v2\/product_tag?post=57351"}],"curies":[{"name":"wp","href":"https:\/\/api.w.org\/{rel}","templated":true}]}}