{"id":57388,"date":"2024-09-04T18:02:49","date_gmt":"2024-09-04T18:02:49","guid":{"rendered":"https:\/\/brandss.com.py\/index\/?post_type=product&#038;p=57388"},"modified":"2025-09-12T10:30:13","modified_gmt":"2025-09-12T10:30:13","slug":"calzado-deportivo-masculino-new-balance-997-heritage","status":"publish","type":"product","link":"https:\/\/brandss.com.py\/index\/producto\/calzado-deportivo-masculino-new-balance-997-heritage\/","title":{"rendered":"CALZADO DEPORTIVO MASCULINO NEW BALANCE 997 HERITAGE"},"content":{"rendered":"<p><img loading=\"lazy\" decoding=\"async\" class=\"\" src=\"https:\/\/cdn.freebiesupply.com\/logos\/large\/2x\/new-balance-2-logo-black-and-white.png\" alt=\"New Balance Logo PNG Transparent &amp; SVG Vector - Freebie Supply\" width=\"74\" height=\"74\" \/><\/p>\n<h1>997 HERITAGE.<\/h1>\n<p><span>El 997H es un modelo progresivo de \u00faltima generaci\u00f3n del cl\u00e1sico de culto 997, con un nuevo dise\u00f1o aerodin\u00e1mico para aquellos que est\u00e1n listos para diferenciarse con un favorito moderno. Un calzado de estilo de vida audaz y renovado directamente de los a\u00f1os 90, el 997H celebra una herencia que perdura m\u00e1s all\u00e1 de las tendencias b\u00e1sicas. A trav\u00e9s de d\u00e9cadas de cambios culturales, tu impulso por el estilo permanece. Y con una entresuela de espuma suave para amortiguar cada paso hacia adelante, el dise\u00f1o \u00e1gil del 997H nunca, nunca, te detendr\u00e1. Los independientes m\u00e1s aut\u00e9nticos saben cu\u00e1ndo ha llegado su momento. Elige tu combinaci\u00f3n de colores y enfr\u00e9ntate al futuro. <\/span>La New Balance 997 debut\u00f3 en 1991 y forma parte de la colecci\u00f3n &#8220;Made in the USA&#8221;, inspirada en los grandes de la literatura estadounidense. Incluso hoy en d\u00eda, esta zapatilla de culto sigue siendo muy atractiva para muchos fan\u00e1ticos de las zapatillas, por lo que New Balance lanz\u00f3 muchas reediciones de la 997 en 2014.<\/p>\n<p><strong>Detalles:<\/strong><\/p>\n<p><strong>Marca:<\/strong> New Balance.<\/p>\n<p><strong>Modelo:<\/strong> CM997HAJ.<\/p>\n<p><strong>G\u00e9nero:<\/strong> Masculino.<\/p>\n<p><span><strong>Color:<\/strong> Blanco\/ L\u00e1ser azul\/ Rosa fluor\/ Gris.<\/span><\/p>\n","protected":false},"excerpt":{"rendered":"<p>997 HERITAGE. El 997H es un modelo progresivo de \u00faltima generaci\u00f3n del cl\u00e1sico de culto 997, con un nuevo dise\u00f1o<\/p>\n","protected":false},"featured_media":57389,"comment_status":"open","ping_status":"closed","template":"","meta":{"nf_dc_page":""},"product_brand":[],"product_cat":[76],"product_tag":[],"class_list":{"0":"post-57388","1":"product","2":"type-product","3":"status-publish","4":"has-post-thumbnail","6":"product_cat-masculino","8":"first","9":"instock","10":"shipping-taxable","11":"purchasable","12":"product-type-simple"},"_links":{"self":[{"href":"https:\/\/brandss.com.py\/index\/wp-json\/wp\/v2\/product\/57388","targetHints":{"allow":["GET"]}}],"collection":[{"href":"https:\/\/brandss.com.py\/index\/wp-json\/wp\/v2\/product"}],"about":[{"href":"https:\/\/brandss.com.py\/index\/wp-json\/wp\/v2\/types\/product"}],"replies":[{"embeddable":true,"href":"https:\/\/brandss.com.py\/index\/wp-json\/wp\/v2\/comments?post=57388"}],"version-history":[{"count":1,"href":"https:\/\/brandss.com.py\/index\/wp-json\/wp\/v2\/product\/57388\/revisions"}],"predecessor-version":[{"id":57398,"href":"https:\/\/brandss.com.py\/index\/wp-json\/wp\/v2\/product\/57388\/revisions\/57398"}],"wp:featuredmedia":[{"embeddable":true,"href":"https:\/\/brandss.com.py\/index\/wp-json\/wp\/v2\/media\/57389"}],"wp:attachment":[{"href":"https:\/\/brandss.com.py\/index\/wp-json\/wp\/v2\/media?parent=57388"}],"wp:term":[{"taxonomy":"product_brand","embeddable":true,"href":"https:\/\/brandss.com.py\/index\/wp-json\/wp\/v2\/product_brand?post=57388"},{"taxonomy":"product_cat","embeddable":true,"href":"https:\/\/brandss.com.py\/index\/wp-json\/wp\/v2\/product_cat?post=57388"},{"taxonomy":"product_tag","embeddable":true,"href":"https:\/\/brandss.com.py\/index\/wp-json\/wp\/v2\/product_tag?post=57388"}],"curies":[{"name":"wp","href":"https:\/\/api.w.org\/{rel}","templated":true}]}}