{"id":57410,"date":"2024-09-04T18:59:27","date_gmt":"2024-09-04T18:59:27","guid":{"rendered":"https:\/\/brandss.com.py\/index\/?post_type=product&#038;p=57410"},"modified":"2025-07-29T19:20:37","modified_gmt":"2025-07-29T19:20:37","slug":"calzado-deportivo-masculino-new-balance-hanzo-w-v1","status":"publish","type":"product","link":"https:\/\/brandss.com.py\/index\/producto\/calzado-deportivo-masculino-new-balance-hanzo-w-v1\/","title":{"rendered":"CALZADO DEPORTIVO MASCULINO NEW BALANCE HANZO W V1"},"content":{"rendered":"<p><img loading=\"lazy\" decoding=\"async\" class=\"\" src=\"https:\/\/cdn.freebiesupply.com\/logos\/large\/2x\/new-balance-2-logo-black-and-white.png\" alt=\"New Balance Logo PNG Transparent &amp; SVG Vector - Freebie Supply\" width=\"68\" height=\"68\" \/><\/p>\n<h1>HANZO W V1.<\/h1>\n<p><span>Calzads de running de hombre para entrenamiento y competici\u00f3n. Gracias al material de malla en la parte superior del zapato, la transpirabilidad y el ahorro de peso son de primera clase y los pies no se calentar\u00e1n demasiado ni siquiera en viajes m\u00e1s largos.<\/span><\/p>\n<p><span>El material de la entresuela REVliteX mejora la amortiguaci\u00f3n, es muy ligero y proporciona una mejor sensaci\u00f3n al correr. El retorno de energ\u00eda tambi\u00e9n es mejor que el de la entresuela REVlite normal. Con el uso del material REVliteX, el zapato es especialmente adecuado para largas distancias y maratones.<\/span><\/p>\n<p><span>New Balance ha mantenido la suela lo m\u00e1s delgada posible en el modelo Hanzo R para que el peso del zapato no aumente debido a materiales adicionales. La suela exterior es duradera donde se necesita durabilidad.<\/span><\/p>\n<p>Calzados de running New Balance Hanzo\u00a0 Como la opci\u00f3n de zapatillas de running planas para los corredores de \u00e9lite del Team NB, la NB Hanzo S ofrece la pisada m\u00e1s agresiva. Siguiendo con la probada sensaci\u00f3n bajo los pies de su predecesora, la zapatilla de running competitiva Hanzo\u00a0 presenta una parte superior actualizada. Adem\u00e1s, una serigraf\u00eda 3D externa en la parte media del pie ofrece un soporte din\u00e1mico que es el rendimiento ideal desde 5k hasta 26.2.<\/p>\n<p>Parte superior FantomFit<\/p>\n<p>La parte superior FantomFit envolver\u00e1 cada pie con una comodidad aerodin\u00e1mica. La malla sint\u00e9tica ligera dise\u00f1ada se fusiona con una capa sint\u00e9tica m\u00e1s gruesa y de soporte para crear un soporte ventilado y suave. Las perforaciones en la tela aumentan el flujo de aire para crear un entorno mejor y m\u00e1s saludable para que tus pies ganen. Las superposiciones de gamuza adornan el empeine de malla para aumentar su durabilidad, mientras que la parte media del pie utiliza un material especial de fusi\u00f3n selectiva para producir una estructura ligera en la parte media del pie.<\/p>\n<p>La tecnolog\u00eda FantomFit se combina con una leng\u00fceta y un cuello acolchados para proporcionar un ajuste completo, lo que ayuda a anclarte a la entresuela y reducir el deslizamiento dentro del calzado para que puedas disfrutar de pasos suaves y sin distracciones. La aplicaci\u00f3n de material sin costuras significa menos capas, volumen y peso, adem\u00e1s de un riesgo minimizado de rozaduras y ampollas; porque sabemos c\u00f3mo pueden arruinar tu d\u00eda.<\/p>\n<p>Entresuela REVlite REVlite se encuentra debajo del pie para proporcionar una amortiguaci\u00f3n suave y comodidad. Ligero (30% m\u00e1s ligero que otras espumas New Balance) y resistente, protege tus articulaciones mientras corres sobre concreto duro e implacable. Un toque de Rapid Rebound en el antepi\u00e9 significa un mayor retorno de energ\u00eda; 17% m\u00e1s sensible que las espumas de rendimiento tradicionales de New Balance, reduce el uso de potencia muscular superflua para mantenerte motivado durante m\u00e1s tiempo. Es esta combinaci\u00f3n de dos tecnolog\u00edas la que crea el buscado resorte, estabilidad y protecci\u00f3n que se encuentran en los calzados de carreras Hanzo. Suela ligera Un cambrill\u00f3n de TPU en el mediopi\u00e9 une el antepi\u00e9 y el retropi\u00e9 para mejorar la rigidez torsional, lo que disminuye el riesgo de lesiones mientras corres.<\/p>\n<p><span>\u00a1Una elecci\u00f3n segura para viajes largos y maratones!<\/span><\/p>\n<p class=\"product-facts-title\"><strong>Caracter\u00edsticas:<\/strong><\/p>\n<ul class=\"a-unordered-list a-vertical a-spacing-small\">\n<li><span class=\"a-list-item a-size-base a-color-base\"><span>FantomFit: la parte superior dise\u00f1ada esquel\u00e9ticamente proporciona soporte liviano y espec\u00edfico y comodidad ventilada.<\/span><\/span><\/li>\n<\/ul>\n<ul class=\"a-unordered-list a-vertical a-spacing-small\">\n<li><span class=\"a-list-item a-size-base a-color-base\"><span>Superposiciones de gamuza: cubren el empeine para aumentar la durabilidad y la protecci\u00f3n.<\/span><\/span><\/li>\n<\/ul>\n<ul class=\"a-unordered-list a-vertical a-spacing-small\">\n<li><span class=\"a-list-item a-size-base a-color-base\"><span>Soporte en la parte media del pie: el material especial de fusi\u00f3n selectiva proporciona un ajuste liviano.<\/span><\/span><\/li>\n<\/ul>\n<ul class=\"a-unordered-list a-vertical a-spacing-small\">\n<li><span class=\"a-list-item a-size-base a-color-base\"><span>Leng\u00fceta y cuello acolchados: proporcionan un soporte suave.<\/span><\/span><\/li>\n<\/ul>\n<ul class=\"a-unordered-list a-vertical a-spacing-small\">\n<li><span class=\"a-list-item a-size-base a-color-base\"><span>Aplicaci\u00f3n de material sin costura: reduce las capas, el volumen, el peso y el riesgo de irritaci\u00f3n.<\/span><\/span><\/li>\n<\/ul>\n<p><strong>Detalles:<\/strong><\/p>\n<p><strong>Marca:<\/strong> New Balance.<\/p>\n<p><strong>Modelo:<\/strong> MHANZWA1.<\/p>\n<p><strong>G\u00e9nero:<\/strong> Masculino.<\/p>\n<p><strong>Color:<\/strong> Gris\/Plata\/ Blanco.<\/p>\n","protected":false},"excerpt":{"rendered":"<p>HANZO W V1. Calzads de running de hombre para entrenamiento y competici\u00f3n. Gracias al material de malla en la parte<\/p>\n","protected":false},"featured_media":57411,"comment_status":"open","ping_status":"closed","template":"","meta":{"nf_dc_page":""},"product_brand":[],"product_cat":[76],"product_tag":[],"class_list":{"0":"post-57410","1":"product","2":"type-product","3":"status-publish","4":"has-post-thumbnail","6":"product_cat-masculino","8":"first","9":"instock","10":"shipping-taxable","11":"purchasable","12":"product-type-simple"},"_links":{"self":[{"href":"https:\/\/brandss.com.py\/index\/wp-json\/wp\/v2\/product\/57410","targetHints":{"allow":["GET"]}}],"collection":[{"href":"https:\/\/brandss.com.py\/index\/wp-json\/wp\/v2\/product"}],"about":[{"href":"https:\/\/brandss.com.py\/index\/wp-json\/wp\/v2\/types\/product"}],"replies":[{"embeddable":true,"href":"https:\/\/brandss.com.py\/index\/wp-json\/wp\/v2\/comments?post=57410"}],"version-history":[{"count":1,"href":"https:\/\/brandss.com.py\/index\/wp-json\/wp\/v2\/product\/57410\/revisions"}],"predecessor-version":[{"id":57415,"href":"https:\/\/brandss.com.py\/index\/wp-json\/wp\/v2\/product\/57410\/revisions\/57415"}],"wp:featuredmedia":[{"embeddable":true,"href":"https:\/\/brandss.com.py\/index\/wp-json\/wp\/v2\/media\/57411"}],"wp:attachment":[{"href":"https:\/\/brandss.com.py\/index\/wp-json\/wp\/v2\/media?parent=57410"}],"wp:term":[{"taxonomy":"product_brand","embeddable":true,"href":"https:\/\/brandss.com.py\/index\/wp-json\/wp\/v2\/product_brand?post=57410"},{"taxonomy":"product_cat","embeddable":true,"href":"https:\/\/brandss.com.py\/index\/wp-json\/wp\/v2\/product_cat?post=57410"},{"taxonomy":"product_tag","embeddable":true,"href":"https:\/\/brandss.com.py\/index\/wp-json\/wp\/v2\/product_tag?post=57410"}],"curies":[{"name":"wp","href":"https:\/\/api.w.org\/{rel}","templated":true}]}}