{"id":57416,"date":"2024-09-04T19:19:26","date_gmt":"2024-09-04T19:19:26","guid":{"rendered":"https:\/\/brandss.com.py\/index\/?post_type=product&#038;p=57416"},"modified":"2025-10-16T19:16:08","modified_gmt":"2025-10-16T19:16:08","slug":"calzado-deportivo-masculino-new-balance-audazo-v5-pro-suede-indoor-futsal","status":"publish","type":"product","link":"https:\/\/brandss.com.py\/index\/producto\/calzado-deportivo-masculino-new-balance-audazo-v5-pro-suede-indoor-futsal\/","title":{"rendered":"CALZADO DEPORTIVO MASCULINO NEW BALANCE AUDAZO V5+ PRO SUEDE INDOOR FUTSAL"},"content":{"rendered":"<p><img loading=\"lazy\" decoding=\"async\" class=\"\" src=\"https:\/\/cdn.freebiesupply.com\/logos\/large\/2x\/new-balance-2-logo-black-and-white.png\" alt=\"New Balance Logo PNG Transparent &amp; SVG Vector - Freebie Supply\" width=\"68\" height=\"68\" \/><\/p>\n<h1>AUDAZO V5+ PRO SUEDE INDOOR FUTSAL.<\/h1>\n<p>Los calzados de pista AUDAZO V5+ PRO SUEDE IN est\u00e1n dise\u00f1adas para jugar en interiores. La parte superior ligera y transpirable, fabricada con materiales sint\u00e9ticos y ante, garantiza un control, un tacto del bal\u00f3n y una comodidad \u00f3ptimos durante el juego. La suela antideslizante permite un movimiento natural y garantiza la m\u00e1xima maniobrabilidad y agarre en el pasillo.<\/p>\n<p>Especificaciones: &#8211; Para uso en interiores<\/p>\n<p><strong>Detalles:<\/strong><\/p>\n<p><strong>Marca:<\/strong> New Balance.<\/p>\n<p><strong>Modelo:<\/strong> MSASIG55.<\/p>\n<p><strong>G\u00e9nero:<\/strong> Masculino.<\/p>\n<p><strong>Color:<\/strong> Gris\/ Verde lima.<\/p>\n","protected":false},"excerpt":{"rendered":"<p>AUDAZO V5+ PRO SUEDE INDOOR FUTSAL. Los calzados de pista AUDAZO V5+ PRO SUEDE IN est\u00e1n dise\u00f1adas para jugar en<\/p>\n","protected":false},"featured_media":57417,"comment_status":"open","ping_status":"closed","template":"","meta":{"nf_dc_page":""},"product_brand":[],"product_cat":[76],"product_tag":[],"class_list":{"0":"post-57416","1":"product","2":"type-product","3":"status-publish","4":"has-post-thumbnail","6":"product_cat-masculino","8":"first","9":"instock","10":"shipping-taxable","11":"purchasable","12":"product-type-simple"},"_links":{"self":[{"href":"https:\/\/brandss.com.py\/index\/wp-json\/wp\/v2\/product\/57416","targetHints":{"allow":["GET"]}}],"collection":[{"href":"https:\/\/brandss.com.py\/index\/wp-json\/wp\/v2\/product"}],"about":[{"href":"https:\/\/brandss.com.py\/index\/wp-json\/wp\/v2\/types\/product"}],"replies":[{"embeddable":true,"href":"https:\/\/brandss.com.py\/index\/wp-json\/wp\/v2\/comments?post=57416"}],"version-history":[{"count":1,"href":"https:\/\/brandss.com.py\/index\/wp-json\/wp\/v2\/product\/57416\/revisions"}],"predecessor-version":[{"id":57425,"href":"https:\/\/brandss.com.py\/index\/wp-json\/wp\/v2\/product\/57416\/revisions\/57425"}],"wp:featuredmedia":[{"embeddable":true,"href":"https:\/\/brandss.com.py\/index\/wp-json\/wp\/v2\/media\/57417"}],"wp:attachment":[{"href":"https:\/\/brandss.com.py\/index\/wp-json\/wp\/v2\/media?parent=57416"}],"wp:term":[{"taxonomy":"product_brand","embeddable":true,"href":"https:\/\/brandss.com.py\/index\/wp-json\/wp\/v2\/product_brand?post=57416"},{"taxonomy":"product_cat","embeddable":true,"href":"https:\/\/brandss.com.py\/index\/wp-json\/wp\/v2\/product_cat?post=57416"},{"taxonomy":"product_tag","embeddable":true,"href":"https:\/\/brandss.com.py\/index\/wp-json\/wp\/v2\/product_tag?post=57416"}],"curies":[{"name":"wp","href":"https:\/\/api.w.org\/{rel}","templated":true}]}}