{"id":57426,"date":"2024-09-05T11:37:19","date_gmt":"2024-09-05T11:37:19","guid":{"rendered":"https:\/\/brandss.com.py\/index\/?post_type=product&#038;p=57426"},"modified":"2025-07-29T19:20:37","modified_gmt":"2025-07-29T19:20:37","slug":"calzado-deportivo-masculino-new-balance-574","status":"publish","type":"product","link":"https:\/\/brandss.com.py\/index\/producto\/calzado-deportivo-masculino-new-balance-574\/","title":{"rendered":"CALZADO DEPORTIVO MASCULINO NEW BALANCE 574"},"content":{"rendered":"<p><img loading=\"lazy\" decoding=\"async\" class=\"\" src=\"https:\/\/cdn.freebiesupply.com\/logos\/large\/2x\/new-balance-2-logo-black-and-white.png\" alt=\"New Balance Logo PNG Transparent &amp; SVG Vector - Freebie Supply\" width=\"73\" height=\"73\" \/><\/p>\n<h1>574.<\/h1>\n<p>La serie 574 comenz\u00f3 como zapatilla para correr en 1988 y ha evolucionado hasta convertirse en una de las zapatillas m\u00e1s queridas del mundo. El New Balance 574 Classic promete los pasos m\u00e1s ligeros gracias a su llamativa construcci\u00f3n de gamuza premium. Es una elecci\u00f3n atemporal que destaca.<\/p>\n<p>Los productos New Balance son la combinaci\u00f3n perfecta de funcionalidad y moda, y ofrecen la tecnolog\u00eda de alto rendimiento necesaria para crear estilos modernos y elegantes. New Balance ofrece uno de los mejores productos del mercado y se dedica a proporcionar productos superiores a precios asequibles. New Balance tambi\u00e9n se enorgullece de ser una de las \u00fanicas empresas que ensambla m\u00e1s de 4 millones de pares de calzado deportivo en los EE. UU. por a\u00f1o.<\/p>\n<p><strong>Detalles:<\/strong><\/p>\n<p><strong>Marca:<\/strong> New Balance.<\/p>\n<p><strong>Modelo:<\/strong> XU574TX2.<\/p>\n<p><strong>G\u00e9nero:<\/strong> Masculino.<\/p>\n<p><strong>Color:<\/strong> Negro\/ Verde.<\/p>\n","protected":false},"excerpt":{"rendered":"<p>574. La serie 574 comenz\u00f3 como zapatilla para correr en 1988 y ha evolucionado hasta convertirse en una de las<\/p>\n","protected":false},"featured_media":57427,"comment_status":"open","ping_status":"closed","template":"","meta":{"nf_dc_page":""},"product_brand":[],"product_cat":[76],"product_tag":[],"class_list":{"0":"post-57426","1":"product","2":"type-product","3":"status-publish","4":"has-post-thumbnail","6":"product_cat-masculino","8":"first","9":"instock","10":"shipping-taxable","11":"purchasable","12":"product-type-simple"},"_links":{"self":[{"href":"https:\/\/brandss.com.py\/index\/wp-json\/wp\/v2\/product\/57426","targetHints":{"allow":["GET"]}}],"collection":[{"href":"https:\/\/brandss.com.py\/index\/wp-json\/wp\/v2\/product"}],"about":[{"href":"https:\/\/brandss.com.py\/index\/wp-json\/wp\/v2\/types\/product"}],"replies":[{"embeddable":true,"href":"https:\/\/brandss.com.py\/index\/wp-json\/wp\/v2\/comments?post=57426"}],"version-history":[{"count":1,"href":"https:\/\/brandss.com.py\/index\/wp-json\/wp\/v2\/product\/57426\/revisions"}],"predecessor-version":[{"id":57432,"href":"https:\/\/brandss.com.py\/index\/wp-json\/wp\/v2\/product\/57426\/revisions\/57432"}],"wp:featuredmedia":[{"embeddable":true,"href":"https:\/\/brandss.com.py\/index\/wp-json\/wp\/v2\/media\/57427"}],"wp:attachment":[{"href":"https:\/\/brandss.com.py\/index\/wp-json\/wp\/v2\/media?parent=57426"}],"wp:term":[{"taxonomy":"product_brand","embeddable":true,"href":"https:\/\/brandss.com.py\/index\/wp-json\/wp\/v2\/product_brand?post=57426"},{"taxonomy":"product_cat","embeddable":true,"href":"https:\/\/brandss.com.py\/index\/wp-json\/wp\/v2\/product_cat?post=57426"},{"taxonomy":"product_tag","embeddable":true,"href":"https:\/\/brandss.com.py\/index\/wp-json\/wp\/v2\/product_tag?post=57426"}],"curies":[{"name":"wp","href":"https:\/\/api.w.org\/{rel}","templated":true}]}}