{"id":57440,"date":"2024-09-05T13:53:43","date_gmt":"2024-09-05T13:53:43","guid":{"rendered":"https:\/\/brandss.com.py\/index\/?post_type=product&#038;p=57440"},"modified":"2025-08-02T11:37:42","modified_gmt":"2025-08-02T11:37:42","slug":"calzado-deportivo-masculino-new-balance-fresh-foam-garoe-midcut","status":"publish","type":"product","link":"https:\/\/brandss.com.py\/index\/producto\/calzado-deportivo-masculino-new-balance-fresh-foam-garoe-midcut\/","title":{"rendered":"CALZADO DEPORTIVO MASCULINO NEW BALANCE FRESH FOAM GARO\u00c9 MIDCUT"},"content":{"rendered":"<p><img loading=\"lazy\" decoding=\"async\" class=\"\" src=\"https:\/\/cdn.freebiesupply.com\/logos\/large\/2x\/new-balance-2-logo-black-and-white.png\" alt=\"New Balance Logo PNG Transparent &amp; SVG Vector - Freebie Supply\" width=\"66\" height=\"66\" \/><\/p>\n<h1>FRESH FOAM GARO\u00c9 MIDCUT.<\/h1>\n<p>Dise\u00f1ado para aventuras dentro y fuera de pista, el New Balance FRESH FOAM Garo\u00e9 MID es un zapato deportivo vers\u00e1til y de alto rendimiento. C\u00f3modo pero duradero, este impresionante zapato deportivo est\u00e1 equipado con una entresuela Fresh Foam para amortiguaci\u00f3n debajo del pie y una suela AT Tread para tracci\u00f3n. Los calzados de trail Fresh Foam Garoe Midcut ofrecen un rendimiento todoterreno, fiable y vers\u00e1til. La amortiguaci\u00f3n de la entresuela Fresh Foam est\u00e1 dise\u00f1ada con precisi\u00f3n para ofrecer una pisada ligera y ultra amortiguada. La suela AT Tread proporciona tracci\u00f3n vers\u00e1til tanto dentro como fuera de la carretera, actividades en la carretera. La tecnolog\u00eda Toe Protect ayuda a proteger los pies de rocas, ra\u00edces y escombros.<\/p>\n<p><strong>Caracter\u00edsticas:<\/strong><\/p>\n<ul>\n<li class=\"feature\"><span>La amortiguaci\u00f3n de la entresuela Fresh Foam est\u00e1 dise\u00f1ada con precisi\u00f3n para brindar una pisada liviana y ultra amortiguada.<\/span><\/li>\n<li class=\"feature\"><span>La suela exterior AT Tread proporciona tracci\u00f3n vers\u00e1til durante actividades tanto dentro como fuera de la carretera.<\/span><\/li>\n<li class=\"feature\"><span>La tecnolog\u00eda Toe Protect ayuda a proteger los pies de rocas, ra\u00edces y escombros.<\/span><\/li>\n<li class=\"feature\">Ca\u00edda de 8 mm**<\/li>\n<li class=\"feature\"><span>Espuma fresca<\/span><\/li>\n<li class=\"feature\"><span>Malla<\/span><\/li>\n<li class=\"feature\"><span>Cord\u00f3n<\/span><\/li>\n<\/ul>\n<p><strong>Detalles:\u00a0<\/strong><\/p>\n<p><strong>Marca:<\/strong> New Balance.<\/p>\n<p><strong>Modelo:<\/strong> MTGAMCCB.<\/p>\n<p><strong>G\u00e9nero:<\/strong> Masculino.<\/p>\n<p><strong>Color:<\/strong> <span data-qa=\"ProductColorway\">Negro\/Phantom\/Neo Flame<\/span><\/p>\n","protected":false},"excerpt":{"rendered":"<p>FRESH FOAM GARO\u00c9 MIDCUT. Dise\u00f1ado para aventuras dentro y fuera de pista, el New Balance FRESH FOAM Garo\u00e9 MID es<\/p>\n","protected":false},"featured_media":57441,"comment_status":"open","ping_status":"closed","template":"","meta":{"nf_dc_page":""},"product_brand":[],"product_cat":[76],"product_tag":[],"class_list":{"0":"post-57440","1":"product","2":"type-product","3":"status-publish","4":"has-post-thumbnail","6":"product_cat-masculino","8":"first","9":"instock","10":"shipping-taxable","11":"purchasable","12":"product-type-simple"},"_links":{"self":[{"href":"https:\/\/brandss.com.py\/index\/wp-json\/wp\/v2\/product\/57440","targetHints":{"allow":["GET"]}}],"collection":[{"href":"https:\/\/brandss.com.py\/index\/wp-json\/wp\/v2\/product"}],"about":[{"href":"https:\/\/brandss.com.py\/index\/wp-json\/wp\/v2\/types\/product"}],"replies":[{"embeddable":true,"href":"https:\/\/brandss.com.py\/index\/wp-json\/wp\/v2\/comments?post=57440"}],"version-history":[{"count":1,"href":"https:\/\/brandss.com.py\/index\/wp-json\/wp\/v2\/product\/57440\/revisions"}],"predecessor-version":[{"id":57447,"href":"https:\/\/brandss.com.py\/index\/wp-json\/wp\/v2\/product\/57440\/revisions\/57447"}],"wp:featuredmedia":[{"embeddable":true,"href":"https:\/\/brandss.com.py\/index\/wp-json\/wp\/v2\/media\/57441"}],"wp:attachment":[{"href":"https:\/\/brandss.com.py\/index\/wp-json\/wp\/v2\/media?parent=57440"}],"wp:term":[{"taxonomy":"product_brand","embeddable":true,"href":"https:\/\/brandss.com.py\/index\/wp-json\/wp\/v2\/product_brand?post=57440"},{"taxonomy":"product_cat","embeddable":true,"href":"https:\/\/brandss.com.py\/index\/wp-json\/wp\/v2\/product_cat?post=57440"},{"taxonomy":"product_tag","embeddable":true,"href":"https:\/\/brandss.com.py\/index\/wp-json\/wp\/v2\/product_tag?post=57440"}],"curies":[{"name":"wp","href":"https:\/\/api.w.org\/{rel}","templated":true}]}}