{"id":57463,"date":"2024-09-05T17:06:22","date_gmt":"2024-09-05T17:06:22","guid":{"rendered":"https:\/\/brandss.com.py\/index\/?post_type=product&#038;p=57463"},"modified":"2025-08-16T19:19:38","modified_gmt":"2025-08-16T19:19:38","slug":"calzado-deportivo-masculino-new-balance-hanzo-tm-l2","status":"publish","type":"product","link":"https:\/\/brandss.com.py\/index\/producto\/calzado-deportivo-masculino-new-balance-hanzo-tm-l2\/","title":{"rendered":"CALZADO DEPORTIVO MASCULINO NEW BALANCE HANZO TM L2"},"content":{"rendered":"<p><img loading=\"lazy\" decoding=\"async\" class=\"\" src=\"https:\/\/cdn.freebiesupply.com\/logos\/large\/2x\/new-balance-2-logo-black-and-white.png\" alt=\"New Balance Logo PNG Transparent &amp; SVG Vector - Freebie Supply\" width=\"56\" height=\"56\" \/><\/p>\n<h1>HANZO TM L2.<\/h1>\n<p><span>Un aliado fiable para los corredores que buscan la victoria. Hazte m\u00e1s fuerte con la serie NB HANZO T, un modelo de entrenamiento para atletas y estudiantes, es lo suficientemente resistente para soportar un uso intenso y est\u00e1 equipado con una variedad de caracter\u00edsticas de seguridad para respaldar la pr\u00e1ctica diaria. La suela exterior sigue siendo duradera y con agarre, pero ofrece una sensaci\u00f3n de velocidad Actualizada con un dise\u00f1o superior.\u00a0<\/span><\/p>\n<p>\u201cNB HANZO T\u201d fue desarrollado para el entrenamiento de corredores y miembros de clubes de \u00e9lite y serios. En la \u00faltima versi\u00f3n, la parte superior se ha cambiado por una malla de ingenier\u00eda altamente el\u00e1stica. La zona alrededor del pie es m\u00e1s suave al doblarse, lo que facilita seguir la forma del pie al correr. La entresuela usa Revrite, que es muy liviano y tiene un poste medial en el interior. Favorece el colapso durante la fatiga y previene la sobrepronaci\u00f3n.<\/p>\n<p>Para soportar el duro entrenamiento diario, hemos adoptado una suela exterior muy duradera y goma s\u00f3lida liviana. Disponible en dos tama\u00f1os, D y 2E, para brindar el mejor ajuste.<\/p>\n<p><strong>Caracter\u00edsticas<\/strong><\/p>\n<p><span>REVLITE<\/span><br \/>\n<span>Medial Post<\/span><br \/>\n<span>N durance<\/span><br \/>\n<span>Material superior: Cuero artificial\/fibra sint\u00e9tica<\/span><br \/>\n<span>Material de la suela: Suela de goma<\/span><\/p>\n<p><strong>Detalles:<\/strong><\/p>\n<p><strong>Marca:<\/strong> New Balance.<\/p>\n<p><strong>Modelo:<\/strong> MHANZTL2.<\/p>\n<p><strong>G\u00e9nero:<\/strong> Masculino<\/p>\n<p><span><strong>Color:<\/strong> Amarillo verdoso\/ Negro.<\/span><\/p>\n","protected":false},"excerpt":{"rendered":"<p>HANZO TM L2. Un aliado fiable para los corredores que buscan la victoria. Hazte m\u00e1s fuerte con la serie NB<\/p>\n","protected":false},"featured_media":57464,"comment_status":"open","ping_status":"closed","template":"","meta":{"nf_dc_page":""},"product_brand":[],"product_cat":[76],"product_tag":[],"class_list":{"0":"post-57463","1":"product","2":"type-product","3":"status-publish","4":"has-post-thumbnail","6":"product_cat-masculino","8":"first","9":"instock","10":"shipping-taxable","11":"purchasable","12":"product-type-simple"},"_links":{"self":[{"href":"https:\/\/brandss.com.py\/index\/wp-json\/wp\/v2\/product\/57463","targetHints":{"allow":["GET"]}}],"collection":[{"href":"https:\/\/brandss.com.py\/index\/wp-json\/wp\/v2\/product"}],"about":[{"href":"https:\/\/brandss.com.py\/index\/wp-json\/wp\/v2\/types\/product"}],"replies":[{"embeddable":true,"href":"https:\/\/brandss.com.py\/index\/wp-json\/wp\/v2\/comments?post=57463"}],"version-history":[{"count":1,"href":"https:\/\/brandss.com.py\/index\/wp-json\/wp\/v2\/product\/57463\/revisions"}],"predecessor-version":[{"id":57470,"href":"https:\/\/brandss.com.py\/index\/wp-json\/wp\/v2\/product\/57463\/revisions\/57470"}],"wp:featuredmedia":[{"embeddable":true,"href":"https:\/\/brandss.com.py\/index\/wp-json\/wp\/v2\/media\/57464"}],"wp:attachment":[{"href":"https:\/\/brandss.com.py\/index\/wp-json\/wp\/v2\/media?parent=57463"}],"wp:term":[{"taxonomy":"product_brand","embeddable":true,"href":"https:\/\/brandss.com.py\/index\/wp-json\/wp\/v2\/product_brand?post=57463"},{"taxonomy":"product_cat","embeddable":true,"href":"https:\/\/brandss.com.py\/index\/wp-json\/wp\/v2\/product_cat?post=57463"},{"taxonomy":"product_tag","embeddable":true,"href":"https:\/\/brandss.com.py\/index\/wp-json\/wp\/v2\/product_tag?post=57463"}],"curies":[{"name":"wp","href":"https:\/\/api.w.org\/{rel}","templated":true}]}}