{"id":57471,"date":"2024-09-05T18:19:03","date_gmt":"2024-09-05T18:19:03","guid":{"rendered":"https:\/\/brandss.com.py\/index\/?post_type=product&#038;p=57471"},"modified":"2025-08-16T19:19:38","modified_gmt":"2025-08-16T19:19:38","slug":"calzado-deportivo-masculino-new-balance-fresh-foam-roav-d","status":"publish","type":"product","link":"https:\/\/brandss.com.py\/index\/producto\/calzado-deportivo-masculino-new-balance-fresh-foam-roav-d\/","title":{"rendered":"CALZADO DEPORTIVO MASCULINO NEW BALANCE FRESH FOAM ROAV D"},"content":{"rendered":"<p><img loading=\"lazy\" decoding=\"async\" class=\"\" src=\"https:\/\/cdn.freebiesupply.com\/logos\/large\/2x\/new-balance-2-logo-black-and-white.png\" alt=\"New Balance Logo PNG Transparent &amp; SVG Vector - Freebie Supply\" width=\"74\" height=\"74\" \/><\/p>\n<h1>FRESH FOAM ROAV D.<\/h1>\n<p>Transformando el estilo y la comodidad, con la amortiguacion New Balance Fresh Foam y un ajuste incomporable con elastico y cordones en una silueta moderna para la pr\u00e1ctica de deporte o estilo casual para el dia a dia, una zpatillas al que se le puede dar un alto rendimiento. Experimente la m\u00e1xima comodidad y estilo con las New Balance Fresh Foam Roav D en el cl\u00e1sico blanco y negro. Este calzado vers\u00e1til cuenta con la innovadora amortiguaci\u00f3n Fresh Foam para una pisada suave y reactiva, mientras que el dise\u00f1o elegante complementa cualquier atuendo. La parte superior transpirable y el ajuste ce\u00f1ido brindan comodidad durante todo el d\u00eda, lo que las hace perfectas para usar a diario, hacer ejercicio o conquistar sus aventuras urbanas. Ad\u00e9ntrese en la comodidad y el estilo con las New Balance Fresh Foam Roav D.<\/p>\n<p><strong>Detalles:<\/strong><\/p>\n<p><strong>Marca:<\/strong> New Balance.<\/p>\n<p><strong>Modelo:<\/strong> MROAVLW.<\/p>\n<p><strong>G\u00e9nero:<\/strong> Masculino.<\/p>\n<p><strong>Color:<\/strong> Blanco\/ Negro\/ Amarillo Fluor.<\/p>\n","protected":false},"excerpt":{"rendered":"<p>FRESH FOAM ROAV D. Transformando el estilo y la comodidad, con la amortiguacion New Balance Fresh Foam y un ajuste<\/p>\n","protected":false},"featured_media":57472,"comment_status":"open","ping_status":"closed","template":"","meta":{"nf_dc_page":""},"product_brand":[],"product_cat":[76],"product_tag":[],"class_list":{"0":"post-57471","1":"product","2":"type-product","3":"status-publish","4":"has-post-thumbnail","6":"product_cat-masculino","8":"first","9":"instock","10":"shipping-taxable","11":"purchasable","12":"product-type-simple"},"_links":{"self":[{"href":"https:\/\/brandss.com.py\/index\/wp-json\/wp\/v2\/product\/57471","targetHints":{"allow":["GET"]}}],"collection":[{"href":"https:\/\/brandss.com.py\/index\/wp-json\/wp\/v2\/product"}],"about":[{"href":"https:\/\/brandss.com.py\/index\/wp-json\/wp\/v2\/types\/product"}],"replies":[{"embeddable":true,"href":"https:\/\/brandss.com.py\/index\/wp-json\/wp\/v2\/comments?post=57471"}],"version-history":[{"count":1,"href":"https:\/\/brandss.com.py\/index\/wp-json\/wp\/v2\/product\/57471\/revisions"}],"predecessor-version":[{"id":57484,"href":"https:\/\/brandss.com.py\/index\/wp-json\/wp\/v2\/product\/57471\/revisions\/57484"}],"wp:featuredmedia":[{"embeddable":true,"href":"https:\/\/brandss.com.py\/index\/wp-json\/wp\/v2\/media\/57472"}],"wp:attachment":[{"href":"https:\/\/brandss.com.py\/index\/wp-json\/wp\/v2\/media?parent=57471"}],"wp:term":[{"taxonomy":"product_brand","embeddable":true,"href":"https:\/\/brandss.com.py\/index\/wp-json\/wp\/v2\/product_brand?post=57471"},{"taxonomy":"product_cat","embeddable":true,"href":"https:\/\/brandss.com.py\/index\/wp-json\/wp\/v2\/product_cat?post=57471"},{"taxonomy":"product_tag","embeddable":true,"href":"https:\/\/brandss.com.py\/index\/wp-json\/wp\/v2\/product_tag?post=57471"}],"curies":[{"name":"wp","href":"https:\/\/api.w.org\/{rel}","templated":true}]}}