{"id":57485,"date":"2024-09-05T18:52:59","date_gmt":"2024-09-05T18:52:59","guid":{"rendered":"https:\/\/brandss.com.py\/index\/?post_type=product&#038;p=57485"},"modified":"2025-08-16T19:19:38","modified_gmt":"2025-08-16T19:19:38","slug":"calzado-deportivo-masculino-new-balance-410v5-trail-running","status":"publish","type":"product","link":"https:\/\/brandss.com.py\/index\/producto\/calzado-deportivo-masculino-new-balance-410v5-trail-running\/","title":{"rendered":"CALZADO DEPORTIVO MASCULINO NEW BALANCE 410V5 TRAIL RUNNING"},"content":{"rendered":"<p data-auto=\"product-description\"><img loading=\"lazy\" decoding=\"async\" class=\"\" src=\"https:\/\/cdn.freebiesupply.com\/logos\/large\/2x\/new-balance-2-logo-black-and-white.png\" alt=\"New Balance Logo PNG Transparent &amp; SVG Vector - Freebie Supply\" width=\"74\" height=\"74\" \/><\/p>\n<h1 data-auto=\"product-description\">410V5 TRAIL RUNNING.<\/h1>\n<p class=\"c-small-font c-margin-bottom-2v description\" data-auto=\"product-description\"><span>Ya sea que est\u00e9s en el sendero o en la carretera, los calzados de running New Balance MT410 v5 para hombre proteger\u00e1n tus pies y te brindar\u00e1n una comodidad excepcional. La MT410 es un calzado de trail running de nivel b\u00e1sico que tiene una suela resistente para mantenerte r\u00e1pido, incluso cuando corres fuera de la carretera. Los calzados New Balance 410 v5 aportan una extraordinaria ligereza, velocidad y energ\u00eda en cada paso. Respecto a los modelos anteriores, la v5 cuenta con una nueva parte superior de tejido t\u00e9cnico y aplicaciones de resina inspiradas en las cintas &#8220;Kinesio Tape&#8221; que se ajustan a toda la biomec\u00e1nica y movimientos del pie como si fuera una segunda piel. Incorporan una entresuela REVlite y Abzorb para proporcionar una excelente amortiguaci\u00f3n y ligereza. Estos calzados New Balance incorporan geometr\u00edas inteligentes para obtener el mejor rendimiento en todas las piezas y materiales.<\/span><\/p>\n<p data-auto=\"product-description\"><strong>Caracter\u00edsticas:<\/strong><\/p>\n<ul class=\"c-small-font c-margin-bottom-4v bullets-section\" data-auto=\"product-description-bullets\">\n<li><span>Paneles de malla para transpirabilidad.<\/span><\/li>\n<li><span>Entresuela acolchada C-Cap<\/span><\/li>\n<li><span>Calzado deportivo para hombre de Finish Line<\/span><\/li>\n<li><span>Parte superior sint\u00e9tica; suela de goma.<\/span><\/li>\n<li><span>Importado<\/span><\/li>\n<\/ul>\n<p><strong>Detalles:<\/strong><\/p>\n<p><strong>Marca:<\/strong> New Balance.<\/p>\n<p><strong>Modelo:<\/strong> MT410LB5<\/p>\n<p><strong>G\u00e9nero:<\/strong> Masculino.<\/p>\n<p><strong>Color:<\/strong> Azul oscuro\/ Negro.<\/p>\n","protected":false},"excerpt":{"rendered":"<p>410V5 TRAIL RUNNING. Ya sea que est\u00e9s en el sendero o en la carretera, los calzados de running New Balance<\/p>\n","protected":false},"featured_media":57486,"comment_status":"open","ping_status":"closed","template":"","meta":{"nf_dc_page":""},"product_brand":[],"product_cat":[76],"product_tag":[],"class_list":{"0":"post-57485","1":"product","2":"type-product","3":"status-publish","4":"has-post-thumbnail","6":"product_cat-masculino","8":"first","9":"instock","10":"shipping-taxable","11":"purchasable","12":"product-type-simple"},"_links":{"self":[{"href":"https:\/\/brandss.com.py\/index\/wp-json\/wp\/v2\/product\/57485","targetHints":{"allow":["GET"]}}],"collection":[{"href":"https:\/\/brandss.com.py\/index\/wp-json\/wp\/v2\/product"}],"about":[{"href":"https:\/\/brandss.com.py\/index\/wp-json\/wp\/v2\/types\/product"}],"replies":[{"embeddable":true,"href":"https:\/\/brandss.com.py\/index\/wp-json\/wp\/v2\/comments?post=57485"}],"version-history":[{"count":1,"href":"https:\/\/brandss.com.py\/index\/wp-json\/wp\/v2\/product\/57485\/revisions"}],"predecessor-version":[{"id":57493,"href":"https:\/\/brandss.com.py\/index\/wp-json\/wp\/v2\/product\/57485\/revisions\/57493"}],"wp:featuredmedia":[{"embeddable":true,"href":"https:\/\/brandss.com.py\/index\/wp-json\/wp\/v2\/media\/57486"}],"wp:attachment":[{"href":"https:\/\/brandss.com.py\/index\/wp-json\/wp\/v2\/media?parent=57485"}],"wp:term":[{"taxonomy":"product_brand","embeddable":true,"href":"https:\/\/brandss.com.py\/index\/wp-json\/wp\/v2\/product_brand?post=57485"},{"taxonomy":"product_cat","embeddable":true,"href":"https:\/\/brandss.com.py\/index\/wp-json\/wp\/v2\/product_cat?post=57485"},{"taxonomy":"product_tag","embeddable":true,"href":"https:\/\/brandss.com.py\/index\/wp-json\/wp\/v2\/product_tag?post=57485"}],"curies":[{"name":"wp","href":"https:\/\/api.w.org\/{rel}","templated":true}]}}