{"id":57547,"date":"2024-09-06T18:06:26","date_gmt":"2024-09-06T18:06:26","guid":{"rendered":"https:\/\/brandss.com.py\/index\/?post_type=product&#038;p=57547"},"modified":"2025-08-16T19:18:58","modified_gmt":"2025-08-16T19:18:58","slug":"calzado-deportivo-masculino-new-balance-57-40","status":"publish","type":"product","link":"https:\/\/brandss.com.py\/index\/producto\/calzado-deportivo-masculino-new-balance-57-40\/","title":{"rendered":"CALZADO DEPORTIVO MASCULINO NEW BALANCE 57\/40"},"content":{"rendered":"<p><img loading=\"lazy\" decoding=\"async\" class=\"\" src=\"https:\/\/cdn.freebiesupply.com\/logos\/large\/2x\/new-balance-2-logo-black-and-white.png\" alt=\"New Balance Logo PNG Transparent &amp; SVG Vector - Freebie Supply\" width=\"64\" height=\"64\" \/><\/p>\n<h1>57\/40.<\/h1>\n<p>El 57\/40 es la respuesta a una pregunta sencilla, pero de escala astron\u00f3mica. \u00bfQu\u00e9 pasar\u00eda si actualiz\u00e1ramos el calzado m\u00e1s New Balance de todos los tiempos, la 574? A pesar de su legado de versatilidad sencilla y casi sin esfuerzo, la 574 original era un dise\u00f1o \u00fanico para su \u00e9poca, un dise\u00f1o h\u00edbrido de carretera y senderos que no se apoyaba en caracter\u00edsticas t\u00e9cnicas visibles. El 57\/40 aborda el concepto h\u00edbrido con algunos a\u00f1os adicionales de desarrollos de dise\u00f1o para explorar y crea una nueva perspectiva sobre un dise\u00f1o ic\u00f3nico. Una silueta general m\u00e1s elegante proporcionada por una horma m\u00e1s delgada se combina con una variedad de caracter\u00edsticas exageradas. La entresuela \u00fanica combina una versi\u00f3n acampanada de la construcci\u00f3n cl\u00e1sica 574 con detalles inspirados en la tecnolog\u00eda de los 90, mientras que el guardabarros y la hilera de ojales presentan los adornos ondulados distintivos de los 80.<\/p>\n<p class=\"flex-grow-1 to-black text-left text-base leading-normal\"><span>La b\u00fasqueda del calzado deportivo m\u00e1s elegante ha terminado. Conoce la New Balance 57\/40 Burgundy Slate. Las caracter\u00edsticas llamativas de esta silueta de inspiraci\u00f3n retro, como el aspecto en capas y los detalles ondulados en el guardabarros y los tirantes, se equilibran con una combinaci\u00f3n de colores sofisticada. El resultado es una <\/span><span>New Balance 57\/40 vers\u00e1til\u00a0<\/span><span>que se puede usar en muchos entornos, desde el parque hasta la sala de juntas.<\/span><\/p>\n<p class=\"flex-grow-1 to-black text-left text-base leading-normal\"><span>El burdeos que le da nombre al modelo predomina en la mayor parte de la parte superior, con la base de malla y las capas de gamuza salpicadas de un tono rojo intenso. En otras partes, el tono &#8220;Slate&#8221; se aprecia sutilmente en la marca &#8220;N&#8221; y en la leng\u00fceta del tal\u00f3n. El dise\u00f1o se completa con una suela apilada exagerada que no solo es elegante, sino tambi\u00e9n pr\u00e1ctica y brinda comodidad durante todo el d\u00eda.<\/span><\/p>\n<h5><strong>Caracter\u00edsticas<\/strong><\/h5>\n<ul>\n<li>Parte superior de\u00a0gamuza y malla.<\/li>\n<li>Cierre con cordones para un ajuste ajustable.<\/li>\n<li>Los 80 se encuentran con el estilo de los 90.<\/li>\n<li>Suela con dibujo de banda de rodadura modificado.<\/li>\n<li>Detalles reflectantes.<\/li>\n<li>Marca &#8220;N&#8221; de gran tama\u00f1o<\/li>\n<\/ul>\n<h5><strong>Cuidados<\/strong><\/h5>\n<p>Para la limpieza de tus calzados te recomendamos de la siguiente manera:<\/p>\n<ol>\n<li>Meter el cepillo en un bol de agua templada.<\/li>\n<li>Aplicar una cantidad generosa del producto limpiador.<\/li>\n<li>Volver a meter el cepillo en el agua.<\/li>\n<li>Empezar a cepillar los calzados con movimientos circulares.<\/li>\n<li>Usa la toalla de microfibras para quitar los restos de agua y producto limpiador.<\/li>\n<li>Dejar que el calzado seque.<\/li>\n<\/ol>\n<p>&nbsp;<\/p>\n<p><strong>Detalles:<\/strong><\/p>\n<p>&nbsp;<\/p>\n<p><strong>Marca:<\/strong> New Balance.<\/p>\n<p><strong>Modelo:<\/strong> M5740HL1.<\/p>\n<p><strong>G\u00e9nero:<\/strong> Masculino.<\/p>\n<p><strong>Color:<\/strong> Burdeos\/ Beige\/ Blanco\/ Gris\/ Negro.<\/p>\n","protected":false},"excerpt":{"rendered":"<p>57\/40. El 57\/40 es la respuesta a una pregunta sencilla, pero de escala astron\u00f3mica. \u00bfQu\u00e9 pasar\u00eda si actualiz\u00e1ramos el calzado<\/p>\n","protected":false},"featured_media":57548,"comment_status":"open","ping_status":"closed","template":"","meta":{"nf_dc_page":""},"product_brand":[],"product_cat":[76],"product_tag":[],"class_list":{"0":"post-57547","1":"product","2":"type-product","3":"status-publish","4":"has-post-thumbnail","6":"product_cat-masculino","8":"first","9":"instock","10":"shipping-taxable","11":"purchasable","12":"product-type-simple"},"_links":{"self":[{"href":"https:\/\/brandss.com.py\/index\/wp-json\/wp\/v2\/product\/57547","targetHints":{"allow":["GET"]}}],"collection":[{"href":"https:\/\/brandss.com.py\/index\/wp-json\/wp\/v2\/product"}],"about":[{"href":"https:\/\/brandss.com.py\/index\/wp-json\/wp\/v2\/types\/product"}],"replies":[{"embeddable":true,"href":"https:\/\/brandss.com.py\/index\/wp-json\/wp\/v2\/comments?post=57547"}],"version-history":[{"count":1,"href":"https:\/\/brandss.com.py\/index\/wp-json\/wp\/v2\/product\/57547\/revisions"}],"predecessor-version":[{"id":57562,"href":"https:\/\/brandss.com.py\/index\/wp-json\/wp\/v2\/product\/57547\/revisions\/57562"}],"wp:featuredmedia":[{"embeddable":true,"href":"https:\/\/brandss.com.py\/index\/wp-json\/wp\/v2\/media\/57548"}],"wp:attachment":[{"href":"https:\/\/brandss.com.py\/index\/wp-json\/wp\/v2\/media?parent=57547"}],"wp:term":[{"taxonomy":"product_brand","embeddable":true,"href":"https:\/\/brandss.com.py\/index\/wp-json\/wp\/v2\/product_brand?post=57547"},{"taxonomy":"product_cat","embeddable":true,"href":"https:\/\/brandss.com.py\/index\/wp-json\/wp\/v2\/product_cat?post=57547"},{"taxonomy":"product_tag","embeddable":true,"href":"https:\/\/brandss.com.py\/index\/wp-json\/wp\/v2\/product_tag?post=57547"}],"curies":[{"name":"wp","href":"https:\/\/api.w.org\/{rel}","templated":true}]}}