{"id":57563,"date":"2024-09-06T18:56:22","date_gmt":"2024-09-06T18:56:22","guid":{"rendered":"https:\/\/brandss.com.py\/index\/?post_type=product&#038;p=57563"},"modified":"2025-07-14T10:13:07","modified_gmt":"2025-07-14T10:13:07","slug":"calzado-deportivo-masculino-new-balance-fuelcell-4040-v6-turf-camo","status":"publish","type":"product","link":"https:\/\/brandss.com.py\/index\/producto\/calzado-deportivo-masculino-new-balance-fuelcell-4040-v6-turf-camo\/","title":{"rendered":"CALZADO DEPORTIVO MASCULINO NEW BALANCE FUELCELL 4040 V6 TURF CAMO"},"content":{"rendered":"<p><img loading=\"lazy\" decoding=\"async\" class=\"\" src=\"https:\/\/cdn.freebiesupply.com\/logos\/large\/2x\/new-balance-2-logo-black-and-white.png\" alt=\"New Balance Logo PNG Transparent &amp; SVG Vector - Freebie Supply\" width=\"76\" height=\"76\" \/><\/p>\n<h1>FUELCELL 4040 V6 TURF CAMO.<\/h1>\n<p>Aumenta tu rendimiento y estilo con las New Balance FuelCell 4040v6. Estos zapatos de b\u00e9isbol para c\u00e9sped cuentan con una suela de goma rugosa para una tracci\u00f3n superior y una entresuela FuelCell para un impresionante retorno de energ\u00eda. La parte superior est\u00e1 hecha de material sint\u00e9tico y de malla y cuenta con una leng\u00fceta de burrito para fijar el pie c\u00f3modamente. El dise\u00f1o \u00fanico y patri\u00f3tico celebra el D\u00eda de las Fuerzas Armadas y rinde homenaje a nuestras mujeres y mujeres en servicio.<\/p>\n<p class=\"product-facts-title\"><strong>Caracter\u00edsticas<\/strong><\/p>\n<ul class=\"a-unordered-list a-vertical a-spacing-small\">\n<li><span class=\"a-list-item a-size-base a-color-base\"><span>La espuma FuelCell proporciona una sensaci\u00f3n de propulsi\u00f3n para impulsarte hacia adelante<\/span><\/span><\/li>\n<\/ul>\n<ul class=\"a-unordered-list a-vertical a-spacing-small\">\n<li><span class=\"a-list-item a-size-base a-color-base\"><span>Parte superior sint\u00e9tica\/malla para mayor durabilidad y elasticidad.<\/span><\/span><\/li>\n<\/ul>\n<ul class=\"a-unordered-list a-vertical a-spacing-small\">\n<li><span class=\"a-list-item a-size-base a-color-base\"><span>La suela exterior con tacos agresivos proporciona un uso vers\u00e1til para jugadores de \u00e9lite<\/span><\/span><\/li>\n<\/ul>\n<ul class=\"a-unordered-list a-vertical a-spacing-small\">\n<li><span class=\"a-list-item a-size-base a-color-base\"><span>El cierre burrito proporciona un ajuste seguro.<\/span><\/span><\/li>\n<\/ul>\n<p><strong>Detalles:<\/strong><\/p>\n<p><strong>Marca:<\/strong> New Balance.<\/p>\n<p><strong>Modelo:<\/strong> T4040PK6.<\/p>\n<p><strong>G\u00e9nero:<\/strong> Masculino.<\/p>\n<p><strong>Color:<\/strong> Camuflado.<\/p>\n","protected":false},"excerpt":{"rendered":"<p>FUELCELL 4040 V6 TURF CAMO. Aumenta tu rendimiento y estilo con las New Balance FuelCell 4040v6. Estos zapatos de b\u00e9isbol<\/p>\n","protected":false},"featured_media":57564,"comment_status":"open","ping_status":"closed","template":"","meta":{"nf_dc_page":""},"product_brand":[],"product_cat":[76],"product_tag":[],"class_list":{"0":"post-57563","1":"product","2":"type-product","3":"status-publish","4":"has-post-thumbnail","6":"product_cat-masculino","8":"first","9":"instock","10":"shipping-taxable","11":"purchasable","12":"product-type-simple"},"_links":{"self":[{"href":"https:\/\/brandss.com.py\/index\/wp-json\/wp\/v2\/product\/57563","targetHints":{"allow":["GET"]}}],"collection":[{"href":"https:\/\/brandss.com.py\/index\/wp-json\/wp\/v2\/product"}],"about":[{"href":"https:\/\/brandss.com.py\/index\/wp-json\/wp\/v2\/types\/product"}],"replies":[{"embeddable":true,"href":"https:\/\/brandss.com.py\/index\/wp-json\/wp\/v2\/comments?post=57563"}],"version-history":[{"count":1,"href":"https:\/\/brandss.com.py\/index\/wp-json\/wp\/v2\/product\/57563\/revisions"}],"predecessor-version":[{"id":57570,"href":"https:\/\/brandss.com.py\/index\/wp-json\/wp\/v2\/product\/57563\/revisions\/57570"}],"wp:featuredmedia":[{"embeddable":true,"href":"https:\/\/brandss.com.py\/index\/wp-json\/wp\/v2\/media\/57564"}],"wp:attachment":[{"href":"https:\/\/brandss.com.py\/index\/wp-json\/wp\/v2\/media?parent=57563"}],"wp:term":[{"taxonomy":"product_brand","embeddable":true,"href":"https:\/\/brandss.com.py\/index\/wp-json\/wp\/v2\/product_brand?post=57563"},{"taxonomy":"product_cat","embeddable":true,"href":"https:\/\/brandss.com.py\/index\/wp-json\/wp\/v2\/product_cat?post=57563"},{"taxonomy":"product_tag","embeddable":true,"href":"https:\/\/brandss.com.py\/index\/wp-json\/wp\/v2\/product_tag?post=57563"}],"curies":[{"name":"wp","href":"https:\/\/api.w.org\/{rel}","templated":true}]}}