{"id":57571,"date":"2024-09-07T12:13:52","date_gmt":"2024-09-07T12:13:52","guid":{"rendered":"https:\/\/brandss.com.py\/index\/?post_type=product&#038;p=57571"},"modified":"2025-08-16T19:19:23","modified_gmt":"2025-08-16T19:19:23","slug":"calzado-deportivo-masculino-new-balance-57-40-2","status":"publish","type":"product","link":"https:\/\/brandss.com.py\/index\/producto\/calzado-deportivo-masculino-new-balance-57-40-2\/","title":{"rendered":"CALZADO DEPORTIVO MASCULINO NEW BALANCE 57\/40"},"content":{"rendered":"<p><img loading=\"lazy\" decoding=\"async\" class=\"\" src=\"https:\/\/cdn.freebiesupply.com\/logos\/large\/2x\/new-balance-2-logo-black-and-white.png\" alt=\"New Balance Logo PNG Transparent &amp; SVG Vector - Freebie Supply\" width=\"64\" height=\"64\" \/><\/p>\n<h1>57\/40<\/h1>\n<p>El 57\/40 es la esperada actualizaci\u00f3n de una de las siluetas m\u00e1s ic\u00f3nicas de New Balance, el 574. Un dise\u00f1o h\u00edbrido de carretera y sendero, el 574 original ofrec\u00eda una versatilidad sin esfuerzo, que esta nueva variaci\u00f3n aprovecha a la perfecci\u00f3n. El 57\/40 ofrece una perspectiva fresca en un dise\u00f1o hist\u00f3rico, con una construcci\u00f3n general m\u00e1s elegante y una variedad de caracter\u00edsticas exageradas como una entresuela apilada que combina un lenguaje de dise\u00f1o cl\u00e1sico y actualizado. Los detalles inspirados en la tecnolog\u00eda apuntan a la d\u00e9cada de 1990, mientras que los adornos ondulados del guardabarros y la ceja, espec\u00edficamente, son un gui\u00f1o directo a la d\u00e9cada de 1980. Es muy posible que tengamos otro cl\u00e1sico futuro en nuestras manos con el 57\/40, por lo que debe actuar en consecuencia y hacerse con un par de inmediato.<\/p>\n<p>Con su atrevido dise\u00f1o que combina los a\u00f1os 80 con los 90, el calzado 57\/40 para hombre est\u00e1 dise\u00f1ado para quienes buscan estilo y no est\u00e1n dispuestos a sacrificar la comodidad. Estos calzados modernos cuentan con empeines de gamuza y malla de moda en colores contempor\u00e1neos que te encantar\u00e1n. Una versi\u00f3n moderna de un estilo inspirado en la tradici\u00f3n, estos zapatos premium son la incorporaci\u00f3n perfecta y vanguardista a tu guardarropa informal.<\/p>\n<p><span>Las 574 de New Balance<\/span><span>, que se originaron como calzados de running retro, son el complemento perfecto para tus looks casuales. Este par blanco ofrece empeines de gamuza con capas inferiores de malla deportiva, y se completa con la entresuela acolchada ENCAP\u00ae caracter\u00edstica de la marca para dar rebote a cada paso. Adem\u00e1s, est\u00e1 rematada, por supuesto, con la distintiva &#8220;N&#8221; de la marca cosida en los laterales. Los zapatos cl\u00e1sicos de hombre New Balance M5740CBC est\u00e1n fabricados con materiales textiles y malla de alta calidad. La suela interior proporciona amortiguaci\u00f3n y comodidad durante todo el d\u00eda. Un exterior duradero, suela de goma, cordones de algod\u00f3n y un parche tejido en la leng\u00fceta son detalles adicionales. Estos zapatos para hombre son el complemento ideal para cualquier estilo de moda<\/span><\/p>\n<p><strong>Caracter\u00edsticas:<\/strong><\/p>\n<ul>\n<li><span>Parte superior de gamuza y malla de primera calidad.<\/span><\/li>\n<li><span>Capas subyacentes de malla<\/span><\/li>\n<li><span>Tecnolog\u00eda ENCAP\u00ae<\/span><\/li>\n<li><span>Suela de goma<\/span><\/li>\n<li><span>Dise\u00f1o atrevido que combina los a\u00f1os 80 y 90<\/span><\/li>\n<li><span>Cierre con cordones para un ajuste seguro.<\/span><\/li>\n<li>Los cordones garantizan la estabilidad del pie.<\/li>\n<\/ul>\n<p>&nbsp;<\/p>\n<p><strong>Detalles:<\/strong><\/p>\n<p><strong>Marca:<\/strong> New Balance.<\/p>\n<p><strong>Modelo:<\/strong> M5740CBC.<\/p>\n<p><strong>G\u00e9nero:<\/strong> Masculino.<\/p>\n<p><strong>Color:<\/strong> Beige\/ Gris\/ Blanco\/ Negro.<\/p>\n<p>&nbsp;<\/p>\n","protected":false},"excerpt":{"rendered":"<p>57\/40 El 57\/40 es la esperada actualizaci\u00f3n de una de las siluetas m\u00e1s ic\u00f3nicas de New Balance, el 574. Un<\/p>\n","protected":false},"featured_media":57572,"comment_status":"open","ping_status":"closed","template":"","meta":{"nf_dc_page":""},"product_brand":[],"product_cat":[76],"product_tag":[],"class_list":{"0":"post-57571","1":"product","2":"type-product","3":"status-publish","4":"has-post-thumbnail","6":"product_cat-masculino","8":"first","9":"instock","10":"shipping-taxable","11":"purchasable","12":"product-type-simple"},"_links":{"self":[{"href":"https:\/\/brandss.com.py\/index\/wp-json\/wp\/v2\/product\/57571","targetHints":{"allow":["GET"]}}],"collection":[{"href":"https:\/\/brandss.com.py\/index\/wp-json\/wp\/v2\/product"}],"about":[{"href":"https:\/\/brandss.com.py\/index\/wp-json\/wp\/v2\/types\/product"}],"replies":[{"embeddable":true,"href":"https:\/\/brandss.com.py\/index\/wp-json\/wp\/v2\/comments?post=57571"}],"version-history":[{"count":1,"href":"https:\/\/brandss.com.py\/index\/wp-json\/wp\/v2\/product\/57571\/revisions"}],"predecessor-version":[{"id":57587,"href":"https:\/\/brandss.com.py\/index\/wp-json\/wp\/v2\/product\/57571\/revisions\/57587"}],"wp:featuredmedia":[{"embeddable":true,"href":"https:\/\/brandss.com.py\/index\/wp-json\/wp\/v2\/media\/57572"}],"wp:attachment":[{"href":"https:\/\/brandss.com.py\/index\/wp-json\/wp\/v2\/media?parent=57571"}],"wp:term":[{"taxonomy":"product_brand","embeddable":true,"href":"https:\/\/brandss.com.py\/index\/wp-json\/wp\/v2\/product_brand?post=57571"},{"taxonomy":"product_cat","embeddable":true,"href":"https:\/\/brandss.com.py\/index\/wp-json\/wp\/v2\/product_cat?post=57571"},{"taxonomy":"product_tag","embeddable":true,"href":"https:\/\/brandss.com.py\/index\/wp-json\/wp\/v2\/product_tag?post=57571"}],"curies":[{"name":"wp","href":"https:\/\/api.w.org\/{rel}","templated":true}]}}