{"id":57597,"date":"2024-09-07T14:48:26","date_gmt":"2024-09-07T14:48:26","guid":{"rendered":"https:\/\/brandss.com.py\/index\/?post_type=product&#038;p=57597"},"modified":"2026-03-14T14:14:37","modified_gmt":"2026-03-14T14:14:37","slug":"perfume-puccini-paris-sensuality-edp-100ml","status":"publish","type":"product","link":"https:\/\/brandss.com.py\/index\/producto\/perfume-puccini-paris-sensuality-edp-100ml\/","title":{"rendered":"PERFUME FEMENINO PUCCINI PARIS SENSUALITY EDP 100ML"},"content":{"rendered":"<p><img loading=\"lazy\" decoding=\"async\" class=\"\" src=\"https:\/\/encrypted-tbn0.gstatic.com\/images?q=tbn:ANd9GcQjivzkgajjeGga-ufG7w2EPW4tv8AFJzV7VA&amp;s\" alt=\"pucciniparisperfumes | Paris\" width=\"109\" height=\"109\" \/><\/p>\n<h1>SENSUALITY.<\/h1>\n<p>PUCCINI es un perfume maravilloso que es como una melod\u00eda que recordamos. Las notas tanto de la m\u00fasica como de los aromas flotan a nuestro alrededor hasta viajar directo a nuestro coraz\u00f3n. La minuciosa artesan\u00eda que inspira las fragancias permite que los perfumes PUCCINI adornen los estantes de los coleccionistas. Las fragancias de la marca permiten que la mente divague libremente y los sentidos se mezclen, revelando una perfumer\u00eda francesa \u00fanica y de alto nivel.<\/p>\n<p>Nuevo PUCCINI Sensuality captura la esencia de la elegancia y el lujo en una fragancia dise\u00f1ada para la mujer sofisticada. Este aroma realza sutilmente tu atractivo y deja una impresi\u00f3n duradera de pura gracia.<\/p>\n<div><span>Eau de Parfum celebra la elegancia, el lujo y la sofisticaci\u00f3n femenina. Emb\u00e1rcate en un viaje sensual con una creaci\u00f3n oriental, floral y afrutada.<\/span><\/div>\n<div><\/div>\n<div><span style=\"color: black\"><strong><span>Las notas m\u00e1s altas del aroma<\/span><\/strong><span>\u00a0son peras, fresas y p\u00e9talos de neroli.<\/span><\/span><\/div>\n<div><span style=\"color: black\"><strong><span>Las notas medias del aroma<\/span><\/strong><span>\u00a0son lirios, jazm\u00edn y madreselva.<\/span><\/span><\/div>\n<div><span style=\"color: black\"><strong><span>Las notas de fondo del aroma<\/span><\/strong><span>\u00a0son s\u00e1ndalo, algod\u00f3n de az\u00facar, vainilla y \u00e1mbar gris.<\/span><\/span><\/div>\n","protected":false},"excerpt":{"rendered":"<p>SENSUALITY. PUCCINI es un perfume maravilloso que es como una melod\u00eda que recordamos. Las notas tanto de la m\u00fasica como<\/p>\n","protected":false},"featured_media":57598,"comment_status":"open","ping_status":"closed","template":"","meta":{"nf_dc_page":""},"product_brand":[1780],"product_cat":[84],"product_tag":[1781],"class_list":{"0":"post-57597","1":"product","2":"type-product","3":"status-publish","4":"has-post-thumbnail","6":"product_brand-puccini","7":"product_cat-perfumeria","8":"product_tag-1781","10":"first","11":"outofstock","12":"shipping-taxable","13":"purchasable","14":"product-type-simple"},"_links":{"self":[{"href":"https:\/\/brandss.com.py\/index\/wp-json\/wp\/v2\/product\/57597","targetHints":{"allow":["GET"]}}],"collection":[{"href":"https:\/\/brandss.com.py\/index\/wp-json\/wp\/v2\/product"}],"about":[{"href":"https:\/\/brandss.com.py\/index\/wp-json\/wp\/v2\/types\/product"}],"replies":[{"embeddable":true,"href":"https:\/\/brandss.com.py\/index\/wp-json\/wp\/v2\/comments?post=57597"}],"version-history":[{"count":2,"href":"https:\/\/brandss.com.py\/index\/wp-json\/wp\/v2\/product\/57597\/revisions"}],"predecessor-version":[{"id":61716,"href":"https:\/\/brandss.com.py\/index\/wp-json\/wp\/v2\/product\/57597\/revisions\/61716"}],"wp:featuredmedia":[{"embeddable":true,"href":"https:\/\/brandss.com.py\/index\/wp-json\/wp\/v2\/media\/57598"}],"wp:attachment":[{"href":"https:\/\/brandss.com.py\/index\/wp-json\/wp\/v2\/media?parent=57597"}],"wp:term":[{"taxonomy":"product_brand","embeddable":true,"href":"https:\/\/brandss.com.py\/index\/wp-json\/wp\/v2\/product_brand?post=57597"},{"taxonomy":"product_cat","embeddable":true,"href":"https:\/\/brandss.com.py\/index\/wp-json\/wp\/v2\/product_cat?post=57597"},{"taxonomy":"product_tag","embeddable":true,"href":"https:\/\/brandss.com.py\/index\/wp-json\/wp\/v2\/product_tag?post=57597"}],"curies":[{"name":"wp","href":"https:\/\/api.w.org\/{rel}","templated":true}]}}