{"id":57715,"date":"2024-09-12T13:49:26","date_gmt":"2024-09-12T13:49:26","guid":{"rendered":"https:\/\/brandss.com.py\/index\/?post_type=product&#038;p=57715"},"modified":"2025-09-23T10:34:18","modified_gmt":"2025-09-23T10:34:18","slug":"bolso-mediano-femenino-michael-kors-md-tz-pocket-tote","status":"publish","type":"product","link":"https:\/\/brandss.com.py\/index\/producto\/bolso-mediano-femenino-michael-kors-md-tz-pocket-tote\/","title":{"rendered":"BOLSO MEDIANO FEMENINO MICHAEL KORS MD TZ POCKET TOTE"},"content":{"rendered":"<p><img loading=\"lazy\" decoding=\"async\" class=\"\" src=\"https:\/\/upload.wikimedia.org\/wikipedia\/en\/thumb\/3\/32\/Michael_Kors_%28brand%29_logo.svg\/603px-Michael_Kors_%28brand%29_logo.svg.png?20160512073423\" alt=\"File:Michael Kors (brand) logo.svg - Wikipedia\" width=\"92\" height=\"60\" \/><\/p>\n<h1>MD TZ POCKET TOTE<\/h1>\n<div class=\"box box01\">\n<p class=\"text\"><span>Bolso Michael Kors: donde el lujo se une a la funcionalidad: el bolso tote mediano con bolsillo superior con cremallera WINSTON tiene una sensaci\u00f3n elegante y sofisticada con la textura de cuero de alta calidad. Adem\u00e1s del interior espacioso, tiene muchos bolsillos para organizar y almacenar art\u00edculos peque\u00f1os, lo que lo hace muy funcional y de f\u00e1cil acceso a lo esencial mientras viaja. La fina correa del cintur\u00f3n a\u00f1ade un toque femenino y se adapta a una amplia variedad de ocasiones. Es una obra de arte fabricada con materiales de alta calidad, dise\u00f1o exquisito y elegancia urbana, perfecta para personas preocupadas por el estilo que valoran la calidad y la belleza atemporal.<\/span><\/p>\n<\/div>\n<div class=\"box box02\">\n<h2 class=\"tit\"><span>Especificaciones\u00a0<\/span><\/h2>\n<ul>\n<li><span><span>100% cuero.<\/span><\/span><\/li>\n<li><span><span>Estilo bolso.<\/span><\/span><\/li>\n<li><span><span>Herrajes en tono dorado.<\/span><\/span><\/li>\n<li><span><span>Shopper de mujer elaborado en piel con flor natural.<\/span><\/span><\/li>\n<li><span><span>Dos asas de transporte con detalle de hebilla.<\/span><\/span><\/li>\n<li><span><span>El compartimento principal se cierra con cremallera.<\/span><\/span><\/li>\n<li><span><span>Gran bolsillo delantero.<\/span><\/span><\/li>\n<li><span><span>Compartimento interior con cremallera.<\/span><\/span><\/li>\n<li>Tama\u00f1o:<br \/>\n-Alto: 27,5 cm<br \/>\n-Ancho: 28,5 cm<br \/>\n-Profundidad: 15 cm<br \/>\n-Mango: 53 cm ~ 64,5 cm<br \/>\n-Ca\u00edda del mango: 25 cm ~ 31 cm<\/li>\n<li>Modelo: 30S3GWNT2L<\/li>\n<\/ul>\n<\/div>\n","protected":false},"excerpt":{"rendered":"<p>MD TZ POCKET TOTE Bolso Michael Kors: donde el lujo se une a la funcionalidad: el bolso tote mediano con<\/p>\n","protected":false},"featured_media":57716,"comment_status":"open","ping_status":"closed","template":"","meta":{"nf_dc_page":""},"product_brand":[],"product_cat":[74],"product_tag":[],"class_list":{"0":"post-57715","1":"product","2":"type-product","3":"status-publish","4":"has-post-thumbnail","6":"product_cat-accesorios-fem","8":"first","9":"instock","10":"shipping-taxable","11":"purchasable","12":"product-type-simple"},"_links":{"self":[{"href":"https:\/\/brandss.com.py\/index\/wp-json\/wp\/v2\/product\/57715","targetHints":{"allow":["GET"]}}],"collection":[{"href":"https:\/\/brandss.com.py\/index\/wp-json\/wp\/v2\/product"}],"about":[{"href":"https:\/\/brandss.com.py\/index\/wp-json\/wp\/v2\/types\/product"}],"replies":[{"embeddable":true,"href":"https:\/\/brandss.com.py\/index\/wp-json\/wp\/v2\/comments?post=57715"}],"version-history":[{"count":2,"href":"https:\/\/brandss.com.py\/index\/wp-json\/wp\/v2\/product\/57715\/revisions"}],"predecessor-version":[{"id":57728,"href":"https:\/\/brandss.com.py\/index\/wp-json\/wp\/v2\/product\/57715\/revisions\/57728"}],"wp:featuredmedia":[{"embeddable":true,"href":"https:\/\/brandss.com.py\/index\/wp-json\/wp\/v2\/media\/57716"}],"wp:attachment":[{"href":"https:\/\/brandss.com.py\/index\/wp-json\/wp\/v2\/media?parent=57715"}],"wp:term":[{"taxonomy":"product_brand","embeddable":true,"href":"https:\/\/brandss.com.py\/index\/wp-json\/wp\/v2\/product_brand?post=57715"},{"taxonomy":"product_cat","embeddable":true,"href":"https:\/\/brandss.com.py\/index\/wp-json\/wp\/v2\/product_cat?post=57715"},{"taxonomy":"product_tag","embeddable":true,"href":"https:\/\/brandss.com.py\/index\/wp-json\/wp\/v2\/product_tag?post=57715"}],"curies":[{"name":"wp","href":"https:\/\/api.w.org\/{rel}","templated":true}]}}