{"id":57743,"date":"2024-09-12T17:56:22","date_gmt":"2024-09-12T17:56:22","guid":{"rendered":"https:\/\/brandss.com.py\/index\/?post_type=product&#038;p=57743"},"modified":"2025-09-10T10:36:23","modified_gmt":"2025-09-10T10:36:23","slug":"bolso-grande-femenino-michael-kors-mina","status":"publish","type":"product","link":"https:\/\/brandss.com.py\/index\/producto\/bolso-grande-femenino-michael-kors-mina\/","title":{"rendered":"BOLSO GRANDE FEMENINO MICHAEL KORS MINA"},"content":{"rendered":"<p><img loading=\"lazy\" decoding=\"async\" class=\"\" src=\"https:\/\/upload.wikimedia.org\/wikipedia\/en\/thumb\/3\/32\/Michael_Kors_%28brand%29_logo.svg\/603px-Michael_Kors_%28brand%29_logo.svg.png?20160512073423\" alt=\"File:Michael Kors (brand) logo.svg - Wikipedia\" width=\"89\" height=\"59\" \/><\/p>\n<h1>MINA<\/h1>\n<div class=\"collapse collapse-description\">\n<div class=\"list-links\">\n<div class=\"collapse-content-infos\">\n<div class=\"productDescription\"><span>Nuestro bolso Mina es un b\u00e1sico para todos los d\u00edas y nunca pasar\u00e1 de moda. Con un interior espacioso y detalles de cadena brillante que le dan un toque de glamour, es el bolso perfecto para colgar del hombro y facilitar la transici\u00f3n del d\u00eda a la noche.Acentuado con cadena en el hombro y el logotipo de MK en el frente el dise\u00f1o elegante y sofisticado t\u00edpico de Michael Kors es atractivo. Somos exigentes con las especificaciones y \u00a1hay muchos bolsillos! Tambi\u00e9n puedes organizar de forma segura tus objetos peque\u00f1os. \u00a1La apertura y el cierre magn\u00e9ticos f\u00e1ciles de usar tambi\u00e9n son agradables! Perfecto para el uso diario, para ir al trabajo o a la escuela, y ser\u00e1 \u00fatil en una variedad de situaciones <\/span><\/div>\n<div class=\"productDescription\"><span>\u00a1Recomendado para usted o como regalo!\u00a0<\/span><\/div>\n<div><\/div>\n<\/div>\n<\/div>\n<\/div>\n<div class=\"collapse collapse-composition\">\n<div class=\"list-links\">\n<div class=\"collapse-content-infos\">\n<div id=\"caracteristicas\"><strong>Especificaciones:<\/strong><\/div>\n<div>\n<p><span>\u2022Mezcla de poliuretano: 60 % poliuretano\/20 % algod\u00f3n\/20 % poli\u00e9ster<\/span><\/p>\n<p><span> \u2022<\/span><span>Adorno 1: 52 % poliuretano\/48 % poli\u00e9ster<\/span><\/p>\n<p><span>\u2022 Adorno 2: 60 % poliuretano\/20 % algod\u00f3n\/20 % poli\u00e9ster<\/span><\/p>\n<p><span>\u2022 Herrajes en tono dorado<\/span><\/p>\n<p><span>\u2022 Detalles interiores: dos bolsillos delanteros deslizantes, bolsillo trasero con cremallera<\/span><\/p>\n<p><span>\u2022 Forro: 100 % poli\u00e9ster<\/span><\/p>\n<p><span>\u2022 Cierre a presi\u00f3n<\/span><\/p>\n<p><span>Medida aproximada: <\/span><span>18,75&#8243; de ancho x 12,25&#8243; de alto x 6,25&#8243; de profundidad<\/span><\/p>\n<p>Color: Caramelo.<\/p>\n<p>Modelo: 35H3G4MT7I.<\/p>\n<p>&nbsp;<\/p>\n<\/div>\n<div><\/div>\n<\/div>\n<\/div>\n<\/div>\n","protected":false},"excerpt":{"rendered":"<p>MINA Nuestro bolso Mina es un b\u00e1sico para todos los d\u00edas y nunca pasar\u00e1 de moda. Con un interior espacioso<\/p>\n","protected":false},"featured_media":57744,"comment_status":"open","ping_status":"closed","template":"","meta":{"nf_dc_page":""},"product_brand":[],"product_cat":[74],"product_tag":[],"class_list":{"0":"post-57743","1":"product","2":"type-product","3":"status-publish","4":"has-post-thumbnail","6":"product_cat-accesorios-fem","8":"first","9":"instock","10":"shipping-taxable","11":"purchasable","12":"product-type-simple"},"_links":{"self":[{"href":"https:\/\/brandss.com.py\/index\/wp-json\/wp\/v2\/product\/57743","targetHints":{"allow":["GET"]}}],"collection":[{"href":"https:\/\/brandss.com.py\/index\/wp-json\/wp\/v2\/product"}],"about":[{"href":"https:\/\/brandss.com.py\/index\/wp-json\/wp\/v2\/types\/product"}],"replies":[{"embeddable":true,"href":"https:\/\/brandss.com.py\/index\/wp-json\/wp\/v2\/comments?post=57743"}],"version-history":[{"count":1,"href":"https:\/\/brandss.com.py\/index\/wp-json\/wp\/v2\/product\/57743\/revisions"}],"predecessor-version":[{"id":57751,"href":"https:\/\/brandss.com.py\/index\/wp-json\/wp\/v2\/product\/57743\/revisions\/57751"}],"wp:featuredmedia":[{"embeddable":true,"href":"https:\/\/brandss.com.py\/index\/wp-json\/wp\/v2\/media\/57744"}],"wp:attachment":[{"href":"https:\/\/brandss.com.py\/index\/wp-json\/wp\/v2\/media?parent=57743"}],"wp:term":[{"taxonomy":"product_brand","embeddable":true,"href":"https:\/\/brandss.com.py\/index\/wp-json\/wp\/v2\/product_brand?post=57743"},{"taxonomy":"product_cat","embeddable":true,"href":"https:\/\/brandss.com.py\/index\/wp-json\/wp\/v2\/product_cat?post=57743"},{"taxonomy":"product_tag","embeddable":true,"href":"https:\/\/brandss.com.py\/index\/wp-json\/wp\/v2\/product_tag?post=57743"}],"curies":[{"name":"wp","href":"https:\/\/api.w.org\/{rel}","templated":true}]}}