{"id":57758,"date":"2024-09-12T18:52:44","date_gmt":"2024-09-12T18:52:44","guid":{"rendered":"https:\/\/brandss.com.py\/index\/?post_type=product&#038;p=57758"},"modified":"2024-09-12T18:54:36","modified_gmt":"2024-09-12T18:54:36","slug":"bolso-grande-femenino-michael-kors-mina-3","status":"publish","type":"product","link":"https:\/\/brandss.com.py\/index\/producto\/bolso-grande-femenino-michael-kors-mina-3\/","title":{"rendered":"BOLSO GRANDE FEMENINO MICHAEL KORS MINA"},"content":{"rendered":"<p><img loading=\"lazy\" decoding=\"async\" class=\"\" src=\"https:\/\/upload.wikimedia.org\/wikipedia\/en\/thumb\/3\/32\/Michael_Kors_%28brand%29_logo.svg\/603px-Michael_Kors_%28brand%29_logo.svg.png?20160512073423\" alt=\"File:Michael Kors (brand) logo.svg - Wikipedia\" width=\"89\" height=\"59\" \/><\/p>\n<h1>MINA<\/h1>\n<p>Nuestro bolso Mina es un b\u00e1sico para todos los d\u00edas y nunca pasar\u00e1 de moda. Con un interior espacioso y detalles de cadena que le dan un toque de glamour, es el bolso perfecto para llevar al hombro de d\u00eda o de noche.<\/p>\n<p><strong>Especificaciones:<\/strong><\/p>\n<ul>\n<li>Bolso de hombro<\/li>\n<li>Mezcla de poliuretano<\/li>\n<li>60 % poliuretano\/20 % algod\u00f3n\/20 % poli\u00e9ster<\/li>\n<li>Adorno 1: 52 % poliuretano\/48 % poli\u00e9ster<\/li>\n<li>Adorno 2: 60 % poliuretano\/20 % algod\u00f3n\/20 % poli\u00e9ster<\/li>\n<li>Herrajes en tono plata<\/li>\n<li>18,75&#8243; de ancho x 12,25&#8243; de alto x 6,25&#8243; de profundidad<\/li>\n<li>Detalles interiores: dos bolsillos deslizantes delanteros, bolsillo trasero con cremallera<\/li>\n<li>Forro: 100 % poli\u00e9ster<\/li>\n<li>Cierre a presi\u00f3n<\/li>\n<li>Importado<\/li>\n<li>Modelo: 35H3G4MT7I<\/li>\n<li>Color: Negro.<\/li>\n<\/ul>\n","protected":false},"excerpt":{"rendered":"<p>MINA Nuestro bolso Mina es un b\u00e1sico para todos los d\u00edas y nunca pasar\u00e1 de moda. Con un interior espacioso<\/p>\n","protected":false},"featured_media":57759,"comment_status":"open","ping_status":"closed","template":"","meta":{"nf_dc_page":""},"product_brand":[],"product_cat":[74],"product_tag":[],"class_list":{"0":"post-57758","1":"product","2":"type-product","3":"status-publish","4":"has-post-thumbnail","6":"product_cat-accesorios-fem","8":"first","9":"instock","10":"shipping-taxable","11":"purchasable","12":"product-type-simple"},"_links":{"self":[{"href":"https:\/\/brandss.com.py\/index\/wp-json\/wp\/v2\/product\/57758","targetHints":{"allow":["GET"]}}],"collection":[{"href":"https:\/\/brandss.com.py\/index\/wp-json\/wp\/v2\/product"}],"about":[{"href":"https:\/\/brandss.com.py\/index\/wp-json\/wp\/v2\/types\/product"}],"replies":[{"embeddable":true,"href":"https:\/\/brandss.com.py\/index\/wp-json\/wp\/v2\/comments?post=57758"}],"version-history":[{"count":1,"href":"https:\/\/brandss.com.py\/index\/wp-json\/wp\/v2\/product\/57758\/revisions"}],"predecessor-version":[{"id":57763,"href":"https:\/\/brandss.com.py\/index\/wp-json\/wp\/v2\/product\/57758\/revisions\/57763"}],"wp:featuredmedia":[{"embeddable":true,"href":"https:\/\/brandss.com.py\/index\/wp-json\/wp\/v2\/media\/57759"}],"wp:attachment":[{"href":"https:\/\/brandss.com.py\/index\/wp-json\/wp\/v2\/media?parent=57758"}],"wp:term":[{"taxonomy":"product_brand","embeddable":true,"href":"https:\/\/brandss.com.py\/index\/wp-json\/wp\/v2\/product_brand?post=57758"},{"taxonomy":"product_cat","embeddable":true,"href":"https:\/\/brandss.com.py\/index\/wp-json\/wp\/v2\/product_cat?post=57758"},{"taxonomy":"product_tag","embeddable":true,"href":"https:\/\/brandss.com.py\/index\/wp-json\/wp\/v2\/product_tag?post=57758"}],"curies":[{"name":"wp","href":"https:\/\/api.w.org\/{rel}","templated":true}]}}