{"id":57795,"date":"2024-09-13T14:23:15","date_gmt":"2024-09-13T14:23:15","guid":{"rendered":"https:\/\/brandss.com.py\/index\/?post_type=product&#038;p=57795"},"modified":"2025-06-03T10:33:14","modified_gmt":"2025-06-03T10:33:14","slug":"bolso-grande-femenino-michael-kors-wilma-4","status":"publish","type":"product","link":"https:\/\/brandss.com.py\/index\/producto\/bolso-grande-femenino-michael-kors-wilma-4\/","title":{"rendered":"BOLSO GRANDE FEMENINO MICHAEL KORS WILMA"},"content":{"rendered":"<p><img loading=\"lazy\" decoding=\"async\" class=\"\" src=\"https:\/\/upload.wikimedia.org\/wikipedia\/en\/thumb\/3\/32\/Michael_Kors_%28brand%29_logo.svg\/603px-Michael_Kors_%28brand%29_logo.svg.png?20160512073423\" alt=\"File:Michael Kors (brand) logo.svg - Wikipedia\" width=\"92\" height=\"61\" \/><\/p>\n<h1>WILMA<\/h1>\n<p>Presentamos Wilma: un elegante bolso de hombro dise\u00f1ado para marcar tendencia. Con un exterior de cuero suave, tiene una silueta estructurada y una atrevida correa de cadena que le da un aspecto lujoso y resistente. Creemos que es el bolso perfecto para el d\u00eda y la noche.<\/p>\n<p><strong>Detalles:<\/strong><\/p>\n<p><span>\u2022 100 % cuero de curtidur\u00edas que cumplen con los m\u00e1s altos est\u00e1ndares de desempe\u00f1o ambiental<\/span><br \/>\n<span>\u2022 Bolso de hombro<\/span><br \/>\n<span>\u2022 Cuero<\/span><br \/>\n<span>\u2022 100 % cuero<\/span><br \/>\n<span>\u2022 Herrajes en tono dorado<\/span><br \/>\n<span>\u2022 14,5\u201d de ancho x 12\u201d de alto x 4\u201d de profundidad<\/span><br \/>\n<span>\u2022 Ca\u00edda del asa: 11\u201d<\/span><br \/>\n<span>\u2022 Detalles interiores: bolsillo trasero con cremallera, bolsillo deslizante delantero<\/span><br \/>\n<span>\u2022 Forro: 100 % poli\u00e9ster<\/span><br \/>\n<span>\u2022 Cierre con cremallera<\/span><br \/>\n<span>\u2022 Importado<\/span><br \/>\n<span>\u2022 Modelo:<\/span> 35H3G3WL3L-Caramelo<\/p>\n","protected":false},"excerpt":{"rendered":"<p>WILMA Presentamos Wilma: un elegante bolso de hombro dise\u00f1ado para marcar tendencia. Con un exterior de cuero suave, tiene una<\/p>\n","protected":false},"featured_media":57796,"comment_status":"open","ping_status":"closed","template":"","meta":{"nf_dc_page":""},"product_brand":[],"product_cat":[74],"product_tag":[],"class_list":{"0":"post-57795","1":"product","2":"type-product","3":"status-publish","4":"has-post-thumbnail","6":"product_cat-accesorios-fem","8":"first","9":"instock","10":"shipping-taxable","11":"purchasable","12":"product-type-simple"},"_links":{"self":[{"href":"https:\/\/brandss.com.py\/index\/wp-json\/wp\/v2\/product\/57795","targetHints":{"allow":["GET"]}}],"collection":[{"href":"https:\/\/brandss.com.py\/index\/wp-json\/wp\/v2\/product"}],"about":[{"href":"https:\/\/brandss.com.py\/index\/wp-json\/wp\/v2\/types\/product"}],"replies":[{"embeddable":true,"href":"https:\/\/brandss.com.py\/index\/wp-json\/wp\/v2\/comments?post=57795"}],"version-history":[{"count":1,"href":"https:\/\/brandss.com.py\/index\/wp-json\/wp\/v2\/product\/57795\/revisions"}],"predecessor-version":[{"id":57803,"href":"https:\/\/brandss.com.py\/index\/wp-json\/wp\/v2\/product\/57795\/revisions\/57803"}],"wp:featuredmedia":[{"embeddable":true,"href":"https:\/\/brandss.com.py\/index\/wp-json\/wp\/v2\/media\/57796"}],"wp:attachment":[{"href":"https:\/\/brandss.com.py\/index\/wp-json\/wp\/v2\/media?parent=57795"}],"wp:term":[{"taxonomy":"product_brand","embeddable":true,"href":"https:\/\/brandss.com.py\/index\/wp-json\/wp\/v2\/product_brand?post=57795"},{"taxonomy":"product_cat","embeddable":true,"href":"https:\/\/brandss.com.py\/index\/wp-json\/wp\/v2\/product_cat?post=57795"},{"taxonomy":"product_tag","embeddable":true,"href":"https:\/\/brandss.com.py\/index\/wp-json\/wp\/v2\/product_tag?post=57795"}],"curies":[{"name":"wp","href":"https:\/\/api.w.org\/{rel}","templated":true}]}}