{"id":57827,"date":"2024-09-13T18:04:38","date_gmt":"2024-09-13T18:04:38","guid":{"rendered":"https:\/\/brandss.com.py\/index\/?post_type=product&#038;p=57827"},"modified":"2025-06-03T10:33:44","modified_gmt":"2025-06-03T10:33:44","slug":"bolso-grande-femenino-michael-kors-pratt-2","status":"publish","type":"product","link":"https:\/\/brandss.com.py\/index\/producto\/bolso-grande-femenino-michael-kors-pratt-2\/","title":{"rendered":"BOLSO GRANDE FEMENINO MICHAEL KORS PRATT"},"content":{"rendered":"<p><img loading=\"lazy\" decoding=\"async\" class=\"\" src=\"https:\/\/upload.wikimedia.org\/wikipedia\/en\/thumb\/3\/32\/Michael_Kors_%28brand%29_logo.svg\/603px-Michael_Kors_%28brand%29_logo.svg.png?20160512073423\" alt=\"File:Michael Kors (brand) logo.svg - Wikipedia\" width=\"89\" height=\"59\" \/><\/p>\n<h1>PRATT<\/h1>\n<p>Este bolso de hombro Pratt de Michael Kors es un accesorio elegante para cualquier ocasi\u00f3n. El colornegro y los herrajes en tono dorado lo convierten en una pieza destacada. El bolso tiene un cierre de cremallera y asas dobles, con un detalle de dije para bolso. Tiene bolsillos y el logotipo de Michael Kors, lo que lo convierte en una opci\u00f3n pr\u00e1ctica y de moda. El bolso est\u00e1 hecho de cuero y tiene un acabado revestido de lona. Tiene un tama\u00f1o grande, mide 12 pulgadas de ancho y 5 pulgadas de profundidad, con una altura de bolso de 12 pulgadas. La ca\u00edda del asa es de 10,5 pulgadas y la ca\u00edda de la correa tambi\u00e9n es de 10,5 pulgadas. El bolso es adecuado para viajes, bodas, fiestas, salidas informales, eventos formales, ropa de trabajo y entornos comerciales.<\/p>\n<p><strong>Detalles:<\/strong><\/p>\n<p><strong>Marca:<\/strong> Michael Kors.<\/p>\n<p><strong>Modelo:<\/strong> 35R4GOT3I-Black.<\/p>\n<p><strong>Color:<\/strong> Negro.<\/p>\n<p><strong>G\u00e9nero:<\/strong> Femenino.<\/p>\n","protected":false},"excerpt":{"rendered":"<p>PRATT Este bolso de hombro Pratt de Michael Kors es un accesorio elegante para cualquier ocasi\u00f3n. El colornegro y los<\/p>\n","protected":false},"featured_media":57828,"comment_status":"open","ping_status":"closed","template":"","meta":{"nf_dc_page":""},"product_brand":[],"product_cat":[74],"product_tag":[],"class_list":{"0":"post-57827","1":"product","2":"type-product","3":"status-publish","4":"has-post-thumbnail","6":"product_cat-accesorios-fem","8":"first","9":"instock","10":"shipping-taxable","11":"purchasable","12":"product-type-simple"},"_links":{"self":[{"href":"https:\/\/brandss.com.py\/index\/wp-json\/wp\/v2\/product\/57827","targetHints":{"allow":["GET"]}}],"collection":[{"href":"https:\/\/brandss.com.py\/index\/wp-json\/wp\/v2\/product"}],"about":[{"href":"https:\/\/brandss.com.py\/index\/wp-json\/wp\/v2\/types\/product"}],"replies":[{"embeddable":true,"href":"https:\/\/brandss.com.py\/index\/wp-json\/wp\/v2\/comments?post=57827"}],"version-history":[{"count":1,"href":"https:\/\/brandss.com.py\/index\/wp-json\/wp\/v2\/product\/57827\/revisions"}],"predecessor-version":[{"id":57834,"href":"https:\/\/brandss.com.py\/index\/wp-json\/wp\/v2\/product\/57827\/revisions\/57834"}],"wp:featuredmedia":[{"embeddable":true,"href":"https:\/\/brandss.com.py\/index\/wp-json\/wp\/v2\/media\/57828"}],"wp:attachment":[{"href":"https:\/\/brandss.com.py\/index\/wp-json\/wp\/v2\/media?parent=57827"}],"wp:term":[{"taxonomy":"product_brand","embeddable":true,"href":"https:\/\/brandss.com.py\/index\/wp-json\/wp\/v2\/product_brand?post=57827"},{"taxonomy":"product_cat","embeddable":true,"href":"https:\/\/brandss.com.py\/index\/wp-json\/wp\/v2\/product_cat?post=57827"},{"taxonomy":"product_tag","embeddable":true,"href":"https:\/\/brandss.com.py\/index\/wp-json\/wp\/v2\/product_tag?post=57827"}],"curies":[{"name":"wp","href":"https:\/\/api.w.org\/{rel}","templated":true}]}}