{"id":57870,"date":"2024-09-14T13:41:13","date_gmt":"2024-09-14T13:41:13","guid":{"rendered":"https:\/\/brandss.com.py\/index\/?post_type=product&#038;p=57870"},"modified":"2025-07-14T10:13:07","modified_gmt":"2025-07-14T10:13:07","slug":"mochila-mediano-femenino-dkny-tilly-iconic-graffiti","status":"publish","type":"product","link":"https:\/\/brandss.com.py\/index\/producto\/mochila-mediano-femenino-dkny-tilly-iconic-graffiti\/","title":{"rendered":"MOCHILA MEDIANO FEMENINO DKNY TILLY ICONIC GRAFFITI"},"content":{"rendered":"<p><img loading=\"lazy\" decoding=\"async\" class=\"\" src=\"https:\/\/1000marcas.net\/wp-content\/uploads\/2021\/05\/Donna-Karan-Logo.png\" alt=\"Donna Karan Logo - s\u00edmbolo, significado logotipo, historia, PNG\" width=\"110\" height=\"62\" \/><\/p>\n<h1>TILLY ICONIC GRAFFITI<\/h1>\n<p>La Mochila de Moda Multiprop\u00f3sito DKNY Iconic Graffiti Tilly es el \u00faltimo accesorio para la mujer moderna en movimiento. Ya sea que se dirija al trabajo, a la universidad o simplemente haga mandados, esta mochila est\u00e1 dise\u00f1ada para llevar sin esfuerzo todos sus elementos esenciales con estilo. Hecho a mano con atenci\u00f3n al detalle, esta mochila presenta un color moderno y un patr\u00f3n de graffiti ic\u00f3nico que lo distingue de las mochilas comunes. El dise\u00f1o elegante y el interior espacioso lo convierten en el compa\u00f1ero perfecto para todas sus aventuras diarias. Con su funcionalidad multiprop\u00f3sito, esta mochila no solo es elegante sino tambi\u00e9n muy pr\u00e1ctica.<\/p>\n<p>La construcci\u00f3n duradera garantiza que pueda soportar las demandas de su estilo de vida ocupado, mientras que las correas c\u00f3modas permiten llevar f\u00e1cilmente a donde quiera que vaya. Dise\u00f1ada por DKNY, una marca de moda de renombre, esta mochila combina moda y funci\u00f3n sin problemas. El logotipo ic\u00f3nico agrega un toque de sofisticaci\u00f3n, lo que lo convierte en una pieza de declaraci\u00f3n que mejora cualquier atuendo. Ya sea que sea un estudiante, un profesional o una persona consciente de la moda, esta mochila de moda multiprop\u00f3sito DKNY Women&#8217;s Fashion Backpack es un accesorio imprescindible. Actualice su estilo y mant\u00e9ngase organizado con esta mochila de moda que combina comodidad y moda sin esfuerzo.<\/p>\n<p>Compre ahora y experimente la combinaci\u00f3n perfecta de estilo y funcionalidad con esta mochila de moda ic\u00f3nica.<\/p>\n<ul>\n<li><em><strong>Modernice su viaje:<\/strong> <\/em>Suficiente espacio para llevar sus elementos esenciales diarios \u2013 s\u00ed, incluida su computadora port\u00e1til y ropa de gimnasio \u2013 con confianza, sabiendo que DKNY tiene su back(pack)<\/li>\n<li><em><strong>D\u00eda a noche:<\/strong><\/em> los bolsos DKNY est\u00e1n destinados a llevarlo a trav\u00e9s de su ajetreado d\u00eda, desde el trabajo hasta la cena y cada momento intermedio.<\/li>\n<li><em><strong>Caracter\u00edsticas flexibles:<\/strong><\/em> con caracter\u00edsticas convertibles ( piense: correas y cadenas extra\u00edbles ), nuestros estilos se pueden llevar a mano, en el hombro o como travesa\u00f1os.<\/li>\n<\/ul>\n<h3 class=\"product-facts-title\">Caracter\u00edsticas<\/h3>\n<ul class=\"a-unordered-list a-vertical a-spacing-small\">\n<li><span class=\"a-list-item a-size-base a-color-base\">Cierres magn\u00e9ticos y con cremallera.<\/span><\/li>\n<\/ul>\n<ul class=\"a-unordered-list a-vertical a-spacing-small\">\n<li><span class=\"a-list-item a-size-base a-color-base\">Forro de logotipo, 1 bolsillo interior con cremallera y 1 bolsillo deslizante para tableta compatible (std. Tama\u00f1o: 20,32 &#8211; 25,4 cm.<\/span><\/li>\n<\/ul>\n<ul class=\"a-unordered-list a-vertical a-spacing-small\">\n<li><span class=\"a-list-item a-size-base a-color-base\">Accesorios exteriores dorados, 1 compartimento con cremallera (en la solapa) y 1 bolsillo trasero.<\/span><\/li>\n<\/ul>\n<ul class=\"a-unordered-list a-vertical a-spacing-small\">\n<li><span class=\"a-list-item a-size-base a-color-base\">Mango superior de 6,35 cm; correas ajustables de 38 a 45 cm.<\/span><\/li>\n<\/ul>\n<ul class=\"a-unordered-list a-vertical a-spacing-small\">\n<li><span class=\"a-list-item a-size-base a-color-base\">30,48 cm de ancho x 30,48 cm de alto x 10,16 cm de profundidad., Top quality faux leather backpack<\/span><\/li>\n<\/ul>\n<p><strong>Detalles:<\/strong><\/p>\n<p><strong>Marca:<\/strong> DKNY.<\/p>\n<p><strong>Modelo:<\/strong> R84KD350.<\/p>\n<p><strong>G\u00e9nero:<\/strong> Femenino.<\/p>\n<p><strong>Color:<\/strong> Multicolor.<\/p>\n","protected":false},"excerpt":{"rendered":"<p>TILLY ICONIC GRAFFITI La Mochila de Moda Multiprop\u00f3sito DKNY Iconic Graffiti Tilly es el \u00faltimo accesorio para la mujer moderna<\/p>\n","protected":false},"featured_media":57871,"comment_status":"open","ping_status":"closed","template":"","meta":{"nf_dc_page":""},"product_brand":[],"product_cat":[74],"product_tag":[],"class_list":{"0":"post-57870","1":"product","2":"type-product","3":"status-publish","4":"has-post-thumbnail","6":"product_cat-accesorios-fem","8":"first","9":"instock","10":"shipping-taxable","11":"purchasable","12":"product-type-simple"},"_links":{"self":[{"href":"https:\/\/brandss.com.py\/index\/wp-json\/wp\/v2\/product\/57870","targetHints":{"allow":["GET"]}}],"collection":[{"href":"https:\/\/brandss.com.py\/index\/wp-json\/wp\/v2\/product"}],"about":[{"href":"https:\/\/brandss.com.py\/index\/wp-json\/wp\/v2\/types\/product"}],"replies":[{"embeddable":true,"href":"https:\/\/brandss.com.py\/index\/wp-json\/wp\/v2\/comments?post=57870"}],"version-history":[{"count":1,"href":"https:\/\/brandss.com.py\/index\/wp-json\/wp\/v2\/product\/57870\/revisions"}],"predecessor-version":[{"id":57875,"href":"https:\/\/brandss.com.py\/index\/wp-json\/wp\/v2\/product\/57870\/revisions\/57875"}],"wp:featuredmedia":[{"embeddable":true,"href":"https:\/\/brandss.com.py\/index\/wp-json\/wp\/v2\/media\/57871"}],"wp:attachment":[{"href":"https:\/\/brandss.com.py\/index\/wp-json\/wp\/v2\/media?parent=57870"}],"wp:term":[{"taxonomy":"product_brand","embeddable":true,"href":"https:\/\/brandss.com.py\/index\/wp-json\/wp\/v2\/product_brand?post=57870"},{"taxonomy":"product_cat","embeddable":true,"href":"https:\/\/brandss.com.py\/index\/wp-json\/wp\/v2\/product_cat?post=57870"},{"taxonomy":"product_tag","embeddable":true,"href":"https:\/\/brandss.com.py\/index\/wp-json\/wp\/v2\/product_tag?post=57870"}],"curies":[{"name":"wp","href":"https:\/\/api.w.org\/{rel}","templated":true}]}}