{"id":57876,"date":"2024-09-14T14:29:39","date_gmt":"2024-09-14T14:29:39","guid":{"rendered":"https:\/\/brandss.com.py\/index\/?post_type=product&#038;p=57876"},"modified":"2025-12-05T10:52:12","modified_gmt":"2025-12-05T10:52:12","slug":"bolso-bandolera-femenino-dkny-orion-tz-cbody","status":"publish","type":"product","link":"https:\/\/brandss.com.py\/index\/producto\/bolso-bandolera-femenino-dkny-orion-tz-cbody\/","title":{"rendered":"BOLSO BANDOLERA FEMENINO DKNY ORION TZ CBODY"},"content":{"rendered":"<p><img loading=\"lazy\" decoding=\"async\" class=\"\" src=\"https:\/\/1000marcas.net\/wp-content\/uploads\/2021\/05\/Donna-Karan-Logo.png\" alt=\"Donna Karan Logo - s\u00edmbolo, significado logotipo, historia, PNG\" width=\"101\" height=\"57\" \/><\/p>\n<h1>ORION TZ CBODY<\/h1>\n<p><span class=\"a-list-item a-size-base a-color-base\">Irradia confianza y luce este bolso en cualquier ocasi\u00f3n; f\u00e1cil de llevar como uno de tus accesorios de viaje esenciales. Moda en la que puedes confiar para un estilo sencillo y c\u00f3modo. Los bolsos DKNY son ideales para el uso diario y combinan bien con atuendos casuales de negocios para mujeres.<\/span><\/p>\n<p><strong><span class=\"a-list-item a-size-base a-color-base\">Detalles:\u00a0<\/span><\/strong><\/p>\n<ul class=\"a-unordered-list a-vertical a-spacing-small\">\n<li><strong>Marca:<\/strong>\u00a0<span class=\"a-list-item a-size-base a-color-base\">DKNY.<\/span><\/li>\n<li><strong>Modelo:<\/strong> R33EQX23.<\/li>\n<li><strong>G\u00e9nero:<\/strong> Femenino.<\/li>\n<li><span class=\"a-list-item a-size-base a-color-base\"><span><strong>Medidas:<\/strong> 9,5 x 5,75 x 4,5.<\/span><\/span><\/li>\n<li><strong>Color:<\/strong> Gris metalizado.<\/li>\n<\/ul>\n","protected":false},"excerpt":{"rendered":"<p>ORION TZ CBODY Irradia confianza y luce este bolso en cualquier ocasi\u00f3n; f\u00e1cil de llevar como uno de tus accesorios<\/p>\n","protected":false},"featured_media":57877,"comment_status":"open","ping_status":"closed","template":"","meta":{"nf_dc_page":""},"product_brand":[],"product_cat":[74],"product_tag":[],"class_list":{"0":"post-57876","1":"product","2":"type-product","3":"status-publish","4":"has-post-thumbnail","6":"product_cat-accesorios-fem","8":"first","9":"instock","10":"shipping-taxable","11":"purchasable","12":"product-type-simple"},"_links":{"self":[{"href":"https:\/\/brandss.com.py\/index\/wp-json\/wp\/v2\/product\/57876","targetHints":{"allow":["GET"]}}],"collection":[{"href":"https:\/\/brandss.com.py\/index\/wp-json\/wp\/v2\/product"}],"about":[{"href":"https:\/\/brandss.com.py\/index\/wp-json\/wp\/v2\/types\/product"}],"replies":[{"embeddable":true,"href":"https:\/\/brandss.com.py\/index\/wp-json\/wp\/v2\/comments?post=57876"}],"version-history":[{"count":1,"href":"https:\/\/brandss.com.py\/index\/wp-json\/wp\/v2\/product\/57876\/revisions"}],"predecessor-version":[{"id":57882,"href":"https:\/\/brandss.com.py\/index\/wp-json\/wp\/v2\/product\/57876\/revisions\/57882"}],"wp:featuredmedia":[{"embeddable":true,"href":"https:\/\/brandss.com.py\/index\/wp-json\/wp\/v2\/media\/57877"}],"wp:attachment":[{"href":"https:\/\/brandss.com.py\/index\/wp-json\/wp\/v2\/media?parent=57876"}],"wp:term":[{"taxonomy":"product_brand","embeddable":true,"href":"https:\/\/brandss.com.py\/index\/wp-json\/wp\/v2\/product_brand?post=57876"},{"taxonomy":"product_cat","embeddable":true,"href":"https:\/\/brandss.com.py\/index\/wp-json\/wp\/v2\/product_cat?post=57876"},{"taxonomy":"product_tag","embeddable":true,"href":"https:\/\/brandss.com.py\/index\/wp-json\/wp\/v2\/product_tag?post=57876"}],"curies":[{"name":"wp","href":"https:\/\/api.w.org\/{rel}","templated":true}]}}