{"id":57890,"date":"2024-09-14T15:37:37","date_gmt":"2024-09-14T15:37:37","guid":{"rendered":"https:\/\/brandss.com.py\/index\/?post_type=product&#038;p=57890"},"modified":"2026-01-07T11:51:07","modified_gmt":"2026-01-07T11:51:07","slug":"bolso-femenino-coach-dakota","status":"publish","type":"product","link":"https:\/\/brandss.com.py\/index\/producto\/bolso-femenino-coach-dakota\/","title":{"rendered":"BOLSO FEMENINO COACH DAKOTA"},"content":{"rendered":"<p><img loading=\"lazy\" decoding=\"async\" class=\"\" src=\"https:\/\/1000marcas.net\/wp-content\/uploads\/2020\/10\/Coach-Logo.png\" alt=\"Coach Logo - s\u00edmbolo, significado logotipo, historia, PNG\" width=\"92\" height=\"52\" \/><\/p>\n<h1>DAKOTA<\/h1>\n<p>Basado en un ic\u00f3nico estilo de archivo de Coach, nuestro relajado bolso Dakota es el ep\u00edtome de la sofisticaci\u00f3n relajada. El estilo de cuero curtido suave como la mantequilla tiene un interior espacioso y est\u00e1 terminado con dos correas desmontables para llevarlo en la mano, como un bolso de hombro corto o cruzado. (T\u00fa decides).<\/p>\n<p><span>El bolso Dakota de Coach tiene un cuerpo de cuero suave con un asa superior y una correa para el hombro extra\u00edbles. Las costuras en contraste y las etiquetas con el logotipo completan este estilo atemporal.<\/span><\/p>\n<ul>\n<li><span>Correa de hombro extra\u00edble<\/span><\/li>\n<li><span>Asa superior extra\u00edble<\/span><\/li>\n<li><span>Un bolsillo interior con cremallera<\/span><\/li>\n<li><span>Pies de metal<\/span><\/li>\n<li><span><span><span><span>Cuero curtido con guantes<\/span><\/span><\/span><\/span><\/li>\n<li><span><span><span><span>Bolsillo interior con cremallera.<\/span><\/span><\/span><\/span><\/li>\n<li><span><span><span><span>Cierre a presi\u00f3n, forro de tela.<\/span><\/span><\/span><\/span><\/li>\n<li><span><span><span><span>Mango desmontable con ca\u00edda de 27,5 cm.<\/span><\/span><\/span><\/span><\/li>\n<li><span><span><span><span>Correa desmontable con ca\u00edda de 54,5 cm para llevar al hombro o cruzado<\/span><\/span><\/span><\/span><\/li>\n<li><span><span><span><span>Cuatro pies protectores en la base<\/span><\/span><\/span><\/span><\/li>\n<li><span><span><span><span>34,5 cm (largo) x 29 cm (alto) x 15 cm (ancho)<\/span><\/span><\/span><\/span><\/li>\n<\/ul>\n<p><strong>Detalle:<\/strong><\/p>\n<p><strong>Marca:<\/strong> COACH<\/p>\n<p><strong>Modelo:<\/strong> B2379-CJ827<\/p>\n<p><strong>G\u00e9nero:<\/strong> Femenino.<\/p>\n<p><strong>Color: <\/strong>Blanco<\/p>\n","protected":false},"excerpt":{"rendered":"<p>DAKOTA Basado en un ic\u00f3nico estilo de archivo de Coach, nuestro relajado bolso Dakota es el ep\u00edtome de la sofisticaci\u00f3n<\/p>\n","protected":false},"featured_media":57891,"comment_status":"open","ping_status":"closed","template":"","meta":{"nf_dc_page":""},"product_brand":[],"product_cat":[74],"product_tag":[],"class_list":{"0":"post-57890","1":"product","2":"type-product","3":"status-publish","4":"has-post-thumbnail","6":"product_cat-accesorios-fem","8":"first","9":"outofstock","10":"shipping-taxable","11":"purchasable","12":"product-type-simple"},"_links":{"self":[{"href":"https:\/\/brandss.com.py\/index\/wp-json\/wp\/v2\/product\/57890","targetHints":{"allow":["GET"]}}],"collection":[{"href":"https:\/\/brandss.com.py\/index\/wp-json\/wp\/v2\/product"}],"about":[{"href":"https:\/\/brandss.com.py\/index\/wp-json\/wp\/v2\/types\/product"}],"replies":[{"embeddable":true,"href":"https:\/\/brandss.com.py\/index\/wp-json\/wp\/v2\/comments?post=57890"}],"version-history":[{"count":1,"href":"https:\/\/brandss.com.py\/index\/wp-json\/wp\/v2\/product\/57890\/revisions"}],"predecessor-version":[{"id":57896,"href":"https:\/\/brandss.com.py\/index\/wp-json\/wp\/v2\/product\/57890\/revisions\/57896"}],"wp:featuredmedia":[{"embeddable":true,"href":"https:\/\/brandss.com.py\/index\/wp-json\/wp\/v2\/media\/57891"}],"wp:attachment":[{"href":"https:\/\/brandss.com.py\/index\/wp-json\/wp\/v2\/media?parent=57890"}],"wp:term":[{"taxonomy":"product_brand","embeddable":true,"href":"https:\/\/brandss.com.py\/index\/wp-json\/wp\/v2\/product_brand?post=57890"},{"taxonomy":"product_cat","embeddable":true,"href":"https:\/\/brandss.com.py\/index\/wp-json\/wp\/v2\/product_cat?post=57890"},{"taxonomy":"product_tag","embeddable":true,"href":"https:\/\/brandss.com.py\/index\/wp-json\/wp\/v2\/product_tag?post=57890"}],"curies":[{"name":"wp","href":"https:\/\/api.w.org\/{rel}","templated":true}]}}