{"id":57989,"date":"2024-09-16T19:06:45","date_gmt":"2024-09-16T19:06:45","guid":{"rendered":"https:\/\/brandss.com.py\/index\/?post_type=product&#038;p=57989"},"modified":"2026-01-08T18:46:14","modified_gmt":"2026-01-08T18:46:14","slug":"calzado-deportivo-masculino-puma-attacanto-it-de-futsal","status":"publish","type":"product","link":"https:\/\/brandss.com.py\/index\/producto\/calzado-deportivo-masculino-puma-attacanto-it-de-futsal\/","title":{"rendered":"CALZADO DEPORTIVO MASCULINO PUMA ATTACANTO IT DE FUTSAL"},"content":{"rendered":"<p><img loading=\"lazy\" decoding=\"async\" class=\"\" src=\"https:\/\/1000logos.net\/wp-content\/uploads\/2021\/04\/Puma-logo.png\" alt=\"PUMA Logo and symbol, meaning, history, PNG, brand\" width=\"112\" height=\"56\" \/><\/p>\n<h1>ATTACANTO IT<\/h1>\n<p>El ATTACANTO es una bota sencilla y pr\u00e1ctica dise\u00f1ada para satisfacer tus necesidades en la cancha. Est\u00e1 dise\u00f1ada con una parte superior suave para un mejor toque y control del bal\u00f3n. La suela liviana te permitir\u00e1 correr y cambiar de direcci\u00f3n con absoluta facilidad.<\/p>\n<p><strong>Caracter\u00edsticas<\/strong><\/p>\n<ul>\n<li>Bota baja<\/li>\n<li>Cordones<\/li>\n<li>Parte superior sint\u00e9tica con forro suave que se adapta al pie.<\/li>\n<li>Suela de caucho para uso en interiores que no deja marcas. Adecuada para uso en superficies interiores.<\/li>\n<li>ES: Entrenamiento en interiores<\/li>\n<li>Ajuste regular<\/li>\n<\/ul>\n<p><strong>Detalles:<\/strong><\/p>\n<ul>\n<li><strong>Marca:<\/strong> PUMA<\/li>\n<li><strong>Modelo:<\/strong> 107479-08<\/li>\n<li><strong>G\u00e9nero:<\/strong> Masculino<\/li>\n<li><strong>Tipo:<\/strong> F\u00fatbol de sal\u00f3n<\/li>\n<li><strong>Color:<\/strong> Negro\/ azul.<\/li>\n<\/ul>\n","protected":false},"excerpt":{"rendered":"<p>ATTACANTO IT El ATTACANTO es una bota sencilla y pr\u00e1ctica dise\u00f1ada para satisfacer tus necesidades en la cancha. Est\u00e1 dise\u00f1ada<\/p>\n","protected":false},"featured_media":57990,"comment_status":"open","ping_status":"closed","template":"","meta":{"nf_dc_page":""},"product_brand":[2306],"product_cat":[76],"product_tag":[2327],"class_list":{"0":"post-57989","1":"product","2":"type-product","3":"status-publish","4":"has-post-thumbnail","6":"product_brand-puma","7":"product_cat-masculino","8":"product_tag-2327","10":"first","11":"instock","12":"shipping-taxable","13":"purchasable","14":"product-type-simple"},"_links":{"self":[{"href":"https:\/\/brandss.com.py\/index\/wp-json\/wp\/v2\/product\/57989","targetHints":{"allow":["GET"]}}],"collection":[{"href":"https:\/\/brandss.com.py\/index\/wp-json\/wp\/v2\/product"}],"about":[{"href":"https:\/\/brandss.com.py\/index\/wp-json\/wp\/v2\/types\/product"}],"replies":[{"embeddable":true,"href":"https:\/\/brandss.com.py\/index\/wp-json\/wp\/v2\/comments?post=57989"}],"version-history":[{"count":2,"href":"https:\/\/brandss.com.py\/index\/wp-json\/wp\/v2\/product\/57989\/revisions"}],"predecessor-version":[{"id":86203,"href":"https:\/\/brandss.com.py\/index\/wp-json\/wp\/v2\/product\/57989\/revisions\/86203"}],"wp:featuredmedia":[{"embeddable":true,"href":"https:\/\/brandss.com.py\/index\/wp-json\/wp\/v2\/media\/57990"}],"wp:attachment":[{"href":"https:\/\/brandss.com.py\/index\/wp-json\/wp\/v2\/media?parent=57989"}],"wp:term":[{"taxonomy":"product_brand","embeddable":true,"href":"https:\/\/brandss.com.py\/index\/wp-json\/wp\/v2\/product_brand?post=57989"},{"taxonomy":"product_cat","embeddable":true,"href":"https:\/\/brandss.com.py\/index\/wp-json\/wp\/v2\/product_cat?post=57989"},{"taxonomy":"product_tag","embeddable":true,"href":"https:\/\/brandss.com.py\/index\/wp-json\/wp\/v2\/product_tag?post=57989"}],"curies":[{"name":"wp","href":"https:\/\/api.w.org\/{rel}","templated":true}]}}