{"id":57998,"date":"2024-09-17T12:57:43","date_gmt":"2024-09-17T12:57:43","guid":{"rendered":"https:\/\/brandss.com.py\/index\/?post_type=product&#038;p=57998"},"modified":"2026-01-08T18:43:23","modified_gmt":"2026-01-08T18:43:23","slug":"calzado-deportivo-masculino-puma-attacanto-tt-de-suizo","status":"publish","type":"product","link":"https:\/\/brandss.com.py\/index\/producto\/calzado-deportivo-masculino-puma-attacanto-tt-de-suizo\/","title":{"rendered":"CALZADO DEPORTIVO MASCULINO PUMA ATTACANTO TT DE SUIZO"},"content":{"rendered":"<p><img loading=\"lazy\" decoding=\"async\" class=\"\" src=\"https:\/\/1000logos.net\/wp-content\/uploads\/2021\/04\/Puma-logo.png\" alt=\"PUMA Logo and symbol, meaning, history, PNG, brand\" width=\"107\" height=\"53\" \/><\/p>\n<h1>ATTACANTO TT<\/h1>\n<p><span>Disfruta del juego que amas con las botas de f\u00fatbol para hombre Puma Attacanto TT. La suela ligera te permitir\u00e1 correr y cambiar de direcci\u00f3n con absoluta facilidad. Dise\u00f1ado para uso en terreno firme o superficies artificiales. Un zapato simple y sensato dise\u00f1ado para satisfacer tus demandas en la cancha, el ATTACANTO est\u00e1 construido con una parte superior suave para mejorar el toque y el control del bal\u00f3n. La suela ligera te permitir\u00e1 correr y cambiar de direcci\u00f3n con absoluta facilidad.<\/span><\/p>\n<p>Especificaciones:<\/p>\n<p><span>\u2022 Parte superior sint\u00e9tica suave y liviana.<\/span><br \/>\n<span>\u2022 Ajuste regular.<\/span><br \/>\n<span>\u2022 Suela exterior de TPU liviana.<\/span><br \/>\n<span>\u2022 TT: entrenamiento de c\u00e9sped (parrilla).<\/span><br \/>\n<span>\u2022 Logotipos de PUMA en el costado y el tal\u00f3n.<\/span><\/p>\n<h4><b>Detalles:<\/b><\/h4>\n<ul>\n<li><strong>Marca:<\/strong> PUMA<\/li>\n<li><strong>Modelo:<\/strong> 107478-10<\/li>\n<li><strong>G\u00e9nero:<\/strong> Masculino.<\/li>\n<li><strong>Tipo:<\/strong> F\u00fatbol suizo<\/li>\n<li><strong>Color:<\/strong> Electric peppermint.<\/li>\n<\/ul>\n","protected":false},"excerpt":{"rendered":"<p>ATTACANTO TT Disfruta del juego que amas con las botas de f\u00fatbol para hombre Puma Attacanto TT. La suela ligera<\/p>\n","protected":false},"featured_media":57999,"comment_status":"open","ping_status":"closed","template":"","meta":{"nf_dc_page":""},"product_brand":[2306],"product_cat":[76],"product_tag":[2326],"class_list":{"0":"post-57998","1":"product","2":"type-product","3":"status-publish","4":"has-post-thumbnail","6":"product_brand-puma","7":"product_cat-masculino","8":"product_tag-2326","10":"first","11":"instock","12":"shipping-taxable","13":"purchasable","14":"product-type-simple"},"_links":{"self":[{"href":"https:\/\/brandss.com.py\/index\/wp-json\/wp\/v2\/product\/57998","targetHints":{"allow":["GET"]}}],"collection":[{"href":"https:\/\/brandss.com.py\/index\/wp-json\/wp\/v2\/product"}],"about":[{"href":"https:\/\/brandss.com.py\/index\/wp-json\/wp\/v2\/types\/product"}],"replies":[{"embeddable":true,"href":"https:\/\/brandss.com.py\/index\/wp-json\/wp\/v2\/comments?post=57998"}],"version-history":[{"count":1,"href":"https:\/\/brandss.com.py\/index\/wp-json\/wp\/v2\/product\/57998\/revisions"}],"predecessor-version":[{"id":58009,"href":"https:\/\/brandss.com.py\/index\/wp-json\/wp\/v2\/product\/57998\/revisions\/58009"}],"wp:featuredmedia":[{"embeddable":true,"href":"https:\/\/brandss.com.py\/index\/wp-json\/wp\/v2\/media\/57999"}],"wp:attachment":[{"href":"https:\/\/brandss.com.py\/index\/wp-json\/wp\/v2\/media?parent=57998"}],"wp:term":[{"taxonomy":"product_brand","embeddable":true,"href":"https:\/\/brandss.com.py\/index\/wp-json\/wp\/v2\/product_brand?post=57998"},{"taxonomy":"product_cat","embeddable":true,"href":"https:\/\/brandss.com.py\/index\/wp-json\/wp\/v2\/product_cat?post=57998"},{"taxonomy":"product_tag","embeddable":true,"href":"https:\/\/brandss.com.py\/index\/wp-json\/wp\/v2\/product_tag?post=57998"}],"curies":[{"name":"wp","href":"https:\/\/api.w.org\/{rel}","templated":true}]}}