{"id":58010,"date":"2024-09-17T14:19:20","date_gmt":"2024-09-17T14:19:20","guid":{"rendered":"https:\/\/brandss.com.py\/index\/?post_type=product&#038;p=58010"},"modified":"2025-11-04T17:53:40","modified_gmt":"2025-11-04T17:53:40","slug":"calzado-deportivo-masculino-puma-future-7-play-fg-ag-de-campo","status":"publish","type":"product","link":"https:\/\/brandss.com.py\/index\/producto\/calzado-deportivo-masculino-puma-future-7-play-fg-ag-de-campo\/","title":{"rendered":"CALZADO DEPORTIVO MASCULINO PUMA FUTURE 7 PLAY FG\/AG DE CAMPO"},"content":{"rendered":"<p><img loading=\"lazy\" decoding=\"async\" class=\"\" src=\"https:\/\/1000logos.net\/wp-content\/uploads\/2021\/04\/Puma-logo.png\" alt=\"PUMA Logo and symbol, meaning, history, PNG, brand\" width=\"90\" height=\"45\" \/><\/p>\n<h1>FUTURE 7 PLAY FG\/AG<\/h1>\n<p data-gtm-vis-recent-on-screen32529891_1903=\"425459\" data-gtm-vis-first-on-screen32529891_1903=\"425460\" data-gtm-vis-total-visible-time32529891_1903=\"100\" data-gtm-vis-has-fired32529891_1903=\"1\">Pon un pie en el futuro con estas botas de f\u00fatbol. Su suave empeine est\u00e1 fabricado con un ligero material sint\u00e9tico pero duradero y un collar\u00edn el\u00e1stico para que se ajuste c\u00f3modamente a tu pie. Su suela Dynamic Motion System proporciona tracci\u00f3n y agilidad para hacer recortes y cambios de ritmo r\u00e1pidos. T\u00fa eres el FUTURO con estas botas FUTURE. Es tu momento de crearlo.<\/p>\n<div class=\"single-story-block\">\n<p><strong>CARACTER\u00cdSTICAS + BENEFICIOS<\/strong><\/p>\n<ul>\n<li>Dynamic Motion System: esta suela superligera ofrece libertad de movimiento y una mejor tracci\u00f3n multidireccional gracias a la disposici\u00f3n avanzada de los tacos<\/li>\n<li>El empeine de las botas est\u00e1 fabricado con al menos un 20\u00a0% de materiales reciclados<\/li>\n<\/ul>\n<\/div>\n<div class=\"single-story-block\">\n<p><strong>DETALLES<\/strong><\/p>\n<ul>\n<li>Empeine de material sint\u00e9tico ligero<\/li>\n<li>Detalles con estampado texturizado en las zonas de contacto clave para mejorar el toque y el control del bal\u00f3n<\/li>\n<li>Suela Dynamic Motion System<\/li>\n<li>Horma de est\u00e1ndar a ancha<\/li>\n<li>Dise\u00f1o de corte bajo sin cordones<\/li>\n<li>FG\/AG: aptas para superficies naturales firmes y c\u00e9sped artificial (4G)<\/li>\n<\/ul>\n<\/div>\n<div class=\"single-story-block\">\n<p class=\"material-info-label\"><strong>Composici\u00f3n<\/strong><\/p>\n<ul class=\"material-info\">\n<li class=\"material-info-value\">Plantilla: 100% Textil<\/li>\n<li class=\"material-info-value\">Suela: 100% Sint\u00e9tico<\/li>\n<li class=\"material-info-value\">Exterior: 100% Sint\u00e9tico<\/li>\n<li class=\"material-info-value\">Forro: 100% Textil<\/li>\n<\/ul>\n<p><strong>Detalles:<\/strong><\/p>\n<p><strong>Marca:<\/strong> PUMA.<\/p>\n<p><strong>Modelo:<\/strong> 107939-01.<\/p>\n<p><strong>G\u00e9nero:<\/strong> Masculino.<\/p>\n<p><span><strong>Deporte:<\/strong> F<\/span><span>\u00fatbol.<\/span><\/p>\n<p><strong>Color:<\/strong> Azul\/ Verde menta.<\/p>\n<\/div>\n","protected":false},"excerpt":{"rendered":"<p>FUTURE 7 PLAY FG\/AG Pon un pie en el futuro con estas botas de f\u00fatbol. Su suave empeine est\u00e1 fabricado<\/p>\n","protected":false},"featured_media":58011,"comment_status":"open","ping_status":"closed","template":"","meta":{"nf_dc_page":""},"product_brand":[],"product_cat":[76],"product_tag":[],"class_list":{"0":"post-58010","1":"product","2":"type-product","3":"status-publish","4":"has-post-thumbnail","6":"product_cat-masculino","8":"first","9":"instock","10":"shipping-taxable","11":"purchasable","12":"product-type-simple"},"_links":{"self":[{"href":"https:\/\/brandss.com.py\/index\/wp-json\/wp\/v2\/product\/58010","targetHints":{"allow":["GET"]}}],"collection":[{"href":"https:\/\/brandss.com.py\/index\/wp-json\/wp\/v2\/product"}],"about":[{"href":"https:\/\/brandss.com.py\/index\/wp-json\/wp\/v2\/types\/product"}],"replies":[{"embeddable":true,"href":"https:\/\/brandss.com.py\/index\/wp-json\/wp\/v2\/comments?post=58010"}],"version-history":[{"count":1,"href":"https:\/\/brandss.com.py\/index\/wp-json\/wp\/v2\/product\/58010\/revisions"}],"predecessor-version":[{"id":58019,"href":"https:\/\/brandss.com.py\/index\/wp-json\/wp\/v2\/product\/58010\/revisions\/58019"}],"wp:featuredmedia":[{"embeddable":true,"href":"https:\/\/brandss.com.py\/index\/wp-json\/wp\/v2\/media\/58011"}],"wp:attachment":[{"href":"https:\/\/brandss.com.py\/index\/wp-json\/wp\/v2\/media?parent=58010"}],"wp:term":[{"taxonomy":"product_brand","embeddable":true,"href":"https:\/\/brandss.com.py\/index\/wp-json\/wp\/v2\/product_brand?post=58010"},{"taxonomy":"product_cat","embeddable":true,"href":"https:\/\/brandss.com.py\/index\/wp-json\/wp\/v2\/product_cat?post=58010"},{"taxonomy":"product_tag","embeddable":true,"href":"https:\/\/brandss.com.py\/index\/wp-json\/wp\/v2\/product_tag?post=58010"}],"curies":[{"name":"wp","href":"https:\/\/api.w.org\/{rel}","templated":true}]}}