{"id":58034,"date":"2024-09-17T18:07:12","date_gmt":"2024-09-17T18:07:12","guid":{"rendered":"https:\/\/brandss.com.py\/index\/?post_type=product&#038;p=58034"},"modified":"2026-01-08T18:50:36","modified_gmt":"2026-01-08T18:50:36","slug":"calzado-deportivo-masculino-puma-future-7-play-tt-de-suizo-2","status":"publish","type":"product","link":"https:\/\/brandss.com.py\/index\/producto\/calzado-deportivo-masculino-puma-future-7-play-tt-de-suizo-2\/","title":{"rendered":"CALZADO DEPORTIVO MASCULINO PUMA FUTURE 7 PLAY TT DE SUIZO"},"content":{"rendered":"<p><img loading=\"lazy\" decoding=\"async\" class=\"\" src=\"https:\/\/1000logos.net\/wp-content\/uploads\/2021\/04\/Puma-logo.png\" alt=\"PUMA Logo and symbol, meaning, history, PNG, brand\" width=\"123\" height=\"61\" \/><\/p>\n<h1>FUTURE 7 PLAY TT<\/h1>\n<div class=\"col-span-full\">\n<div>\n<p>Jugadores que se atreven a apostar por el FUTURO. La parte superior suave de estas botas combina un material sint\u00e9tico ligero pero duradero con un cuello el\u00e1stico para un ajuste c\u00f3modo y con sujeci\u00f3n. El sistema Dynamic Motion proporciona tracci\u00f3n y agilidad para cortes r\u00e1pidos y cambios de ritmo. Cuando usas el FUTURO, eres el FUTURO. Sal a crear.<\/p>\n<\/div>\n<\/div>\n<div>\n<p><strong>CARACTER\u00cdSTICAS Y BENEFICIOS<\/strong><\/p>\n<ul>\n<li>Sistema de movimiento din\u00e1mico: esta suela exterior superligera est\u00e1 dise\u00f1ada para proporcionar libertad de movimiento y una tracci\u00f3n multidireccional mejorada gracias a su configuraci\u00f3n avanzada de tacos.<\/li>\n<li>La parte superior de esta zapatilla est\u00e1 fabricada con al menos un 20% de materiales reciclados.<\/li>\n<li>Parte superior sint\u00e9tica y ligera.<\/li>\n<li>Detalles de impresi\u00f3n texturizados en zonas de contacto clave para un mejor agarre de la pelota.<\/li>\n<li>Suela de caucho de perfil bajo con m\u00faltiples tacos<\/li>\n<li>Ajuste regular a ancho<\/li>\n<li>Construcci\u00f3n sin cordones de corte bajo<\/li>\n<li>TT: Suela de entrenamiento para c\u00e9sped natural. Adecuada para su uso en superficies naturales duras y c\u00e9sped artificial (2G)<\/li>\n<\/ul>\n<\/div>\n<div>\n<p class=\"capitalize\"><strong>Informaci\u00f3n del material<\/strong><\/p>\n<ul>\n<li>Plantilla: 100 % textil<\/li>\n<li>Suela: 100% caucho<\/li>\n<li>Parte superior: 100 % sint\u00e9tico<\/li>\n<li>Forro: 100% textil<\/li>\n<\/ul>\n<p><strong>Detalles:<\/strong><\/p>\n<ul>\n<li><strong>Marca:<\/strong> PUMA.<\/li>\n<li><strong>Modelo:<\/strong> 107943-01.<\/li>\n<li><strong>G\u00e9nero:<\/strong> Masculino.<\/li>\n<li><strong>Tipo:<\/strong> F\u00fatbol Suizo<\/li>\n<li><strong>Color:<\/strong> Hyperlink Blue\/Mint\/White<\/li>\n<\/ul>\n<\/div>\n","protected":false},"excerpt":{"rendered":"<p>FUTURE 7 PLAY TT Jugadores que se atreven a apostar por el FUTURO. La parte superior suave de estas botas<\/p>\n","protected":false},"featured_media":58035,"comment_status":"open","ping_status":"closed","template":"","meta":{"nf_dc_page":""},"product_brand":[2306],"product_cat":[76],"product_tag":[2329],"class_list":{"0":"post-58034","1":"product","2":"type-product","3":"status-publish","4":"has-post-thumbnail","6":"product_brand-puma","7":"product_cat-masculino","8":"product_tag-2329","10":"first","11":"instock","12":"shipping-taxable","13":"purchasable","14":"product-type-simple"},"_links":{"self":[{"href":"https:\/\/brandss.com.py\/index\/wp-json\/wp\/v2\/product\/58034","targetHints":{"allow":["GET"]}}],"collection":[{"href":"https:\/\/brandss.com.py\/index\/wp-json\/wp\/v2\/product"}],"about":[{"href":"https:\/\/brandss.com.py\/index\/wp-json\/wp\/v2\/types\/product"}],"replies":[{"embeddable":true,"href":"https:\/\/brandss.com.py\/index\/wp-json\/wp\/v2\/comments?post=58034"}],"version-history":[{"count":2,"href":"https:\/\/brandss.com.py\/index\/wp-json\/wp\/v2\/product\/58034\/revisions"}],"predecessor-version":[{"id":86205,"href":"https:\/\/brandss.com.py\/index\/wp-json\/wp\/v2\/product\/58034\/revisions\/86205"}],"wp:featuredmedia":[{"embeddable":true,"href":"https:\/\/brandss.com.py\/index\/wp-json\/wp\/v2\/media\/58035"}],"wp:attachment":[{"href":"https:\/\/brandss.com.py\/index\/wp-json\/wp\/v2\/media?parent=58034"}],"wp:term":[{"taxonomy":"product_brand","embeddable":true,"href":"https:\/\/brandss.com.py\/index\/wp-json\/wp\/v2\/product_brand?post=58034"},{"taxonomy":"product_cat","embeddable":true,"href":"https:\/\/brandss.com.py\/index\/wp-json\/wp\/v2\/product_cat?post=58034"},{"taxonomy":"product_tag","embeddable":true,"href":"https:\/\/brandss.com.py\/index\/wp-json\/wp\/v2\/product_tag?post=58034"}],"curies":[{"name":"wp","href":"https:\/\/api.w.org\/{rel}","templated":true}]}}