{"id":58044,"date":"2024-09-18T12:06:32","date_gmt":"2024-09-18T12:06:32","guid":{"rendered":"https:\/\/brandss.com.py\/index\/?post_type=product&#038;p=58044"},"modified":"2025-06-03T10:34:00","modified_gmt":"2025-06-03T10:34:00","slug":"calzado-deportivo-masculino-puma-caven-2-0","status":"publish","type":"product","link":"https:\/\/brandss.com.py\/index\/producto\/calzado-deportivo-masculino-puma-caven-2-0\/","title":{"rendered":"CALZADO DEPORTIVO MASCULINO PUMA CAVEN 2.0"},"content":{"rendered":"<p><img loading=\"lazy\" decoding=\"async\" class=\"\" src=\"https:\/\/1000logos.net\/wp-content\/uploads\/2021\/04\/Puma-logo.png\" alt=\"PUMA Logo and symbol, meaning, history, PNG, brand\" width=\"125\" height=\"62\" \/><\/p>\n<h1>CAVEN 2.0<\/h1>\n<p><span>\u00a0Es un aut\u00e9ntico cl\u00e1sico, dentro y fuera de la cancha. Calzados Puma elegantes y c\u00f3modas. Las Caven 2.0 es un gui\u00f1o sutil a la cl\u00e1sica silueta de baloncesto de los a\u00f1os 80. Un modelo que se convertir\u00e1 en una parte indispensable de tu armario, ofreciendo elegancia y comodidad al mismo tiempo, con un dise\u00f1o s\u00f3lido con una parte superior de cuero ecol\u00f3gico de alta calidad. La tecnolog\u00eda SoftFoam+ te ayuda a pasar un d\u00eda de calidad al agregar una amortiguaci\u00f3n suave a tu paso. El dise\u00f1o minimalista pero inconfundible hace posible combinar estas zapatillas con varios atuendos, tanto casuales como informales.Combinando la comodidad de SoftFoam con una gran est\u00e9tica retro, estas zapatillas son la esencia del estilo deportivo. <\/span><span>La parte superior de esta zapatilla est\u00e1 hecha con al menos un 20 % de materiales reciclados y la suela, con al menos un 10 %. Es un paso hacia un futuro mejor.<\/span><\/p>\n<p><strong>Detalles:<\/strong><\/p>\n<ul class=\"short-description list-dot\">\n<li><span><strong>Marca:<\/strong> PUMA.<\/span><\/li>\n<li><strong>Modelo:<\/strong> 392290 37.<\/li>\n<li><span><strong>G\u00e9nero:<\/strong> Masculino.<\/span><\/li>\n<li><strong>Exterior:<\/strong> Piel ecol\u00f3gica.<\/li>\n<li><strong>Interior:<\/strong> Textil.<\/li>\n<li><strong>Suela:<\/strong> Sint\u00e9tico de alta calidad.<\/li>\n<li><strong>Color:<\/strong> Gris.<\/li>\n<\/ul>\n<div class=\"description short-description\">\n<div id=\"description-wrap\">\n<div id=\"description-content\" class=\"description__content\">\n<div class=\"std\"><\/div>\n<\/div>\n<\/div>\n<\/div>\n","protected":false},"excerpt":{"rendered":"<p>CAVEN 2.0 \u00a0Es un aut\u00e9ntico cl\u00e1sico, dentro y fuera de la cancha. Calzados Puma elegantes y c\u00f3modas. Las Caven 2.0<\/p>\n","protected":false},"featured_media":58045,"comment_status":"open","ping_status":"closed","template":"","meta":{"nf_dc_page":""},"product_brand":[],"product_cat":[76],"product_tag":[],"class_list":{"0":"post-58044","1":"product","2":"type-product","3":"status-publish","4":"has-post-thumbnail","6":"product_cat-masculino","8":"first","9":"instock","10":"shipping-taxable","11":"purchasable","12":"product-type-simple"},"_links":{"self":[{"href":"https:\/\/brandss.com.py\/index\/wp-json\/wp\/v2\/product\/58044","targetHints":{"allow":["GET"]}}],"collection":[{"href":"https:\/\/brandss.com.py\/index\/wp-json\/wp\/v2\/product"}],"about":[{"href":"https:\/\/brandss.com.py\/index\/wp-json\/wp\/v2\/types\/product"}],"replies":[{"embeddable":true,"href":"https:\/\/brandss.com.py\/index\/wp-json\/wp\/v2\/comments?post=58044"}],"version-history":[{"count":1,"href":"https:\/\/brandss.com.py\/index\/wp-json\/wp\/v2\/product\/58044\/revisions"}],"predecessor-version":[{"id":58054,"href":"https:\/\/brandss.com.py\/index\/wp-json\/wp\/v2\/product\/58044\/revisions\/58054"}],"wp:featuredmedia":[{"embeddable":true,"href":"https:\/\/brandss.com.py\/index\/wp-json\/wp\/v2\/media\/58045"}],"wp:attachment":[{"href":"https:\/\/brandss.com.py\/index\/wp-json\/wp\/v2\/media?parent=58044"}],"wp:term":[{"taxonomy":"product_brand","embeddable":true,"href":"https:\/\/brandss.com.py\/index\/wp-json\/wp\/v2\/product_brand?post=58044"},{"taxonomy":"product_cat","embeddable":true,"href":"https:\/\/brandss.com.py\/index\/wp-json\/wp\/v2\/product_cat?post=58044"},{"taxonomy":"product_tag","embeddable":true,"href":"https:\/\/brandss.com.py\/index\/wp-json\/wp\/v2\/product_tag?post=58044"}],"curies":[{"name":"wp","href":"https:\/\/api.w.org\/{rel}","templated":true}]}}