{"id":58068,"date":"2024-09-18T13:58:16","date_gmt":"2024-09-18T13:58:16","guid":{"rendered":"https:\/\/brandss.com.py\/index\/?post_type=product&#038;p=58068"},"modified":"2025-09-24T14:18:43","modified_gmt":"2025-09-24T14:18:43","slug":"calzado-deportivo-masculino-puma-turino-ii","status":"publish","type":"product","link":"https:\/\/brandss.com.py\/index\/producto\/calzado-deportivo-masculino-puma-turino-ii\/","title":{"rendered":"CALZADO DEPORTIVO MASCULINO PUMA TURINO II"},"content":{"rendered":"<p><img loading=\"lazy\" decoding=\"async\" class=\"\" src=\"https:\/\/1000logos.net\/wp-content\/uploads\/2021\/04\/Puma-logo.png\" alt=\"PUMA Logo and symbol, meaning, history, PNG, brand\" width=\"104\" height=\"52\" \/><\/p>\n<h1>TURINO II<\/h1>\n<div class=\"col-span-full\">\n<div>\n<p>Sal a la calle con estilo retro. Estos tenis inspirados en el f\u00fatbol ofrecen una amortiguaci\u00f3n superior para una mayor comodidad durante todo el d\u00eda. Con la marca PUMA y una suela geom\u00e9trica, haz una declaraci\u00f3n de intenciones y atrae todas las miradas. Ponte las Turino II, amarra las agujetas y prep\u00e1rate para golear.<\/p>\n<\/div>\n<\/div>\n<div>\n<p><strong>CARACTER\u00cdSTICAS Y BENEFICIOS<\/strong><\/p>\n<ul>\n<li>Empeine fabricado con al menos un 20 % de materiales reciclados<\/li>\n<li>SOFTFOAM+: Plantilla c\u00f3moda, dise\u00f1ada con un tal\u00f3n extra grueso para proporcionar una amortiguaci\u00f3n suave<\/li>\n<li>Corte regularEmpeine sint\u00e9tico<\/li>\n<li>Forro de malla<\/li>\n<li>Con cordones<\/li>\n<li>Entresuela sint\u00e9tica<\/li>\n<li>Suela exterior de goma<\/li>\n<li>Etiqueta tejida con la marca PUMA en la leng\u00fceta<\/li>\n<\/ul>\n<\/div>\n<div><\/div>\n<div>\n<p class=\"capitalize\"><strong>Material de informaci\u00f3n<\/strong><\/p>\n<ul>\n<li>Entresuela: 100% Sint\u00e9tico<\/li>\n<li>Plantilla: 100% Textil<\/li>\n<li>Suela: 100% Goma<\/li>\n<li>Exterior: 100% Sint\u00e9tico<\/li>\n<li>Forro: 100% Textil<\/li>\n<\/ul>\n<p><strong>Detalles:<\/strong><\/p>\n<ul class=\"undefined tw-xwzea6 tw-1n7poqb tw-1h4nwdw list-disc list-inside\" data-uds-child=\"text\">\n<li><strong>Marca:<\/strong> PUMA.<\/li>\n<li><strong>Modelo:<\/strong> 397452-04.<\/li>\n<li><strong>G\u00e9nero:<\/strong> Masculino.<\/li>\n<li><strong>Color:<\/strong> Alpine Snow-PUMA Navy-PUMA Black.<\/li>\n<\/ul>\n<\/div>\n","protected":false},"excerpt":{"rendered":"<p>TURINO II Sal a la calle con estilo retro. Estos tenis inspirados en el f\u00fatbol ofrecen una amortiguaci\u00f3n superior para<\/p>\n","protected":false},"featured_media":58069,"comment_status":"open","ping_status":"closed","template":"","meta":{"nf_dc_page":""},"product_brand":[],"product_cat":[76],"product_tag":[],"class_list":{"0":"post-58068","1":"product","2":"type-product","3":"status-publish","4":"has-post-thumbnail","6":"product_cat-masculino","8":"first","9":"instock","10":"shipping-taxable","11":"purchasable","12":"product-type-simple"},"_links":{"self":[{"href":"https:\/\/brandss.com.py\/index\/wp-json\/wp\/v2\/product\/58068","targetHints":{"allow":["GET"]}}],"collection":[{"href":"https:\/\/brandss.com.py\/index\/wp-json\/wp\/v2\/product"}],"about":[{"href":"https:\/\/brandss.com.py\/index\/wp-json\/wp\/v2\/types\/product"}],"replies":[{"embeddable":true,"href":"https:\/\/brandss.com.py\/index\/wp-json\/wp\/v2\/comments?post=58068"}],"version-history":[{"count":1,"href":"https:\/\/brandss.com.py\/index\/wp-json\/wp\/v2\/product\/58068\/revisions"}],"predecessor-version":[{"id":58078,"href":"https:\/\/brandss.com.py\/index\/wp-json\/wp\/v2\/product\/58068\/revisions\/58078"}],"wp:featuredmedia":[{"embeddable":true,"href":"https:\/\/brandss.com.py\/index\/wp-json\/wp\/v2\/media\/58069"}],"wp:attachment":[{"href":"https:\/\/brandss.com.py\/index\/wp-json\/wp\/v2\/media?parent=58068"}],"wp:term":[{"taxonomy":"product_brand","embeddable":true,"href":"https:\/\/brandss.com.py\/index\/wp-json\/wp\/v2\/product_brand?post=58068"},{"taxonomy":"product_cat","embeddable":true,"href":"https:\/\/brandss.com.py\/index\/wp-json\/wp\/v2\/product_cat?post=58068"},{"taxonomy":"product_tag","embeddable":true,"href":"https:\/\/brandss.com.py\/index\/wp-json\/wp\/v2\/product_tag?post=58068"}],"curies":[{"name":"wp","href":"https:\/\/api.w.org\/{rel}","templated":true}]}}