{"id":58079,"date":"2024-09-18T14:48:49","date_gmt":"2024-09-18T14:48:49","guid":{"rendered":"https:\/\/brandss.com.py\/index\/?post_type=product&#038;p=58079"},"modified":"2026-01-08T18:51:44","modified_gmt":"2026-01-08T18:51:44","slug":"calzado-deportivo-unisex-puma-truco-iii-de-futsal","status":"publish","type":"product","link":"https:\/\/brandss.com.py\/index\/producto\/calzado-deportivo-unisex-puma-truco-iii-de-futsal\/","title":{"rendered":"CALZADO DEPORTIVO UNISEX PUMA TRUCO III DE FUTSAL"},"content":{"rendered":"<p><img loading=\"lazy\" decoding=\"async\" class=\"\" src=\"https:\/\/1000logos.net\/wp-content\/uploads\/2021\/04\/Puma-logo.png\" alt=\"PUMA Logo and symbol, meaning, history, PNG, brand\" width=\"157\" height=\"78\" \/><\/p>\n<h1>TRUCO III<\/h1>\n<p data-gtm-vis-recent-on-screen32529891_1903=\"403360\" data-gtm-vis-first-on-screen32529891_1903=\"403360\" data-gtm-vis-total-visible-time32529891_1903=\"100\" data-gtm-vis-has-fired32529891_1903=\"1\">El TRUCO III est\u00e1 dise\u00f1ado para satisfacer las necesidades de los jugadores de f\u00fatbol sala. Con un dise\u00f1o que busca comodidad, protecci\u00f3n y estabilidad, el TRUCO III est\u00e1 fabricado con una parte superior sint\u00e9tica suave pero resistente a la abrasi\u00f3n con detalles estampados y en relieve. La suela exterior est\u00e1 hecha de goma que no deja marcas y la construcci\u00f3n del calzado se adapta a distintas formas de pie.<\/p>\n<div class=\"single-story-block\">\n<h3>Especificaciones:<\/h3>\n<ul>\n<li>Ajuste regular<\/li>\n<li>Cierre de encaje<\/li>\n<li>Suela de goma de perfil bajo que no deja marcas<\/li>\n<li>Recomendado para entrenamiento en interiores<\/li>\n<li>Detalles de la marca PUMA<\/li>\n<\/ul>\n<p><strong>Detalles:<\/strong><\/p>\n<ul class=\"product-accordion-item-ul\">\n<li><strong>Marca:<\/strong> PUMA.<\/li>\n<li class=\"product-accordion-item-li\"><strong>Modelo:<\/strong> <span class=\"js-content-style-value js-desc-style\" dir=\"null\">107979-02<\/span><\/li>\n<li><strong>G\u00e9nero:<\/strong> Unisex.<\/li>\n<li class=\"product-accordion-item-li\"><strong>Color:<\/strong>\u00a0<span class=\"content-colour-value js-desc-colour\">PUMA Negro-PUMA Blanco-Flame Flicker.<\/span><\/li>\n<\/ul>\n<\/div>\n","protected":false},"excerpt":{"rendered":"<p>TRUCO III El TRUCO III est\u00e1 dise\u00f1ado para satisfacer las necesidades de los jugadores de f\u00fatbol sala. Con un dise\u00f1o<\/p>\n","protected":false},"featured_media":58080,"comment_status":"open","ping_status":"closed","template":"","meta":{"nf_dc_page":""},"product_brand":[2306],"product_cat":[73,76],"product_tag":[2330],"class_list":{"0":"post-58079","1":"product","2":"type-product","3":"status-publish","4":"has-post-thumbnail","6":"product_brand-puma","7":"product_cat-femenino","8":"product_cat-masculino","9":"product_tag-2330","11":"first","12":"instock","13":"shipping-taxable","14":"purchasable","15":"product-type-simple"},"_links":{"self":[{"href":"https:\/\/brandss.com.py\/index\/wp-json\/wp\/v2\/product\/58079","targetHints":{"allow":["GET"]}}],"collection":[{"href":"https:\/\/brandss.com.py\/index\/wp-json\/wp\/v2\/product"}],"about":[{"href":"https:\/\/brandss.com.py\/index\/wp-json\/wp\/v2\/types\/product"}],"replies":[{"embeddable":true,"href":"https:\/\/brandss.com.py\/index\/wp-json\/wp\/v2\/comments?post=58079"}],"version-history":[{"count":2,"href":"https:\/\/brandss.com.py\/index\/wp-json\/wp\/v2\/product\/58079\/revisions"}],"predecessor-version":[{"id":86206,"href":"https:\/\/brandss.com.py\/index\/wp-json\/wp\/v2\/product\/58079\/revisions\/86206"}],"wp:featuredmedia":[{"embeddable":true,"href":"https:\/\/brandss.com.py\/index\/wp-json\/wp\/v2\/media\/58080"}],"wp:attachment":[{"href":"https:\/\/brandss.com.py\/index\/wp-json\/wp\/v2\/media?parent=58079"}],"wp:term":[{"taxonomy":"product_brand","embeddable":true,"href":"https:\/\/brandss.com.py\/index\/wp-json\/wp\/v2\/product_brand?post=58079"},{"taxonomy":"product_cat","embeddable":true,"href":"https:\/\/brandss.com.py\/index\/wp-json\/wp\/v2\/product_cat?post=58079"},{"taxonomy":"product_tag","embeddable":true,"href":"https:\/\/brandss.com.py\/index\/wp-json\/wp\/v2\/product_tag?post=58079"}],"curies":[{"name":"wp","href":"https:\/\/api.w.org\/{rel}","templated":true}]}}