{"id":58094,"date":"2024-09-18T15:39:48","date_gmt":"2024-09-18T15:39:48","guid":{"rendered":"https:\/\/brandss.com.py\/index\/?post_type=product&#038;p=58094"},"modified":"2025-09-24T19:08:47","modified_gmt":"2025-09-24T19:08:47","slug":"calzado-deportivo-masculino-puma-caven-2-0-2","status":"publish","type":"product","link":"https:\/\/brandss.com.py\/index\/producto\/calzado-deportivo-masculino-puma-caven-2-0-2\/","title":{"rendered":"CALZADO DEPORTIVO MASCULINO PUMA CAVEN 2.0"},"content":{"rendered":"<p><img loading=\"lazy\" decoding=\"async\" class=\"\" src=\"https:\/\/1000logos.net\/wp-content\/uploads\/2021\/04\/Puma-logo.png\" alt=\"PUMA Logo and symbol, meaning, history, PNG, brand\" width=\"112\" height=\"56\" \/><\/p>\n<h1>CAVEN 2.0<\/h1>\n<p><span>Caven 2.0 es una versi\u00f3n sutil de una silueta cl\u00e1sica de baloncesto de los a\u00f1os 80 para lograr un estilo que es un aut\u00e9ntico cl\u00e1sico, en la cancha y m\u00e1s all\u00e1. Estas zapatillas, que combinan la comodidad agradable de SOFTFOAM con una est\u00e9tica retro moderna, son la esencia del estilo deportivo.<\/span><\/p>\n<div class=\"FirstBlock\">\n<p><strong>CARACTER\u00cdSTICAS Y BENEFICIOS<\/strong><\/p>\n<ul>\n<li>La parte superior de este zapato est\u00e1 hecha con al menos un 20% de materiales reciclados y la parte inferior est\u00e1 hecha con al menos un 10% de materiales reciclados.<\/li>\n<li>Entresuela de goma apilada<\/li>\n<li>Suela de goma<\/li>\n<li>Franja caracter\u00edstica de PUMA en el lateral<\/li>\n<li>Detalles de la marca PUMA en la parte superior, el tal\u00f3n y la etiqueta de la leng\u00fceta.<\/li>\n<\/ul>\n<p><strong>DETALLES:<\/strong><\/p>\n<ul>\n<li><strong>Marca:<\/strong> PUMA.<\/li>\n<li><span><strong>Modelo:<\/strong> <\/span><span dir=\"ltr\"><span>392290-04.<\/span><\/span><\/li>\n<li><strong>G\u00e9nero:<\/strong> Masculino.<\/li>\n<li><span><strong>Color:<\/strong> PUMA Negro-PUMA Blanco-Oro<\/span><\/li>\n<\/ul>\n<\/div>\n","protected":false},"excerpt":{"rendered":"<p>CAVEN 2.0 Caven 2.0 es una versi\u00f3n sutil de una silueta cl\u00e1sica de baloncesto de los a\u00f1os 80 para lograr<\/p>\n","protected":false},"featured_media":58095,"comment_status":"open","ping_status":"closed","template":"","meta":{"nf_dc_page":""},"product_brand":[],"product_cat":[76],"product_tag":[],"class_list":{"0":"post-58094","1":"product","2":"type-product","3":"status-publish","4":"has-post-thumbnail","6":"product_cat-masculino","8":"first","9":"instock","10":"shipping-taxable","11":"purchasable","12":"product-type-simple"},"_links":{"self":[{"href":"https:\/\/brandss.com.py\/index\/wp-json\/wp\/v2\/product\/58094","targetHints":{"allow":["GET"]}}],"collection":[{"href":"https:\/\/brandss.com.py\/index\/wp-json\/wp\/v2\/product"}],"about":[{"href":"https:\/\/brandss.com.py\/index\/wp-json\/wp\/v2\/types\/product"}],"replies":[{"embeddable":true,"href":"https:\/\/brandss.com.py\/index\/wp-json\/wp\/v2\/comments?post=58094"}],"version-history":[{"count":1,"href":"https:\/\/brandss.com.py\/index\/wp-json\/wp\/v2\/product\/58094\/revisions"}],"predecessor-version":[{"id":58104,"href":"https:\/\/brandss.com.py\/index\/wp-json\/wp\/v2\/product\/58094\/revisions\/58104"}],"wp:featuredmedia":[{"embeddable":true,"href":"https:\/\/brandss.com.py\/index\/wp-json\/wp\/v2\/media\/58095"}],"wp:attachment":[{"href":"https:\/\/brandss.com.py\/index\/wp-json\/wp\/v2\/media?parent=58094"}],"wp:term":[{"taxonomy":"product_brand","embeddable":true,"href":"https:\/\/brandss.com.py\/index\/wp-json\/wp\/v2\/product_brand?post=58094"},{"taxonomy":"product_cat","embeddable":true,"href":"https:\/\/brandss.com.py\/index\/wp-json\/wp\/v2\/product_cat?post=58094"},{"taxonomy":"product_tag","embeddable":true,"href":"https:\/\/brandss.com.py\/index\/wp-json\/wp\/v2\/product_tag?post=58094"}],"curies":[{"name":"wp","href":"https:\/\/api.w.org\/{rel}","templated":true}]}}