{"id":58105,"date":"2024-09-18T17:45:53","date_gmt":"2024-09-18T17:45:53","guid":{"rendered":"https:\/\/brandss.com.py\/index\/?post_type=product&#038;p=58105"},"modified":"2025-09-16T19:14:12","modified_gmt":"2025-09-16T19:14:12","slug":"calzado-deportivo-masculino-puma-turino-ii-2","status":"publish","type":"product","link":"https:\/\/brandss.com.py\/index\/producto\/calzado-deportivo-masculino-puma-turino-ii-2\/","title":{"rendered":"CALZADO DEPORTIVO MASCULINO PUMA TURINO II"},"content":{"rendered":"<p><img loading=\"lazy\" decoding=\"async\" class=\"\" src=\"https:\/\/1000logos.net\/wp-content\/uploads\/2021\/04\/Puma-logo.png\" alt=\"PUMA Logo and symbol, meaning, history, PNG, brand\" width=\"109\" height=\"54\" \/><\/p>\n<h1>TURINO II<\/h1>\n<p data-gtm-vis-recent-on-screen32529891_1903=\"34494\" data-gtm-vis-first-on-screen32529891_1903=\"34494\" data-gtm-vis-total-visible-time32529891_1903=\"100\" data-gtm-vis-has-fired32529891_1903=\"1\">Pisa la calle con estos calzados de estilo retro. Inspirados en el f\u00fatbol, su gran amortiguaci\u00f3n proporciona comodidad durante todo el d\u00eda. Llevan la marca de PUMA y una suela geom\u00e9trica, para que todas las miradas vayan a tus pies. P\u00f3ntelas, \u00e1tate los cordones y prep\u00e1rate para marcar.<\/p>\n<div class=\"single-story-block\">\n<p><strong>CARACTER\u00cdSTICAS + BENEFICIOS<\/strong><\/p>\n<ul>\n<li>El empeine de las zapatillas est\u00e1 fabricado con al menos un 20\u00a0% de materiales reciclados<\/li>\n<li>SOFTFOAM+: c\u00f3moda plantilla dise\u00f1ada para proporcionar una suave amortiguaci\u00f3n gracias a su tal\u00f3n extragrueso<\/li>\n<li>Horma est\u00e1ndar<\/li>\n<li>Empeine sint\u00e9tico<\/li>\n<li>Forro de malla<\/li>\n<li>Cierre de cordones<\/li>\n<li>Entresuela sint\u00e9tica<\/li>\n<li>Suela de goma<\/li>\n<li>Etiqueta de la marca PUMA tejida en la leng\u00fceta<\/li>\n<\/ul>\n<\/div>\n<div class=\"single-story-block\"><\/div>\n<div class=\"single-story-block\">\n<p class=\"material-info-label\"><strong>Composici\u00f3n<\/strong><\/p>\n<ul class=\"material-info\">\n<li class=\"material-info-value\">Entresuela: 100% Sint\u00e9tico<\/li>\n<li class=\"material-info-value\">Plantilla: 100% Textil<\/li>\n<li class=\"material-info-value\">Suela: 100% Goma<\/li>\n<li class=\"material-info-value\">Exterior: 100% Sint\u00e9tico<\/li>\n<li class=\"material-info-value\">Forro: 100% Textil<\/li>\n<\/ul>\n<p><strong>Detalles:<\/strong><\/p>\n<ul class=\"product-accordion-item-ul\">\n<li class=\"product-accordion-item-li\"><strong>Marca:<\/strong> PUMA.<\/li>\n<li class=\"product-accordion-item-li\"><strong>Modelo:<\/strong>\u00a0<span class=\"js-content-style-value js-desc-style\" dir=\"null\">397452-02.<\/span><\/li>\n<li><strong>G\u00e9nero:<\/strong> Masculino.<\/li>\n<li class=\"product-accordion-item-li\"><strong>Color:<\/strong> <span class=\"content-colour-value js-desc-colour\">PUMA White-PUMA Black-Cool Light Gray.<\/span><\/li>\n<\/ul>\n<\/div>\n","protected":false},"excerpt":{"rendered":"<p>TURINO II Pisa la calle con estos calzados de estilo retro. Inspirados en el f\u00fatbol, su gran amortiguaci\u00f3n proporciona comodidad<\/p>\n","protected":false},"featured_media":58106,"comment_status":"open","ping_status":"closed","template":"","meta":{"nf_dc_page":""},"product_brand":[],"product_cat":[76],"product_tag":[],"class_list":{"0":"post-58105","1":"product","2":"type-product","3":"status-publish","4":"has-post-thumbnail","6":"product_cat-masculino","8":"first","9":"instock","10":"shipping-taxable","11":"purchasable","12":"product-type-simple"},"_links":{"self":[{"href":"https:\/\/brandss.com.py\/index\/wp-json\/wp\/v2\/product\/58105","targetHints":{"allow":["GET"]}}],"collection":[{"href":"https:\/\/brandss.com.py\/index\/wp-json\/wp\/v2\/product"}],"about":[{"href":"https:\/\/brandss.com.py\/index\/wp-json\/wp\/v2\/types\/product"}],"replies":[{"embeddable":true,"href":"https:\/\/brandss.com.py\/index\/wp-json\/wp\/v2\/comments?post=58105"}],"version-history":[{"count":1,"href":"https:\/\/brandss.com.py\/index\/wp-json\/wp\/v2\/product\/58105\/revisions"}],"predecessor-version":[{"id":58114,"href":"https:\/\/brandss.com.py\/index\/wp-json\/wp\/v2\/product\/58105\/revisions\/58114"}],"wp:featuredmedia":[{"embeddable":true,"href":"https:\/\/brandss.com.py\/index\/wp-json\/wp\/v2\/media\/58106"}],"wp:attachment":[{"href":"https:\/\/brandss.com.py\/index\/wp-json\/wp\/v2\/media?parent=58105"}],"wp:term":[{"taxonomy":"product_brand","embeddable":true,"href":"https:\/\/brandss.com.py\/index\/wp-json\/wp\/v2\/product_brand?post=58105"},{"taxonomy":"product_cat","embeddable":true,"href":"https:\/\/brandss.com.py\/index\/wp-json\/wp\/v2\/product_cat?post=58105"},{"taxonomy":"product_tag","embeddable":true,"href":"https:\/\/brandss.com.py\/index\/wp-json\/wp\/v2\/product_tag?post=58105"}],"curies":[{"name":"wp","href":"https:\/\/api.w.org\/{rel}","templated":true}]}}