{"id":58116,"date":"2024-09-18T19:10:15","date_gmt":"2024-09-18T19:10:15","guid":{"rendered":"https:\/\/brandss.com.py\/index\/?post_type=product&#038;p=58116"},"modified":"2024-09-20T12:57:17","modified_gmt":"2024-09-20T12:57:17","slug":"minibateria-externa-joyroom-jr-l012-de-225w-de-10-000-mah-con-dos-cables","status":"publish","type":"product","link":"https:\/\/brandss.com.py\/index\/producto\/minibateria-externa-joyroom-jr-l012-de-225w-de-10-000-mah-con-dos-cables\/","title":{"rendered":"MINIBATER\u00cdA EXTERNA JOYROOM JR-L012 COLOUR SERIES DE 22,5W DE 10.000 mAh CON DOS CABLES USB-C + LIGHTNING"},"content":{"rendered":"<p><img loading=\"lazy\" decoding=\"async\" class=\"\" src=\"https:\/\/apnabaazar.pk\/wp-content\/uploads\/2024\/01\/joyroom-brand-logo-apna-baazar.png\" alt=\"Joyroom Archives | Apna Baazar\" width=\"80\" height=\"80\" \/><\/p>\n<h1>JR-L012<\/h1>\n<p><strong>Caracter\u00edsticas:<\/strong><\/p>\n<p><span>1. Carga s\u00faper r\u00e1pida de 22,5 W, cargue completamente sus dispositivos en menos tiempo<\/span><br \/>\n<span>2. Capacidad de 10000 mAh, cuerpo peque\u00f1o y liviano, f\u00e1cil de transportar<\/span><br \/>\n<span>3. 3 puertos de salida, cargue 3 dispositivos simult\u00e1neamente<\/span><br \/>\n<span>4. Dise\u00f1ado con cables de carga r\u00e1pida duales, tambi\u00e9n sirve como cord\u00f3n y facilita los viajes<\/span><br \/>\n<span>5. Pantalla digital LED, indicaci\u00f3n de capacidad restante en tiempo real, no m\u00e1s preocupaciones por la energ\u00eda<\/span><\/p>\n<p>&nbsp;<\/p>\n<p><strong>Par\u00e1metros:<\/strong><\/p>\n<p><span><strong>Modelo:<\/strong> JR-L012<\/span><br \/>\n<span><strong>Capacidad:<\/strong> 10000 mAh 3,7 V (37 Wh)<\/span><br \/>\n<span><strong>Capacidad nominal:<\/strong> 5800 mAh (5 V = 3 A)<\/span><br \/>\n<span><strong>Entrada tipo C:<\/strong> 5 V = 2 A, 9 V = 2 A, 12 V = 1,5 A Salida<\/span><br \/>\n<span>tipo C: 5 V = 3 A, 9 V = 2,22 A, 12 V = 1,67 A Salida del cable tipo C: 4,5 V = 5 A, 5 V =<\/span><br \/>\n<span>4,5 A, 5 V = 3 A, 9 V = 2 A, 12 V = 1,5 A<\/span><br \/>\n<span><strong>Salida del cable Lightning:<\/strong> 5 V = 2,4 A, 9 V = 2,22 A<\/span><br \/>\n<span><strong>Salida total:<\/strong> 5 V = 3 A (m\u00e1x.)<\/span><br \/>\n<strong>Tama\u00f1o: <\/strong>mm<br \/>\n<span><strong>Color:<\/strong> Lila<\/span><br \/>\n<span><strong>Material:<\/strong> PC + ABS material ign\u00edfugo<\/span><br \/>\n<span><strong>Peso neto:<\/strong> 193 g<\/span><\/p>\n","protected":false},"excerpt":{"rendered":"<p>JR-L012 Caracter\u00edsticas: 1. Carga s\u00faper r\u00e1pida de 22,5 W, cargue completamente sus dispositivos en menos tiempo 2. Capacidad de 10000<\/p>\n","protected":false},"featured_media":58117,"comment_status":"open","ping_status":"closed","template":"","meta":{"nf_dc_page":""},"product_brand":[],"product_cat":[89],"product_tag":[],"class_list":{"0":"post-58116","1":"product","2":"type-product","3":"status-publish","4":"has-post-thumbnail","6":"product_cat-electronicos","8":"first","9":"instock","10":"shipping-taxable","11":"purchasable","12":"product-type-simple"},"_links":{"self":[{"href":"https:\/\/brandss.com.py\/index\/wp-json\/wp\/v2\/product\/58116","targetHints":{"allow":["GET"]}}],"collection":[{"href":"https:\/\/brandss.com.py\/index\/wp-json\/wp\/v2\/product"}],"about":[{"href":"https:\/\/brandss.com.py\/index\/wp-json\/wp\/v2\/types\/product"}],"replies":[{"embeddable":true,"href":"https:\/\/brandss.com.py\/index\/wp-json\/wp\/v2\/comments?post=58116"}],"version-history":[{"count":3,"href":"https:\/\/brandss.com.py\/index\/wp-json\/wp\/v2\/product\/58116\/revisions"}],"predecessor-version":[{"id":58142,"href":"https:\/\/brandss.com.py\/index\/wp-json\/wp\/v2\/product\/58116\/revisions\/58142"}],"wp:featuredmedia":[{"embeddable":true,"href":"https:\/\/brandss.com.py\/index\/wp-json\/wp\/v2\/media\/58117"}],"wp:attachment":[{"href":"https:\/\/brandss.com.py\/index\/wp-json\/wp\/v2\/media?parent=58116"}],"wp:term":[{"taxonomy":"product_brand","embeddable":true,"href":"https:\/\/brandss.com.py\/index\/wp-json\/wp\/v2\/product_brand?post=58116"},{"taxonomy":"product_cat","embeddable":true,"href":"https:\/\/brandss.com.py\/index\/wp-json\/wp\/v2\/product_cat?post=58116"},{"taxonomy":"product_tag","embeddable":true,"href":"https:\/\/brandss.com.py\/index\/wp-json\/wp\/v2\/product_tag?post=58116"}],"curies":[{"name":"wp","href":"https:\/\/api.w.org\/{rel}","templated":true}]}}