{"id":58128,"date":"2024-09-20T12:56:21","date_gmt":"2024-09-20T12:56:21","guid":{"rendered":"https:\/\/brandss.com.py\/index\/?post_type=product&#038;p=58128"},"modified":"2024-09-20T12:58:00","modified_gmt":"2024-09-20T12:58:00","slug":"minibateria-externa-joyroom-jr-l012-colour-series-de-225w-de-10-000-mah-con-dos-cables-usb-c-lightning","status":"publish","type":"product","link":"https:\/\/brandss.com.py\/index\/producto\/minibateria-externa-joyroom-jr-l012-colour-series-de-225w-de-10-000-mah-con-dos-cables-usb-c-lightning\/","title":{"rendered":"MINIBATER\u00cdA EXTERNA JOYROOM JR-L012 COLOUR SERIES DE 22,5W DE 10.000 mAh CON DOS CABLES USB-C + LIGHTNING"},"content":{"rendered":"<p><img loading=\"lazy\" decoding=\"async\" class=\"\" src=\"https:\/\/apnabaazar.pk\/wp-content\/uploads\/2024\/01\/joyroom-brand-logo-apna-baazar.png\" alt=\"Joyroom Archives | Apna Baazar\" width=\"62\" height=\"62\" \/><\/p>\n<h1>JR-L012 COLOUR SERIES<\/h1>\n<p>\u00bfLlevas una maleta de viaje? \u00a1No olvides el Joyroom Colorful Series JR-L012 10000mAh Power Bank! Este es el dispositivo perfecto, listo para cualquier viaje. Eso significa que no tienes que preocuparte por la energ\u00eda o los cables de carga necesarios para cargar tu tel\u00e9fono. Este banco de energ\u00eda tiene una capacidad de 10000 mAh, un puerto USB C y dos cables incorporados: USB C y Lightning. Te permite cargar hasta tres dispositivos a la vez, y la potencia de hasta 22,5 W proporciona una energ\u00eda mucho m\u00e1s r\u00e1pida. El cuerpo del banco de energ\u00eda Joyroom JR-L012 tiene una pantalla incorporada que muestra cu\u00e1nta energ\u00eda queda en el banco de energ\u00eda. Dise\u00f1o ligero, delgado y compacto. \u00bfCompatibilidad? No hay necesidad de preocuparse por \u00e9l. Puede cargarlo en su tel\u00e9fono, reloj inteligente, auriculares o panel inteligente, sea cual sea el sistema en el que est\u00e9.<\/p>\n<h2><strong>Caracter\u00edsticas:<\/strong><\/h2>\n<p><span>1. Carga s\u00faper r\u00e1pida de 22,5 W, cargue completamente sus dispositivos en menos tiempo<\/span><br \/>\n<span>2. Capacidad de 10000 mAh, cuerpo peque\u00f1o y liviano, f\u00e1cil de transportar<\/span><br \/>\n<span>3. 3 puertos de salida, cargue 3 dispositivos simult\u00e1neamente<\/span><br \/>\n<span>4. Dise\u00f1ado con cables de carga r\u00e1pida duales, tambi\u00e9n sirve como cord\u00f3n y facilita los viajes<\/span><br \/>\n<span>5. Pantalla digital LED, indicaci\u00f3n de capacidad restante en tiempo real, no m\u00e1s preocupaciones por la energ\u00eda<\/span><\/p>\n<h2><strong><span>Par\u00e1metros:<\/span><\/strong><\/h2>\n<p><span><strong>Modelo:<\/strong> JR-L012<\/span><br \/>\n<span><strong>Capacidad:<\/strong> 10000 mAh 3,7 V (37 Wh)<\/span><br \/>\n<span><strong>Capacidad nominal:<\/strong> 5800 mAh (5 V = 3 A)<\/span><br \/>\n<span><strong>Entrada tipo C:<\/strong> 5 V = 2 A, 9 V = 2 A, 12 V = 1,5 A<br \/>\n<\/span><strong>Salida <\/strong><span><strong>tipo C:<\/strong> 5 V = 3 A, 9 V = 2,22 A, 12 V = 1,67 A<br \/>\n<\/span><span><strong>Salida del cable tipo C:<\/strong> 4,5 V = 5 A, 5 V =<\/span><span>4,5 A, 5 V = 3 A, 9 V = 2 A, 12 V = 1,5 A<\/span><br \/>\n<span><strong>Salida del cable Lightning:<\/strong> 5 V = 2,4 A, 9 V = 2,22 A<\/span><br \/>\n<span><strong>Salida total:<\/strong> 5 V = 3 A (m\u00e1x.)<\/span><br \/>\n<span><strong>Tama\u00f1o:<\/strong> 98 x 54,5 x 29 mm<\/span><br \/>\n<span><strong>Color:<\/strong> Rosa<\/span><br \/>\n<span><strong>Material:<\/strong> PC + ABS material ign\u00edfugo<\/span><br \/>\n<span><strong>Peso neto:<\/strong> 193 g<\/span><\/p>\n","protected":false},"excerpt":{"rendered":"<p>JR-L012 COLOUR SERIES \u00bfLlevas una maleta de viaje? \u00a1No olvides el Joyroom Colorful Series JR-L012 10000mAh Power Bank! Este es<\/p>\n","protected":false},"featured_media":58129,"comment_status":"open","ping_status":"closed","template":"","meta":{"nf_dc_page":""},"product_brand":[],"product_cat":[89],"product_tag":[],"class_list":{"0":"post-58128","1":"product","2":"type-product","3":"status-publish","4":"has-post-thumbnail","6":"product_cat-electronicos","8":"first","9":"instock","10":"shipping-taxable","11":"purchasable","12":"product-type-simple"},"_links":{"self":[{"href":"https:\/\/brandss.com.py\/index\/wp-json\/wp\/v2\/product\/58128","targetHints":{"allow":["GET"]}}],"collection":[{"href":"https:\/\/brandss.com.py\/index\/wp-json\/wp\/v2\/product"}],"about":[{"href":"https:\/\/brandss.com.py\/index\/wp-json\/wp\/v2\/types\/product"}],"replies":[{"embeddable":true,"href":"https:\/\/brandss.com.py\/index\/wp-json\/wp\/v2\/comments?post=58128"}],"version-history":[{"count":1,"href":"https:\/\/brandss.com.py\/index\/wp-json\/wp\/v2\/product\/58128\/revisions"}],"predecessor-version":[{"id":58141,"href":"https:\/\/brandss.com.py\/index\/wp-json\/wp\/v2\/product\/58128\/revisions\/58141"}],"wp:featuredmedia":[{"embeddable":true,"href":"https:\/\/brandss.com.py\/index\/wp-json\/wp\/v2\/media\/58129"}],"wp:attachment":[{"href":"https:\/\/brandss.com.py\/index\/wp-json\/wp\/v2\/media?parent=58128"}],"wp:term":[{"taxonomy":"product_brand","embeddable":true,"href":"https:\/\/brandss.com.py\/index\/wp-json\/wp\/v2\/product_brand?post=58128"},{"taxonomy":"product_cat","embeddable":true,"href":"https:\/\/brandss.com.py\/index\/wp-json\/wp\/v2\/product_cat?post=58128"},{"taxonomy":"product_tag","embeddable":true,"href":"https:\/\/brandss.com.py\/index\/wp-json\/wp\/v2\/product_tag?post=58128"}],"curies":[{"name":"wp","href":"https:\/\/api.w.org\/{rel}","templated":true}]}}