{"id":58143,"date":"2024-09-20T13:32:06","date_gmt":"2024-09-20T13:32:06","guid":{"rendered":"https:\/\/brandss.com.py\/index\/?post_type=product&#038;p=58143"},"modified":"2024-09-20T13:33:11","modified_gmt":"2024-09-20T13:33:11","slug":"minibateria-externa-joyroom-jr-l012-colour-series-de-225w-de-10-000-mah-con-dos-cables-usb-c-lightning-2","status":"publish","type":"product","link":"https:\/\/brandss.com.py\/index\/producto\/minibateria-externa-joyroom-jr-l012-colour-series-de-225w-de-10-000-mah-con-dos-cables-usb-c-lightning-2\/","title":{"rendered":"MINIBATER\u00cdA EXTERNA JOYROOM JR-L012 COLOUR SERIES DE 22,5W DE 10.000 mAh CON DOS CABLES USB-C + LIGHTNING"},"content":{"rendered":"<p><img loading=\"lazy\" decoding=\"async\" class=\"\" src=\"https:\/\/apnabaazar.pk\/wp-content\/uploads\/2024\/01\/joyroom-brand-logo-apna-baazar.png\" alt=\"Joyroom Archives | Apna Baazar\" width=\"95\" height=\"95\" \/><\/p>\n<h1>JR-L012 COLOUR SERIES<\/h1>\n<p>Presentamos el minibater\u00eda externa de carga r\u00e1pida Joyroom JR-L012 de 10 000 mAh y 22,5 W en color negro. Es una bater\u00eda externa confiable y eficiente que es compatible con todos los tel\u00e9fonos y tiene un tipo de entrada TIPO C. Con su dise\u00f1o elegante y compacto, es perfecta para cargarla mientras viajas, lo que te permite estar conectado dondequiera que est\u00e9s. El indicador LED proporciona una indicaci\u00f3n clara del estado de carga, lo que te permite saber cu\u00e1ndo se est\u00e1 cargando tu dispositivo y cu\u00e1ndo est\u00e1 completamente cargado. Esta bater\u00eda externa cuenta con un puerto y es universalmente compatible con todas las marcas, lo que la convierte en un accesorio vers\u00e1til para tus dispositivos m\u00f3viles. Adem\u00e1s, su alta capacidad garantiza que puedas cargar tus dispositivos varias veces antes de tener que recargar la bater\u00eda externa. No dejes que una bater\u00eda agotada arruine tu d\u00eda, compra la bater\u00eda externa Joyroom JR-L012 hoy mismo y mantente con energ\u00eda mientras viajas.<\/p>\n<div class=\"sc-97eb4126-2 oPZpQ\"><strong><span class=\"sc-97eb4126-3 ghStOs\">Especificaciones:<\/span><\/strong><\/p>\n<ul>\n<li><span>La fuente de alimentaci\u00f3n m\u00f3vil JR-L012 est\u00e1 equipada con dos cables de carga r\u00e1pida, admite interfaces tipo C y Lightning y es compatible con una variedad de dispositivos. Incluso se puede usar como un cord\u00f3n conveniente, que es muy c\u00f3modo de sostener en la mano.<\/span><\/li>\n<li><span>La pantalla digital LED muestra el porcentaje de bater\u00eda restante para que sepas el nivel de energ\u00eda en todo momento. Mantente informado. No m\u00e1s adivinanzas, solo revisa la pantalla y planifica la carga en consecuencia.<\/span><\/li>\n<li><span>Dile adi\u00f3s al sobrecalentamiento durante la carga. Nuestros bancos de energ\u00eda est\u00e1n optimizados para climas c\u00e1lidos y son ideales para usar incluso en entornos c\u00e1lidos como Arabia Saudita.<\/span><\/li>\n<li><span>Nuestros bancos de energ\u00eda cumplen con las normas de seguridad de las aerol\u00edneas, lo que garantiza que su transporte en vuelo est\u00e9 libre de preocupaciones y le permita viajar con facilidad.<\/span><\/li>\n<li><span>Dise\u00f1o \u00fanico y compacto, grosor 29 mm, peso 193 g, similar en altura a un l\u00e1piz labial (10000 mAh en el mercado suele pesar m\u00e1s de 250 g)<\/span><\/li>\n<li><span>Carga hasta tres dispositivos simult\u00e1neamente usando tres puertos de salida. No m\u00e1s esperas en la fila para cargar.<\/span><\/li>\n<li><span>Experimente velocidades de carga ultrarr\u00e1pidas de hasta 22,5 W, compatible con PD3.0, QC3.0, Samsung AFC, Huawei SCP, FCP, etc. Su dispositivo se iniciar\u00e1 de inmediato.<\/span><\/li>\n<li><span>Disfruta de lo mejor de ambos mundos con los cables de carga duales integrados. Es m\u00e1s que un simple cargador port\u00e1til; es una soluci\u00f3n de carga todo en uno tanto para el dispositivo como para el cargador port\u00e1til en s\u00ed.<\/span><\/li>\n<\/ul>\n<\/div>\n<p><span>&#8220;Mini banco de energ\u00eda de 10000 mAh: su soluci\u00f3n de carga elegante y compacta: este banco de energ\u00eda port\u00e1til cuenta con una s\u00faper carga de 22,5 W, dos cables integrados y una pantalla digital para garantizar una carga r\u00e1pida y conveniente mientras viaja. \u00a1Tres puertos de salida permiten cargar varios dispositivos simult\u00e1neamente! Imag\u00ednese que est\u00e1 explorando la ciudad y su tel\u00e9fono tiene poca bater\u00eda. \u00a1Saca este elegante banco de energ\u00eda port\u00e1til de tu bolso para cargarlo al instante! Un compa\u00f1ero de energ\u00eda negro brillante para cada escena.<\/span><\/p>\n<p><strong>Detalles:<\/strong><\/p>\n<p><span>Capacidad de la bater\u00eda de pol\u00edmero de litio: 10000 mAh 3,7 V (37 Wh)<\/span><\/p>\n<p><span>Capacidad nominal: 5800 mAh<\/span><\/p>\n<p><span>Entrada tipo C: 5 V = 3 A, 9 V = 2 A, 12 V = 1,5 A (18 W) Salida tipo C: 5 V = 3 A, 9 <\/span><span>V = 2,22 A, 12 V = 1,67 A (20 W<\/span><span>)<\/span><\/p>\n<p><span> Salida de l\u00ednea tipo C: 5 V = 4,5 A, 5 V = 3 A, 9 V = 2 A, 12 V = 1,5 A (22,5 W)<\/span><\/p>\n<p><span>Salida de l\u00ednea Lightning: 5 V = 2,4 A, 9 V = 2,22 A (20 W)<\/span><\/p>\n<p><span>Salida total: 5 V = 3 A (Ma)<\/span><\/p>\n<p><span>Material: ABS + PC material ign\u00edfugo<\/span><\/p>\n<p><span>Tama\u00f1o del producto: 98 * 54,5 * 29<\/span><\/p>\n<p>Color: Negro<\/p>\n","protected":false},"excerpt":{"rendered":"<p>JR-L012 COLOUR SERIES Presentamos el minibater\u00eda externa de carga r\u00e1pida Joyroom JR-L012 de 10 000 mAh y 22,5 W en<\/p>\n","protected":false},"featured_media":58144,"comment_status":"open","ping_status":"closed","template":"","meta":{"nf_dc_page":""},"product_brand":[],"product_cat":[89],"product_tag":[],"class_list":{"0":"post-58143","1":"product","2":"type-product","3":"status-publish","4":"has-post-thumbnail","6":"product_cat-electronicos","8":"first","9":"instock","10":"shipping-taxable","11":"purchasable","12":"product-type-simple"},"_links":{"self":[{"href":"https:\/\/brandss.com.py\/index\/wp-json\/wp\/v2\/product\/58143","targetHints":{"allow":["GET"]}}],"collection":[{"href":"https:\/\/brandss.com.py\/index\/wp-json\/wp\/v2\/product"}],"about":[{"href":"https:\/\/brandss.com.py\/index\/wp-json\/wp\/v2\/types\/product"}],"replies":[{"embeddable":true,"href":"https:\/\/brandss.com.py\/index\/wp-json\/wp\/v2\/comments?post=58143"}],"version-history":[{"count":1,"href":"https:\/\/brandss.com.py\/index\/wp-json\/wp\/v2\/product\/58143\/revisions"}],"predecessor-version":[{"id":58148,"href":"https:\/\/brandss.com.py\/index\/wp-json\/wp\/v2\/product\/58143\/revisions\/58148"}],"wp:featuredmedia":[{"embeddable":true,"href":"https:\/\/brandss.com.py\/index\/wp-json\/wp\/v2\/media\/58144"}],"wp:attachment":[{"href":"https:\/\/brandss.com.py\/index\/wp-json\/wp\/v2\/media?parent=58143"}],"wp:term":[{"taxonomy":"product_brand","embeddable":true,"href":"https:\/\/brandss.com.py\/index\/wp-json\/wp\/v2\/product_brand?post=58143"},{"taxonomy":"product_cat","embeddable":true,"href":"https:\/\/brandss.com.py\/index\/wp-json\/wp\/v2\/product_cat?post=58143"},{"taxonomy":"product_tag","embeddable":true,"href":"https:\/\/brandss.com.py\/index\/wp-json\/wp\/v2\/product_tag?post=58143"}],"curies":[{"name":"wp","href":"https:\/\/api.w.org\/{rel}","templated":true}]}}