{"id":58155,"date":"2024-09-20T15:10:44","date_gmt":"2024-09-20T15:10:44","guid":{"rendered":"https:\/\/brandss.com.py\/index\/?post_type=product&#038;p=58155"},"modified":"2026-03-06T13:05:42","modified_gmt":"2026-03-06T13:05:42","slug":"bateria-externa-joyroom-jr-l002-jelly-series-de-10000mah-de-225w-con-cable-usb-c","status":"publish","type":"product","link":"https:\/\/brandss.com.py\/index\/producto\/bateria-externa-joyroom-jr-l002-jelly-series-de-10000mah-de-225w-con-cable-usb-c\/","title":{"rendered":"BATER\u00cdA EXTERNA JOYROOM JR-L002 JELLY SERIES DE 10000mAh DE 22,5W CON CABLE USB-C"},"content":{"rendered":"<p><img loading=\"lazy\" decoding=\"async\" class=\"\" src=\"https:\/\/apnabaazar.pk\/wp-content\/uploads\/2024\/01\/joyroom-brand-logo-apna-baazar.png\" alt=\"Joyroom Archives | Apna Baazar\" width=\"71\" height=\"71\" \/><\/p>\n<h1>JR-L002 JELLY SERIES<\/h1>\n<p><span>El powerbank Joyroom JR-L003 te permite cargar r\u00e1pidamente tus dispositivos con 22,5 W de potencia; ya no tendr\u00e1s que esperar indefinidamente a que tu dispositivo est\u00e9 listo para usarse nuevamente. Lleva incorporado un cable con puerto Lightning y 3 puertos de salida, para que puedas cargar varios dispositivos a la vez.<\/span><\/p>\n<p><strong>Carga r\u00e1pida<\/strong><\/p>\n<p><span>La powerbank Joyroom JR-L003 te permitir\u00e1 renovar r\u00e1pidamente la energ\u00eda de tu equipo. Ofrece puertos: USB-A y USB-C, y tambi\u00e9n tiene un cable Lightning incorporado, por lo que puedes conectarle 3 dispositivos simult\u00e1neamente. Adem\u00e1s, soporta los protocolos de carga r\u00e1pida PD3.0, QC3.0, FCP, AFC, SCP, PE, y renovar\u00e1 la energ\u00eda del iPhone 14 Pro hasta un 60% y la del Samsung Galaxy S22 hasta un 75% en unos 30 minutos.<\/span><\/p>\n<p><strong>10.000 mAh de capacidad<\/strong><\/p>\n<p><span>\u00a1No tengas miedo de que un banco de energ\u00eda se descargue repentinamente! El Joyroom JR-L003 se distingue por sus 10.000 mAh de capacidad, lo que lo hace perfecto para el uso diario. Cargar\u00e1 el iPhone 14 Pro unas 2,5 veces, el iPad Mini 1,5 veces y los Airpods hasta 13 veces.<\/span><\/p>\n<p><strong>Amplia compatibilidad<\/strong><\/p>\n<p><span>El powerbank Joyroom JR-L003 se distingue por su amplia compatibilidad, por lo que lo conectar\u00e1s a multitud de dispositivos. Con su ayuda renovar\u00e1s la energ\u00eda de tu smartphone, iPad, auriculares, smartwatch o auriculares TWS.<\/span><\/p>\n<p><strong>Ligero y compacto<\/strong><\/p>\n<p><span>Puedes llevar el power bank contigo a casi cualquier lugar. Gracias a su dise\u00f1o liviano y compacto, no ocupar\u00e1 mucho espacio: cabe perfectamente en su bolso o mochila. Adem\u00e1s, el acabado transparente hace que el producto luzca elegante. Adem\u00e1s, el power bank est\u00e1 disponible en varios colores: blanco, negro, morado y azul. Esto permite que todos elijan el m\u00e1s adecuado para ellos.<\/span><\/p>\n<p><strong>Especificaciones:<\/strong><\/p>\n<p><span><strong>Marca:<\/strong> <\/span><span>Joyroom<\/span><\/p>\n<p><strong>Modelo: <\/strong><span>JR-L003<\/span><\/p>\n<p><strong>Color: <\/strong>B<span>lanco<\/span><\/p>\n<p><strong>Capacidad: <\/strong><span>10000 mAh 3,7 V (37 Wh)<\/span><\/p>\n<p><strong>Capacidad nominal: <\/strong><span>5800 mAh (5 V = 3 A)<\/span><\/p>\n<p><strong>Voltaje de entrada: <\/strong><span>Tipo C: 5 V = 3 A, 9 V = 2 A, 12 V = 1,5 A<\/span><\/p>\n<p><strong>Voltaje de salida:\u00a0 <\/strong><span>Tipo C: 5V=3A, 9V=2,22A, 12V=1,67A<\/span><\/p>\n<p><strong>USB:<\/strong> 5V=3A, 4,5V=5A, 5V=4,5A, 9V=2A, 12V=1,5A<\/p>\n<p><strong>Cable rel\u00e1mpago:<\/strong> 5V=2.4A, 9V=2.22A<\/p>\n<p><strong>Tensi\u00f3n m\u00e1xima de salida:<\/strong>5V=3A<\/p>\n<p><strong>Material:<\/strong> <span>ABS, PC V0<\/span><\/p>\n<p><strong>Dimensiones: <\/strong><span>90 x 81,3 x 27,5 mm<\/span><\/p>\n<p><span><strong>Peso:<\/strong> <\/span><span>225 g<\/span><\/p>\n","protected":false},"excerpt":{"rendered":"<p>JR-L002 JELLY SERIES El powerbank Joyroom JR-L003 te permite cargar r\u00e1pidamente tus dispositivos con 22,5 W de potencia; ya no<\/p>\n","protected":false},"featured_media":58156,"comment_status":"open","ping_status":"closed","template":"","meta":{"nf_dc_page":""},"product_brand":[],"product_cat":[89],"product_tag":[],"class_list":{"0":"post-58155","1":"product","2":"type-product","3":"status-publish","4":"has-post-thumbnail","6":"product_cat-electronicos","8":"first","9":"outofstock","10":"shipping-taxable","11":"purchasable","12":"product-type-simple"},"_links":{"self":[{"href":"https:\/\/brandss.com.py\/index\/wp-json\/wp\/v2\/product\/58155","targetHints":{"allow":["GET"]}}],"collection":[{"href":"https:\/\/brandss.com.py\/index\/wp-json\/wp\/v2\/product"}],"about":[{"href":"https:\/\/brandss.com.py\/index\/wp-json\/wp\/v2\/types\/product"}],"replies":[{"embeddable":true,"href":"https:\/\/brandss.com.py\/index\/wp-json\/wp\/v2\/comments?post=58155"}],"version-history":[{"count":1,"href":"https:\/\/brandss.com.py\/index\/wp-json\/wp\/v2\/product\/58155\/revisions"}],"predecessor-version":[{"id":58167,"href":"https:\/\/brandss.com.py\/index\/wp-json\/wp\/v2\/product\/58155\/revisions\/58167"}],"wp:featuredmedia":[{"embeddable":true,"href":"https:\/\/brandss.com.py\/index\/wp-json\/wp\/v2\/media\/58156"}],"wp:attachment":[{"href":"https:\/\/brandss.com.py\/index\/wp-json\/wp\/v2\/media?parent=58155"}],"wp:term":[{"taxonomy":"product_brand","embeddable":true,"href":"https:\/\/brandss.com.py\/index\/wp-json\/wp\/v2\/product_brand?post=58155"},{"taxonomy":"product_cat","embeddable":true,"href":"https:\/\/brandss.com.py\/index\/wp-json\/wp\/v2\/product_cat?post=58155"},{"taxonomy":"product_tag","embeddable":true,"href":"https:\/\/brandss.com.py\/index\/wp-json\/wp\/v2\/product_tag?post=58155"}],"curies":[{"name":"wp","href":"https:\/\/api.w.org\/{rel}","templated":true}]}}