{"id":58168,"date":"2024-09-20T17:41:36","date_gmt":"2024-09-20T17:41:36","guid":{"rendered":"https:\/\/brandss.com.py\/index\/?post_type=product&#038;p=58168"},"modified":"2024-09-20T17:45:49","modified_gmt":"2024-09-20T17:45:49","slug":"bateria-externa-joyroom-jr-l002-jelly-series-de-10000mah-de-225w-con-cable-usb-c-2","status":"publish","type":"product","link":"https:\/\/brandss.com.py\/index\/producto\/bateria-externa-joyroom-jr-l002-jelly-series-de-10000mah-de-225w-con-cable-usb-c-2\/","title":{"rendered":"BATER\u00cdA EXTERNA JOYROOM JR-L002 JELLY SERIES DE 10000mAh DE 22,5W CON CABLE USB-C"},"content":{"rendered":"<p><img loading=\"lazy\" decoding=\"async\" class=\"\" src=\"https:\/\/apnabaazar.pk\/wp-content\/uploads\/2024\/01\/joyroom-brand-logo-apna-baazar.png\" alt=\"Joyroom Archives | Apna Baazar\" width=\"92\" height=\"92\" \/><\/p>\n<h1>JR-L002 JELLY SERIES<\/h1>\n<p><span>\u00bfEl compa\u00f1ero de viaje perfecto? Powerbank 10000mAh Joyroom Jelly Series JR-L002 con cable USB C incorporado. Tiene muchas funciones en un formato compacto. Es un gran gadget de regalo para una persona que tenga un dispositivo con un puerto de carga USB C. Puedes convertir el cable USB C en un colgante de mu\u00f1eca con un solo movimiento, lo que te permitir\u00e1 colgar el powerbank en una mochila o bolsa de viaje. El puerto USB puede cargar hasta 22,5 W, lo que acorta significativamente el tiempo de carga. Este power bank port\u00e1til es compatible con la mayor\u00eda de dispositivos del mercado, incluidos los tel\u00e9fonos iOS y Android. Y gracias al bajo peso del powerbank, puedes llevarlo contigo a donde quieras (\u00a1incluso en el avi\u00f3n!).<\/span><\/p>\n<p><strong><span>Las ventajas m\u00e1s importantes del banco de energ\u00eda Joyroom Jelly Series JR-L002 de 10000 mAh con cable USB C incorporado:<\/span><\/strong><\/p>\n<ul>\n<li><strong><span>Proporciona una gran comodidad a la hora de viajar<\/span><\/strong><span>\u00a0\u00a0. Pesa poco, es compacto y tiene un colgante que te permitir\u00e1 colgar c\u00f3modamente el powerbank en un bolso o cartera.<\/span><\/li>\n<li><strong><span>Puedes compartir energ\u00eda con tres dispositivos al mismo tiempo<\/span><\/strong><span>\u00a0\u00a0. El powerbank est\u00e1 equipado con un puerto USB C, un puerto USB y un cable USB C.<\/span><\/li>\n<li><strong><span>\u00bfTienes un dispositivo con un puerto de carga USB C? No necesitas llevar ning\u00fan cable adicional contigo en tu viaje<\/span><\/strong><span>\u00a0\u00a0. El banco de energ\u00eda Joyroom Jelly Series JR-L002 tiene un cable USB C incorporado con hasta 18 W de potencia<\/span><\/li>\n<li><strong><span>Un power bank completamente cargado proporcionar\u00e1 suficiente energ\u00eda para cargar su dispositivo varias veces<\/span><\/strong><span>\u00a0\u00a0. La capacidad del power bank es de 10000 mAh.<\/span><\/li>\n<li><strong><span>Le permite verificar r\u00e1pidamente el nivel de bater\u00eda<\/span><\/strong><span>\u00a0\u00a0. Las luces LED le permitir\u00e1n saber cuando la bater\u00eda del banco de energ\u00eda se est\u00e1 agotando.<\/span><\/li>\n<li><strong><span>Powerbank extremadamente elegante y con estilo<\/span><\/strong><span>\u00a0\u00a0. Disponible en cuatro colores.<\/span><\/li>\n<\/ul>\n<p><strong><span>Especificaci\u00f3n:<\/span><\/strong><\/p>\n<ul>\n<li><span><strong>Fabricante:<\/strong> Joyroom.<\/span><\/li>\n<li><span><strong>Modelo:<\/strong> JR-L002.<\/span><\/li>\n<li><span><strong>Potencia total:<\/strong> hasta 22,5 W.<\/span><\/li>\n<li><span><strong>Capacidad:<\/strong> 10000mAh (37Wh).<\/span><\/li>\n<li><strong>Corriente de entrada:<\/strong>\n<ul>\n<li><span>USB-C: 5 V\/3 A, 9 V\/2 A, 12 V\/1,5 A.<\/span><\/li>\n<\/ul>\n<\/li>\n<li><strong>Corriente de salida:<\/strong>\n<ul>\n<li><span>USB-C: 5 V\/3 A, 9 V\/2,22 A, 12 V\/1,67 A.<\/span><\/li>\n<li><span>USB: 5 V\/3 A, 4,5 V\/5 A (SCP), 5 V\/4,5 A (SCP), 9 V\/2 A, 12 V\/1,5 A.<\/span><\/li>\n<li><span>Cable USB-C: 5 V\/3 A, 9 V\/2 A, 12 V\/1,5 A.<\/span><\/li>\n<\/ul>\n<\/li>\n<li><span><strong>Material:<\/strong> ABS, PC ign\u00edfugo.<\/span><\/li>\n<li><span><strong>Dimensiones:<\/strong> 90 x 81,3 x 27,5 mm.<\/span><\/li>\n<li><span><strong>Peso:<\/strong> 225g.<\/span><\/li>\n<li><span><strong>Color: <\/strong>Violeta.<\/span><\/li>\n<\/ul>\n","protected":false},"excerpt":{"rendered":"<p>JR-L002 JELLY SERIES \u00bfEl compa\u00f1ero de viaje perfecto? Powerbank 10000mAh Joyroom Jelly Series JR-L002 con cable USB C incorporado. Tiene<\/p>\n","protected":false},"featured_media":58169,"comment_status":"open","ping_status":"closed","template":"","meta":{"nf_dc_page":""},"product_brand":[],"product_cat":[89],"product_tag":[],"class_list":{"0":"post-58168","1":"product","2":"type-product","3":"status-publish","4":"has-post-thumbnail","6":"product_cat-electronicos","8":"first","9":"instock","10":"shipping-taxable","11":"purchasable","12":"product-type-simple"},"_links":{"self":[{"href":"https:\/\/brandss.com.py\/index\/wp-json\/wp\/v2\/product\/58168","targetHints":{"allow":["GET"]}}],"collection":[{"href":"https:\/\/brandss.com.py\/index\/wp-json\/wp\/v2\/product"}],"about":[{"href":"https:\/\/brandss.com.py\/index\/wp-json\/wp\/v2\/types\/product"}],"replies":[{"embeddable":true,"href":"https:\/\/brandss.com.py\/index\/wp-json\/wp\/v2\/comments?post=58168"}],"version-history":[{"count":1,"href":"https:\/\/brandss.com.py\/index\/wp-json\/wp\/v2\/product\/58168\/revisions"}],"predecessor-version":[{"id":58183,"href":"https:\/\/brandss.com.py\/index\/wp-json\/wp\/v2\/product\/58168\/revisions\/58183"}],"wp:featuredmedia":[{"embeddable":true,"href":"https:\/\/brandss.com.py\/index\/wp-json\/wp\/v2\/media\/58169"}],"wp:attachment":[{"href":"https:\/\/brandss.com.py\/index\/wp-json\/wp\/v2\/media?parent=58168"}],"wp:term":[{"taxonomy":"product_brand","embeddable":true,"href":"https:\/\/brandss.com.py\/index\/wp-json\/wp\/v2\/product_brand?post=58168"},{"taxonomy":"product_cat","embeddable":true,"href":"https:\/\/brandss.com.py\/index\/wp-json\/wp\/v2\/product_cat?post=58168"},{"taxonomy":"product_tag","embeddable":true,"href":"https:\/\/brandss.com.py\/index\/wp-json\/wp\/v2\/product_tag?post=58168"}],"curies":[{"name":"wp","href":"https:\/\/api.w.org\/{rel}","templated":true}]}}