{"id":58184,"date":"2024-09-20T18:24:05","date_gmt":"2024-09-20T18:24:05","guid":{"rendered":"https:\/\/brandss.com.py\/index\/?post_type=product&#038;p=58184"},"modified":"2026-03-06T13:05:33","modified_gmt":"2026-03-06T13:05:33","slug":"bateria-externa-joyroom-jr-l003-jelly-series-de-10000mah-de-225w-con-cable-lightning","status":"publish","type":"product","link":"https:\/\/brandss.com.py\/index\/producto\/bateria-externa-joyroom-jr-l003-jelly-series-de-10000mah-de-225w-con-cable-lightning\/","title":{"rendered":"BATER\u00cdA EXTERNA JOYROOM JR-L003 JELLY SERIES DE 10000mAh DE 22,5W CON CABLE LIGHTNING"},"content":{"rendered":"<p><img loading=\"lazy\" decoding=\"async\" class=\"\" src=\"https:\/\/apnabaazar.pk\/wp-content\/uploads\/2024\/01\/joyroom-brand-logo-apna-baazar.png\" alt=\"Joyroom Archives | Apna Baazar\" width=\"77\" height=\"77\" \/><\/p>\n<h1>JR-L003 JELLY SERIES<\/h1>\n<p><span>\u00bfTe interesa una bater\u00eda externa de viaje que no solo sea compacta, sino tambi\u00e9n muy elegante? La serie Jelly JR-L003 de Joyroom es el dispositivo perfecto para ti. Est\u00e1 disponible en cuatro elegantes colores (blanco, negro, morado o azul) y, adem\u00e1s, est\u00e1 cubierta con una carcasa transparente. Con una potencia de hasta 22,5 W, ofrece una carga ultrarr\u00e1pida: podr\u00e1s cargar tus dispositivos en mucho menos tiempo. La bater\u00eda externa Joyroom JR-L003 es peque\u00f1a y ligera, incluso puedes cogerla con una mano. Una soluci\u00f3n interesante es la correa de mu\u00f1eca integrada, que tambi\u00e9n es un cable de carga r\u00e1pida con conector Lightning. Y con tres puertos de salida, puedes cargar tres dispositivos a la vez.<\/span><\/p>\n<p><strong><span>Las ventajas m\u00e1s importantes del banco de energ\u00eda Joyroom Jelly Series JR-L003 de 10000 mAh con cable Lightning incorporado:<\/span><\/strong><\/p>\n<ul>\n<li>El dispositivo perfecto para cualquier viajero y propietario de un iPhone<span>\u00a0. La pr\u00e1ctica correa para la mu\u00f1eca tambi\u00e9n incluye un cable Lightning, por lo que no necesitar\u00e1s ning\u00fan accesorio adicional para cargar tu tel\u00e9fono inteligente.<\/span><\/li>\n<li>Reduce significativamente el tiempo de carga\u00a0. Seg\u00fan el fabricante, el iPhone 14 Pro se cargar\u00e1 al 60% en solo 30 minutos<\/li>\n<li>\u00bfCargar tres dispositivos a la vez? \u00a1Es posible!\u00a0El cargador port\u00e1til Joyroom tiene tres puertos de salida<\/li>\n<li>Lo adaptar\u00e1s a tu estilo\u00a0. El power bank Joyroom JR-L003 est\u00e1 disponible en cuatro colores<\/li>\n<li>Combina alta calidad con un acabado elegante\u00a0. Es una bater\u00eda externa muy est\u00e9tica.<\/li>\n<li>Cabe en un bolso o mochila<span>\u00a0. Tiene dimensiones compactas y una carcasa resistente.<\/span><\/li>\n<\/ul>\n<p><strong><span>Especificaci\u00f3n:<\/span><\/strong><\/p>\n<ul>\n<li><span><strong>Marca:<\/strong> Joyroom.<\/span><\/li>\n<li><span><strong>Modelo:<\/strong> JR-L003.<\/span><\/li>\n<li><span><strong>Potencia total:<\/strong> hasta 22,5 W.<\/span><\/li>\n<li><span><strong>Capacidad:<\/strong> 10000mAh (37Wh).<\/span><\/li>\n<li><strong>Corriente de entrada:<\/strong>\n<ul>\n<li><span>USB-C: 5 V\/3 A, 9 V\/2 A, 12 V\/1,5 A.<\/span><\/li>\n<\/ul>\n<\/li>\n<li><strong>Corriente de salida:<\/strong>\n<ul>\n<li><span>USB-C: 5 V\/3 A, 9 V\/2,22 A, 12 V\/1,67 A.<\/span><\/li>\n<li><span>USB: 5 V\/3 A, 4,5 V\/5 A, 5 V\/4,5 A, 9 V\/2 A, 12 V\/1,5 A.<\/span><\/li>\n<li><span>Cable Lightning: 5 V\/2,4 A, 9 V\/2,22 A.<\/span><\/li>\n<\/ul>\n<\/li>\n<li><strong>Material: ABS, PC ign\u00edfugo.<\/strong><\/li>\n<li><span><strong>Dimensiones:<\/strong> 90 x 81,3 x 27,5 mm.<\/span><\/li>\n<li><strong>Peso:<\/strong>225g.<\/li>\n<li><span><strong>Color:<\/strong> Negro.<\/span><\/li>\n<\/ul>\n","protected":false},"excerpt":{"rendered":"<p>JR-L003 JELLY SERIES \u00bfTe interesa una bater\u00eda externa de viaje que no solo sea compacta, sino tambi\u00e9n muy elegante? La<\/p>\n","protected":false},"featured_media":58185,"comment_status":"open","ping_status":"closed","template":"","meta":{"nf_dc_page":""},"product_brand":[],"product_cat":[89],"product_tag":[],"class_list":{"0":"post-58184","1":"product","2":"type-product","3":"status-publish","4":"has-post-thumbnail","6":"product_cat-electronicos","8":"first","9":"outofstock","10":"shipping-taxable","11":"purchasable","12":"product-type-simple"},"_links":{"self":[{"href":"https:\/\/brandss.com.py\/index\/wp-json\/wp\/v2\/product\/58184","targetHints":{"allow":["GET"]}}],"collection":[{"href":"https:\/\/brandss.com.py\/index\/wp-json\/wp\/v2\/product"}],"about":[{"href":"https:\/\/brandss.com.py\/index\/wp-json\/wp\/v2\/types\/product"}],"replies":[{"embeddable":true,"href":"https:\/\/brandss.com.py\/index\/wp-json\/wp\/v2\/comments?post=58184"}],"version-history":[{"count":1,"href":"https:\/\/brandss.com.py\/index\/wp-json\/wp\/v2\/product\/58184\/revisions"}],"predecessor-version":[{"id":58198,"href":"https:\/\/brandss.com.py\/index\/wp-json\/wp\/v2\/product\/58184\/revisions\/58198"}],"wp:featuredmedia":[{"embeddable":true,"href":"https:\/\/brandss.com.py\/index\/wp-json\/wp\/v2\/media\/58185"}],"wp:attachment":[{"href":"https:\/\/brandss.com.py\/index\/wp-json\/wp\/v2\/media?parent=58184"}],"wp:term":[{"taxonomy":"product_brand","embeddable":true,"href":"https:\/\/brandss.com.py\/index\/wp-json\/wp\/v2\/product_brand?post=58184"},{"taxonomy":"product_cat","embeddable":true,"href":"https:\/\/brandss.com.py\/index\/wp-json\/wp\/v2\/product_cat?post=58184"},{"taxonomy":"product_tag","embeddable":true,"href":"https:\/\/brandss.com.py\/index\/wp-json\/wp\/v2\/product_tag?post=58184"}],"curies":[{"name":"wp","href":"https:\/\/api.w.org\/{rel}","templated":true}]}}