{"id":58199,"date":"2024-09-20T19:11:03","date_gmt":"2024-09-20T19:11:03","guid":{"rendered":"https:\/\/brandss.com.py\/index\/?post_type=product&#038;p=58199"},"modified":"2026-03-06T13:05:16","modified_gmt":"2026-03-06T13:05:16","slug":"cargador-inalambrico-magnetico-joyroom-jr-w050-magsafe-de10000mah-de-20w-con-soporte-de-anillo","status":"publish","type":"product","link":"https:\/\/brandss.com.py\/index\/producto\/cargador-inalambrico-magnetico-joyroom-jr-w050-magsafe-de10000mah-de-20w-con-soporte-de-anillo\/","title":{"rendered":"CARGADOR INAL\u00c1MBRICO MAGN\u00c9TICO JOYROOM JR-W050 MAGSAFE DE 10000mAh DE 20W CON SOPORTE DE ANILLO"},"content":{"rendered":"<p><img loading=\"lazy\" decoding=\"async\" class=\"\" src=\"https:\/\/apnabaazar.pk\/wp-content\/uploads\/2024\/01\/joyroom-brand-logo-apna-baazar.png\" alt=\"Joyroom Archives | Apna Baazar\" width=\"82\" height=\"82\" \/><\/p>\n<h1>JR-W050 MAGSAFE<\/h1>\n<p><span>El banco de energ\u00eda JR-W050 de Joyroom tiene un soporte de anillo y una bater\u00eda de 20 W y 10 000 mAh. Puede cargar tres dispositivos simult\u00e1neamente y admite carga convencional e inal\u00e1mbrica. Proporciona energ\u00eda para consolas de juegos, relojes, tabletas, tel\u00e9fonos m\u00f3viles y lectores electr\u00f3nicos. Se admiten los protocolos de carga r\u00e1pida PD3.0, QC3.0 y AFC. La carga magn\u00e9tica a 5 W, 7,5 W, 10 W y 15 W es compatible. El tel\u00e9fono se sujeta firmemente y se carga de forma continua gracias a los imanes ultrarresistentes N52H. La informaci\u00f3n del estado de la energ\u00eda en tiempo real se proporciona a trav\u00e9s de los indicadores LED. El art\u00edculo incluye un chip inteligente que se puede programar y varias funciones de seguridad, que incluyen protecci\u00f3n contra sobrecarga, sobredescarga, sobretensi\u00f3n y sobretemperatura.<\/span><\/p>\n<p><strong>CARACTER\u00cdSTICAS:<\/strong><\/p>\n<p><span>1. Powerbank de 20 W con soporte de anillo.<\/span><br \/>\n<span>2. Admite carga por cable e inal\u00e1mbrica y puede cargar 3 dispositivos simult\u00e1neamente.<\/span><br \/>\n<span>3. Proporciona carga para tel\u00e9fonos celulares, tabletas, libros electr\u00f3nicos, relojes de mano, consola de juegos, etc.<\/span><br \/>\n<span>4. Admite protocolos de carga r\u00e1pida PD3.0, QC3.0, AFC.<\/span><br \/>\n<span>5. La conexi\u00f3n inal\u00e1mbrica admite carga Magsafe en tipos de tel\u00e9fonos m\u00f3viles iPhone de la serie 12 y superiores.<\/span><br \/>\n<span>6. Compatible con carga magn\u00e9tica de 5W, 7,5W, 10W, 15W.<\/span><br \/>\n<span>7. Con im\u00e1n ultrafuerte N52H, sujeta el tel\u00e9fono de forma segura y garantiza una carga continua.<\/span><br \/>\n<span>8. El indicador LED te permite saber la energ\u00eda restante en tiempo real.<\/span><br \/>\n<span>9. Este producto tiene un chip inteligente incorporado y varias protecciones de seguridad, como protecci\u00f3n contra sobrecarga, sobredescarga, sobretensi\u00f3n y sobretemperatura, etc.<\/span><\/p>\n<p><strong>ESPECIFICACIONES:<\/strong><\/p>\n<p><span>&#8211; Marca: JOYROOM<\/span><br \/>\n<span>&#8211; Modelo: JR-W050<\/span><br \/>\n<span>&#8211; Material: PC+ABS material ign\u00edfugo<\/span><br \/>\n<span>&#8211; Color: Negro, Azul, Blanco<\/span><br \/>\n<span>&#8211; Accesorios: Cable tipo C a tipo C<\/span><br \/>\n<span>&#8211; Capacidad: 10000mAh 3.85V (38.5Wh)<\/span><br \/>\n<span>&#8211; Conversi\u00f3n de energ\u00eda Tasa: \u226580%<\/span><br \/>\n<span>&#8211; Entrada tipo C: 5 V = 3 A, 9 V = 2 A, 12 V = 1,5 A<\/span><br \/>\n<span>&#8211; Salida tipo C: 5 V = 2,4 A, 9 V = 2,22 A, 12 V = 1,67 A<\/span><br \/>\n<span>&#8211; Salida USB: 5 V = 3 A , 9 V = 2 A, 12 V = 1,5 A<\/span><br \/>\n<span>&#8211; Salida de carga inal\u00e1mbrica: 5 W\/7,5 W\/10 W\/15 W<\/span><br \/>\n<span>&#8211; Salida total: 5 V = 3 A (m\u00e1x.)<\/span><br \/>\n<span>&#8211; Tama\u00f1o: 105 x 60,5 x 23,5 mm<\/span><br \/>\n<span>&#8211; Peso de la unidad: 270 g<\/span><\/p>\n<p><strong>CONTENIDO DEL PAQUETE:<\/strong><\/p>\n<p><span>1 * Manual de usuario<\/span><br \/>\n<span>1 * Cable tipo C a tipo C<\/span><br \/>\n<span>1 * JOYROOM W050 Banco de energ\u00eda inal\u00e1mbrico magn\u00e9tico Magsafe 20 W con soporte para anillo 10000 mAh<\/span><\/p>\n","protected":false},"excerpt":{"rendered":"<p>JR-W050 MAGSAFE El banco de energ\u00eda JR-W050 de Joyroom tiene un soporte de anillo y una bater\u00eda de 20 W<\/p>\n","protected":false},"featured_media":58200,"comment_status":"open","ping_status":"closed","template":"","meta":{"nf_dc_page":""},"product_brand":[],"product_cat":[89],"product_tag":[],"class_list":{"0":"post-58199","1":"product","2":"type-product","3":"status-publish","4":"has-post-thumbnail","6":"product_cat-electronicos","8":"first","9":"outofstock","10":"shipping-taxable","11":"purchasable","12":"product-type-simple"},"_links":{"self":[{"href":"https:\/\/brandss.com.py\/index\/wp-json\/wp\/v2\/product\/58199","targetHints":{"allow":["GET"]}}],"collection":[{"href":"https:\/\/brandss.com.py\/index\/wp-json\/wp\/v2\/product"}],"about":[{"href":"https:\/\/brandss.com.py\/index\/wp-json\/wp\/v2\/types\/product"}],"replies":[{"embeddable":true,"href":"https:\/\/brandss.com.py\/index\/wp-json\/wp\/v2\/comments?post=58199"}],"version-history":[{"count":2,"href":"https:\/\/brandss.com.py\/index\/wp-json\/wp\/v2\/product\/58199\/revisions"}],"predecessor-version":[{"id":58208,"href":"https:\/\/brandss.com.py\/index\/wp-json\/wp\/v2\/product\/58199\/revisions\/58208"}],"wp:featuredmedia":[{"embeddable":true,"href":"https:\/\/brandss.com.py\/index\/wp-json\/wp\/v2\/media\/58200"}],"wp:attachment":[{"href":"https:\/\/brandss.com.py\/index\/wp-json\/wp\/v2\/media?parent=58199"}],"wp:term":[{"taxonomy":"product_brand","embeddable":true,"href":"https:\/\/brandss.com.py\/index\/wp-json\/wp\/v2\/product_brand?post=58199"},{"taxonomy":"product_cat","embeddable":true,"href":"https:\/\/brandss.com.py\/index\/wp-json\/wp\/v2\/product_cat?post=58199"},{"taxonomy":"product_tag","embeddable":true,"href":"https:\/\/brandss.com.py\/index\/wp-json\/wp\/v2\/product_tag?post=58199"}],"curies":[{"name":"wp","href":"https:\/\/api.w.org\/{rel}","templated":true}]}}