{"id":58240,"date":"2024-09-21T14:09:32","date_gmt":"2024-09-21T14:09:32","guid":{"rendered":"https:\/\/brandss.com.py\/index\/?post_type=product&#038;p=58240"},"modified":"2024-09-21T14:12:31","modified_gmt":"2024-09-21T14:12:31","slug":"cargador-inalambrico-joyroom-jr-wqn05-plegable-2-en-1","status":"publish","type":"product","link":"https:\/\/brandss.com.py\/index\/producto\/cargador-inalambrico-joyroom-jr-wqn05-plegable-2-en-1\/","title":{"rendered":"CARGADOR INAL\u00c1MBRICO JOYROOM JR-WQN05 PLEGABLE 2 EN 1"},"content":{"rendered":"<p><img loading=\"lazy\" decoding=\"async\" class=\"\" src=\"https:\/\/apnabaazar.pk\/wp-content\/uploads\/2024\/01\/joyroom-brand-logo-apna-baazar.png\" alt=\"Joyroom Archives | Apna Baazar\" width=\"67\" height=\"67\" \/><\/p>\n<h1>JR-WQN05<\/h1>\n<p><span>Conozca el cargador Joyroom JR-WQN05, que combina las funciones Qi y MagSafe, ofreciendo beneficios inigualables en un dispositivo compacto. Joyroom JR-WQN05 es un cargador plegable 2 en 1, perfecto para cargar tanto tel\u00e9fonos inteligentes como Apple Watch, lo que garantiza una carga r\u00e1pida y confiable en cualquier situaci\u00f3n. El cargador para relojes inteligentes solo es compatible con los relojes inteligentes Apple Watch.<\/span><\/p>\n<p><strong><span>Las ventajas m\u00e1s importantes del cargador Joyroom JR-WQN05:<\/span><\/strong><\/p>\n<ul>\n<li><strong><span>Carga universal:<\/span><\/strong><span>\u00a0con Qi y MagSafe, este cargador admite una amplia gama de dispositivos, lo que garantiza una carga inal\u00e1mbrica seg\u00fan los \u00faltimos est\u00e1ndares.<\/span><\/li>\n<li><strong><span>2 en 1 para mayor comodidad:<\/span><\/strong><span>\u00a0Joyroom JR-WQN05 no es solo un cargador de tel\u00e9fono inteligente, sino tambi\u00e9n una estaci\u00f3n de carga para Apple Watch, que brinda soporte completo para sus accesorios favoritos.<\/span><\/li>\n<li><strong><span>Dise\u00f1o plegable:<\/span><\/strong><span>\u00a0El dise\u00f1o del cargador permite plegarlo, lo que lo hace no solo funcional, sino tambi\u00e9n f\u00e1cil de almacenar y no ocupa mucho espacio en tu equipaje.<\/span><\/li>\n<\/ul>\n<p><strong>Funci\u00f3n Qi y MagSafe<\/strong><\/p>\n<p>El cargador Joyroom JR-WQN05 integra los est\u00e1ndares Qi y MagSafe, lo que te permite cargar sin problemas smartphones y Apple Watch. Ya sea que tengas dispositivos compatibles con Qi, MagSafe o ambos, este cargador cumplir\u00e1 con tus expectativas al suministrar energ\u00eda a tu dispositivo con la m\u00e1xima eficiencia.<\/p>\n<p><strong>Carga 2 en 1<\/strong><\/p>\n<p>Joyroom JR-WQN05 te permite cargar tu tel\u00e9fono inteligente y Apple Watch simult\u00e1neamente, ahorr\u00e1ndote tiempo.<\/p>\n<p><strong>Dise\u00f1o plegable<\/strong><\/p>\n<p>Gracias a su innovador dise\u00f1o plegable, el cargador Joyroom JR-WQN05 es f\u00e1cil de transportar y perfecto para viajar.<\/p>\n<p><strong>Un cargador que vale la pena tener<\/strong><\/p>\n<p>Joyroom JR-WQN05 no es solo un dispositivo: es tu herramienta esencial para mantener la carga completa en tus dispositivos favoritos. Elige un cargador que combina dise\u00f1o innovador, las \u00faltimas tecnolog\u00edas y confiabilidad en uno.<\/p>\n<p><strong><span>Detalles:<\/span><\/strong><\/p>\n<ul>\n<li><strong><span>Marca:<\/span><\/strong><span>\u00a0Joyroom<\/span><\/li>\n<li><strong><span>Modelo:<\/span><\/strong><span>\u00a0JR-WQN05<\/span><\/li>\n<li><span><strong>Color<\/strong>\u00a0negro<\/span><\/li>\n<li><strong><span>Entrada de energ\u00eda:<\/span><\/strong><span>\u00a05 V\/3 A, 9 V\/3 A, 12 V\/2 A<\/span><\/li>\n<li><strong><span>Potencia de salida:<\/span><\/strong>\n<ul>\n<li><span>Tel\u00e9fono: 5 W \/ 7,5 W \/ 10 W \/ 15 W<\/span><\/li>\n<li><span>reloj: 2,5 W<\/span><\/li>\n<\/ul>\n<\/li>\n<li><strong><span>Dimensiones:<\/span><\/strong><span>\u00a069,4 x 70 x 121,6 mm<\/span><\/li>\n<li><strong><span>Material:<\/span><\/strong><span>\u00a0PC ign\u00edfugo + metal.<\/span><\/li>\n<\/ul>\n<p>&nbsp;<\/p>\n","protected":false},"excerpt":{"rendered":"<p>JR-WQN05 Conozca el cargador Joyroom JR-WQN05, que combina las funciones Qi y MagSafe, ofreciendo beneficios inigualables en un dispositivo compacto.<\/p>\n","protected":false},"featured_media":58241,"comment_status":"open","ping_status":"closed","template":"","meta":{"nf_dc_page":""},"product_brand":[],"product_cat":[89],"product_tag":[],"class_list":{"0":"post-58240","1":"product","2":"type-product","3":"status-publish","4":"has-post-thumbnail","6":"product_cat-electronicos","8":"first","9":"instock","10":"shipping-taxable","11":"purchasable","12":"product-type-simple"},"_links":{"self":[{"href":"https:\/\/brandss.com.py\/index\/wp-json\/wp\/v2\/product\/58240","targetHints":{"allow":["GET"]}}],"collection":[{"href":"https:\/\/brandss.com.py\/index\/wp-json\/wp\/v2\/product"}],"about":[{"href":"https:\/\/brandss.com.py\/index\/wp-json\/wp\/v2\/types\/product"}],"replies":[{"embeddable":true,"href":"https:\/\/brandss.com.py\/index\/wp-json\/wp\/v2\/comments?post=58240"}],"version-history":[{"count":1,"href":"https:\/\/brandss.com.py\/index\/wp-json\/wp\/v2\/product\/58240\/revisions"}],"predecessor-version":[{"id":58254,"href":"https:\/\/brandss.com.py\/index\/wp-json\/wp\/v2\/product\/58240\/revisions\/58254"}],"wp:featuredmedia":[{"embeddable":true,"href":"https:\/\/brandss.com.py\/index\/wp-json\/wp\/v2\/media\/58241"}],"wp:attachment":[{"href":"https:\/\/brandss.com.py\/index\/wp-json\/wp\/v2\/media?parent=58240"}],"wp:term":[{"taxonomy":"product_brand","embeddable":true,"href":"https:\/\/brandss.com.py\/index\/wp-json\/wp\/v2\/product_brand?post=58240"},{"taxonomy":"product_cat","embeddable":true,"href":"https:\/\/brandss.com.py\/index\/wp-json\/wp\/v2\/product_cat?post=58240"},{"taxonomy":"product_tag","embeddable":true,"href":"https:\/\/brandss.com.py\/index\/wp-json\/wp\/v2\/product_tag?post=58240"}],"curies":[{"name":"wp","href":"https:\/\/api.w.org\/{rel}","templated":true}]}}